{"id":458,"date":"2022-08-23T18:09:10","date_gmt":"2022-08-23T18:09:10","guid":{"rendered":"https:\/\/clearingourpath.ca\/?page_id=458"},"modified":"2022-08-23T18:09:10","modified_gmt":"2022-08-23T18:09:10","slug":"technique-de-guide","status":"publish","type":"page","link":"https:\/\/clearingourpath.ca\/index.php\/language\/fr\/notions-de-base-sur-la-cecite\/mobilite\/technique-de-guide\/","title":{"rendered":"Technique de guide"},"content":{"rendered":"<p>Pour les personnes touch\u00e9es par la c\u00e9cit\u00e9, il est parfois plus efficace de se d\u00e9placer avec un guide, par exemple dans des lieux bond\u00e9s comme des f\u00eates de bureau, \u00e0 des intersections ou dans des endroits qui leur sont peu familiers. Les personnes touch\u00e9es par la c\u00e9cit\u00e9 r\u00e9cente se d\u00e9placent souvent avec un guide. Certaines choisissent quand m\u00eame d\u2019utiliser d\u2019autres aides \u00e0 la mobilit\u00e9, telles qu\u2019une longue canne, tout en \u00e9tant accompagn\u00e9es d\u2019un guide.<\/p>\n<p>Le guide remplit son r\u00f4le en utilisant une technique sp\u00e9cifique, con\u00e7ue pour \u00eatre respectueuse de la personne vivant avec la c\u00e9cit\u00e9 et de son autonomie.<\/p>\n<p>Selon cette technique, la personne vivant avec la c\u00e9cit\u00e9 saisit doucement le bras du guide par l\u2019arri\u00e8re, juste au-dessus du coude. Elle se place \u00e0 c\u00f4t\u00e9 du guide, \u00e0 environ un demi-pas derri\u00e8re. Elle garde le bras d\u00e9tendu pr\u00e8s du corps, le coude pli\u00e9 \u00e0 environ 90 degr\u00e9s, et le guide tient son bras en position droite et d\u00e9tendue. Le guide et la personne vivant avec la c\u00e9cit\u00e9 marchent alors ais\u00e9ment en tandem.<\/p>\n<p>Pour de plus amples renseignements sur cette technique, veuillez consulter la publication d\u2019<abbr>INCA<\/abbr> : \u00ab\u00a0<a href=\"https:\/\/inca.ca\/sites\/default\/files\/2019-01\/Guide%20%C3%A9tape%20par%20%C3%A9tape.pdf\" target=\"_blank\" rel=\"noopener\" hreflang=\"en\">\u00c9tape par \u00e9tape<\/a>\u00a0\u00bb (PDF) ou les vid\u00e9os \u00ab\u00a0<a href=\"https:\/\/www.youtube.com\/watch?v=ODw196CZ-O4&amp;list=PLpAOW00xNyyY_V3lJ1SL95MKEt3Y85wi-\">\u00c9tape 1 \u2013 Introduction \u00e0 la technique de guide \u2014 INCA<\/a>\u00a0\u00bb et \u00ab\u00a0<a href=\"https:\/\/www.youtube.com\/watch?v=XPdQcCWPaI8&amp;list=PLpAOW00xNyyY_V3lJ1SL95MKEt3Y85wi-&amp;index=2\">\u00c9tape 2 : Rudiments de la technique de guide \u2014 INCA<\/a>\u00a0\u00bb.<\/p>\n","protected":false},"excerpt":{"rendered":"<p>Pour les personnes touch\u00e9es par la c\u00e9cit\u00e9, il est parfois plus efficace de se d\u00e9placer avec un guide, par exemple dans des lieux bond\u00e9s comme des f\u00eates de bureau, \u00e0 des intersections ou dans des endroits qui leur sont peu familiers. Les personnes touch\u00e9es par [&hellip;]<\/p>\n","protected":false},"author":3,"featured_media":0,"parent":416,"menu_order":0,"comment_status":"closed","ping_status":"closed","template":"","meta":{"_monsterinsights_skip_tracking":false,"_monsterinsights_sitenote_active":false,"_monsterinsights_sitenote_note":"","_monsterinsights_sitenote_category":0,"footnotes":""},"class_list":["post-458","page","type-page","status-publish","hentry"],"_links":{"self":[{"href":"https:\/\/clearingourpath.ca\/index.php\/wp-json\/wp\/v2\/pages\/458","targetHints":{"allow":["GET"]}}],"collection":[{"href":"https:\/\/clearingourpath.ca\/index.php\/wp-json\/wp\/v2\/pages"}],"about":[{"href":"https:\/\/clearingourpath.ca\/index.php\/wp-json\/wp\/v2\/types\/page"}],"author":[{"embeddable":true,"href":"https:\/\/clearingourpath.ca\/index.php\/wp-json\/wp\/v2\/users\/3"}],"replies":[{"embeddable":true,"href":"https:\/\/clearingourpath.ca\/index.php\/wp-json\/wp\/v2\/comments?post=458"}],"version-history":[{"count":1,"href":"https:\/\/clearingourpath.ca\/index.php\/wp-json\/wp\/v2\/pages\/458\/revisions"}],"predecessor-version":[{"id":459,"href":"https:\/\/clearingourpath.ca\/index.php\/wp-json\/wp\/v2\/pages\/458\/revisions\/459"}],"up":[{"embeddable":true,"href":"https:\/\/clearingourpath.ca\/index.php\/wp-json\/wp\/v2\/pages\/416"}],"wp:attachment":[{"href":"https:\/\/clearingourpath.ca\/index.php\/wp-json\/wp\/v2\/media?parent=458"}],"curies":[{"name":"wp","href":"https:\/\/api.w.org\/{rel}","templated":true}]}}