{"id":462,"date":"2022-08-23T18:09:53","date_gmt":"2022-08-23T18:09:53","guid":{"rendered":"https:\/\/clearingourpath.ca\/?page_id=462"},"modified":"2023-08-09T11:32:50","modified_gmt":"2023-08-09T14:32:50","slug":"aides-electroniques-au-deplacement","status":"publish","type":"page","link":"https:\/\/clearingourpath.ca\/index.php\/language\/fr\/notions-de-base-sur-la-cecite\/mobilite\/aides-electroniques-au-deplacement\/","title":{"rendered":"Aides \u00e9lectroniques au d\u00e9placement"},"content":{"rendered":"<p>Une aide \u00e9lectronique au d\u00e9placement est un dispositif qui \u00e9met des ondes d\u2019\u00e9nergie et facilite la d\u00e9tection d\u2019objets \u00e0 une certaine distance dans l\u2019environnement. L\u2019aide \u00e9lectronique au d\u00e9placement traite les signaux r\u00e9fl\u00e9chis et transmet l\u2019information \u00e0 l\u2019utilisateur, habituellement sous forme de vibrations, de sons ou de messages vocaux. Le fonctionnement des aides \u00e9lectroniques au d\u00e9placement repose sur des ondes laser ou sonar, ou sur la technologie <abbr>GPS<\/abbr> (syst\u00e8me mondial de localisation).<\/p>\n<p>Certaines sont utilis\u00e9es comme principales aides \u00e0 la mobilit\u00e9, et d\u2019autres comme aides secondaires en plus d\u2019une longue canne ou d\u2019un chien-guide. Les aides \u00e9lectroniques au d\u00e9placement fournissent sur un environnement un degr\u00e9 d\u2019information sensorielle qu\u2019il serait impossible d\u2019obtenir avec seulement une longue canne ou un chien-guide. Par exemple, de nombreux appareils <abbr title=\"syst\u00e8me mondial de localisation\">GPS<\/abbr> portatifs annoncent maintenant le nom des rues et des grands \u00e9difices publics.<\/p>\n<p>Les appareils mobiles, qui ont \u00e9t\u00e9 largement adopt\u00e9s par les personnes vivant avec une perte de vision, offrent un acc\u00e8s accru aux espaces publics. Les applications natives pr\u00e9sentes sur pratiquement tous les appareils mobiles peuvent am\u00e9liorer l&#8217;orientation d&#8217;une personne aveugle \u00e0 condition que l&#8217;application mobile fonctionne avec un grossissement d&#8217;\u00e9cran, une synth\u00e8se vocale ou m\u00eame des afficheurs braille portables.<\/p>\n<p>&nbsp;<\/p>\n<p>Il existe un nombre croissant d&#8217;applications mobiles qui ont \u00e9t\u00e9 con\u00e7ues sp\u00e9cifiquement pour fournir une meilleure orientation aux personnes qui utilisent des appareils mobiles. Bien que ces technologies innovantes et susceptibles de changer la vie am\u00e9liorent absolument la navigation dans les espaces publics pour les personnes aveugles, elles ne remplaceront jamais et ne devraient pas remplacer une bonne formation \u00e0 l&#8217;orientation et \u00e0 la mobilit\u00e9 ou des espaces publics con\u00e7us pour \u00eatre accessibles.<\/p>\n<p>Pour de plus amples renseignements sur cette technique, veuillez consulter la publication d\u2019<abbr>INCA<\/abbr> : \u00ab\u00a0<a href=\"https:\/\/inca.ca\/sites\/default\/files\/2019-01\/Guide%20%C3%A9tape%20par%20%C3%A9tape.pdf\" target=\"_blank\" rel=\"noopener\" hreflang=\"en\">\u00c9tape par \u00e9tape<\/a>\u00a0\u00bb (PDF) ou les vid\u00e9os \u00ab\u00a0<a href=\"https:\/\/www.youtube.com\/watch?v=ODw196CZ-O4&amp;list=PLpAOW00xNyyY_V3lJ1SL95MKEt3Y85wi-\">\u00c9tape 1 \u2013 Introduction \u00e0 la technique de guide \u2014 INCA<\/a>\u00a0\u00bb et \u00ab\u00a0<a href=\"https:\/\/www.youtube.com\/watch?v=XPdQcCWPaI8&amp;list=PLpAOW00xNyyY_V3lJ1SL95MKEt3Y85wi-&amp;index=2\">\u00c9tape 2 : Rudiments de la technique de guide \u2014 INCA<\/a>\u00a0\u00bb.<\/p>\n","protected":false},"excerpt":{"rendered":"<p>Une aide \u00e9lectronique au d\u00e9placement est un dispositif qui \u00e9met des ondes d\u2019\u00e9nergie et facilite la d\u00e9tection d\u2019objets \u00e0 une certaine distance dans l\u2019environnement. L\u2019aide \u00e9lectronique au d\u00e9placement traite les signaux r\u00e9fl\u00e9chis et transmet l\u2019information \u00e0 l\u2019utilisateur, habituellement sous forme de vibrations, de sons ou [&hellip;]<\/p>\n","protected":false},"author":3,"featured_media":0,"parent":416,"menu_order":0,"comment_status":"closed","ping_status":"closed","template":"","meta":{"_monsterinsights_skip_tracking":false,"_monsterinsights_sitenote_active":false,"_monsterinsights_sitenote_note":"","_monsterinsights_sitenote_category":0,"footnotes":""},"class_list":["post-462","page","type-page","status-publish","hentry"],"_links":{"self":[{"href":"https:\/\/clearingourpath.ca\/index.php\/wp-json\/wp\/v2\/pages\/462","targetHints":{"allow":["GET"]}}],"collection":[{"href":"https:\/\/clearingourpath.ca\/index.php\/wp-json\/wp\/v2\/pages"}],"about":[{"href":"https:\/\/clearingourpath.ca\/index.php\/wp-json\/wp\/v2\/types\/page"}],"author":[{"embeddable":true,"href":"https:\/\/clearingourpath.ca\/index.php\/wp-json\/wp\/v2\/users\/3"}],"replies":[{"embeddable":true,"href":"https:\/\/clearingourpath.ca\/index.php\/wp-json\/wp\/v2\/comments?post=462"}],"version-history":[{"count":3,"href":"https:\/\/clearingourpath.ca\/index.php\/wp-json\/wp\/v2\/pages\/462\/revisions"}],"predecessor-version":[{"id":1519,"href":"https:\/\/clearingourpath.ca\/index.php\/wp-json\/wp\/v2\/pages\/462\/revisions\/1519"}],"up":[{"embeddable":true,"href":"https:\/\/clearingourpath.ca\/index.php\/wp-json\/wp\/v2\/pages\/416"}],"wp:attachment":[{"href":"https:\/\/clearingourpath.ca\/index.php\/wp-json\/wp\/v2\/media?parent=462"}],"curies":[{"name":"wp","href":"https:\/\/api.w.org\/{rel}","templated":true}]}}