{"id":495,"date":"2022-09-01T14:27:19","date_gmt":"2022-09-01T14:27:19","guid":{"rendered":"https:\/\/clearingourpath.ca\/?page_id=495"},"modified":"2022-10-18T13:11:00","modified_gmt":"2022-10-18T13:11:00","slug":"signalisation","status":"publish","type":"page","link":"https:\/\/clearingourpath.ca\/index.php\/language\/fr\/exigences-generales-de-design\/elements-de-design-communs\/signalisation\/","title":{"rendered":"Signalisation"},"content":{"rendered":"<p>Les panneaux indicateurs fournissent de l\u2019information essentielle \u00e0 tous. Pour r\u00e9pondre aux besoins du grand public, y compris des personnes touch\u00e9es par la c\u00e9cit\u00e9, les concepteurs doivent respecter les lignes directrices de base suivantes\u00a0:<\/p>\n<ul>\n<li>Garder courte et simple l\u2019information affich\u00e9e. Les panneaux indicateurs qui sont faciles \u00e0 comprendre inspirent confiance.<\/li>\n<li>\u00c9tablir avec coh\u00e9rence l\u2019emplacement des panneaux indicateurs. Par exemple, installer des panneaux indicateurs aux points de prise de d\u00e9cision le long des voies de d\u00e9placement, notamment aux entr\u00e9es et aux sorties, et \u00e0 la m\u00eame hauteur dans l\u2019ensemble d\u2019un \u00e9difice.<\/li>\n<li>Choisir une hauteur de montage convenant aux principaux occupants d\u2019un \u00e9difice. Des panneaux indicateurs plus pr\u00e8s du sol sont de mise dans des installations destin\u00e9es principalement \u00e0 des enfants.<\/li>\n<li>Dans les endroits o\u00f9 les panneaux indicateurs sont pr\u00e8s du sol, s\u2019assurer que les panneaux indicateurs li\u00e9s \u00e0 la s\u00e9curit\u00e9 sont install\u00e9s \u00e0 des hauteurs de montage basse et normale.<\/li>\n<li>Utiliser les styles de caract\u00e8res, les couleurs et les graphiques de fa\u00e7on logique et coh\u00e9rente.<\/li>\n<\/ul>\n<p><strong>Dans cette section:<\/strong><\/p>\n<ul>\n<li><a href=\"https:\/\/clearingourpath.ca\/index.php\/fr\/exigences-generales-de-design\/elements-de-design-communs\/signalisation\/795-2\/\">Taille des lettres, police et distance<\/a><\/li>\n<li><a href=\"https:\/\/clearingourpath.ca\/index.php\/fr\/exigences-generales-de-design\/elements-de-design-communs\/signalisation\/emplacement-des-panneaux-indicateurs\/\">Emplacement des panneaux indicateurs<\/a><\/li>\n<li><a href=\"https:\/\/clearingourpath.ca\/index.php\/fr\/exigences-generales-de-design\/elements-de-design-communs\/signalisation\/eclairage-des-panneaux-indicateurs\/\">\u00c9clairage des panneaux indicateurs<\/a><\/li>\n<li><a href=\"https:\/\/clearingourpath.ca\/index.php\/fr\/exigences-generales-de-design\/elements-de-design-communs\/signalisation\/contraste-de-couleur-sur-les-panneaux-indicateurs\/\">Contraste de couleur sur les panneaux indicateurs<\/a><\/li>\n<li><a href=\"https:\/\/clearingourpath.ca\/index.php\/fr\/exigences-generales-de-design\/elements-de-design-communs\/signalisation\/panneaux-tactiles-impression-en-relief-et-braille\/\">Panneaux tactiles (impression en relief et braille)<\/a><\/li>\n<li><a href=\"https:\/\/clearingourpath.ca\/index.php\/fr\/exigences-generales-de-design\/elements-de-design-communs\/signalisation\/symboles-et-pictogrammes\/\">Symboles et pictogrammes<\/a><\/li>\n<li><a href=\"https:\/\/clearingourpath.ca\/index.php\/fr\/exigences-generales-de-design\/elements-de-design-communs\/signalisation\/dispositifs-de-signalisation-sonore\/\">Dispositifs de signalisation sonore<\/a><\/li>\n<li><a href=\"https:\/\/clearingourpath.ca\/index.php\/fr\/exigences-generales-de-design\/elements-de-design-communs\/signalisation\/panneaux-electroniques\/\">Panneaux \u00e9lectroniques<\/a><\/li>\n<\/ul>\n","protected":false},"excerpt":{"rendered":"<p>Les panneaux indicateurs fournissent de l\u2019information essentielle \u00e0 tous. Pour r\u00e9pondre aux besoins du grand public, y compris des personnes touch\u00e9es par la c\u00e9cit\u00e9, les concepteurs doivent respecter les lignes directrices de base suivantes\u00a0: Garder courte et simple l\u2019information affich\u00e9e. Les panneaux indicateurs qui sont [&hellip;]<\/p>\n","protected":false},"author":3,"featured_media":0,"parent":432,"menu_order":6,"comment_status":"closed","ping_status":"closed","template":"","meta":{"_monsterinsights_skip_tracking":false,"_monsterinsights_sitenote_active":false,"_monsterinsights_sitenote_note":"","_monsterinsights_sitenote_category":0,"footnotes":""},"class_list":["post-495","page","type-page","status-publish","hentry"],"_links":{"self":[{"href":"https:\/\/clearingourpath.ca\/index.php\/wp-json\/wp\/v2\/pages\/495","targetHints":{"allow":["GET"]}}],"collection":[{"href":"https:\/\/clearingourpath.ca\/index.php\/wp-json\/wp\/v2\/pages"}],"about":[{"href":"https:\/\/clearingourpath.ca\/index.php\/wp-json\/wp\/v2\/types\/page"}],"author":[{"embeddable":true,"href":"https:\/\/clearingourpath.ca\/index.php\/wp-json\/wp\/v2\/users\/3"}],"replies":[{"embeddable":true,"href":"https:\/\/clearingourpath.ca\/index.php\/wp-json\/wp\/v2\/comments?post=495"}],"version-history":[{"count":2,"href":"https:\/\/clearingourpath.ca\/index.php\/wp-json\/wp\/v2\/pages\/495\/revisions"}],"predecessor-version":[{"id":830,"href":"https:\/\/clearingourpath.ca\/index.php\/wp-json\/wp\/v2\/pages\/495\/revisions\/830"}],"up":[{"embeddable":true,"href":"https:\/\/clearingourpath.ca\/index.php\/wp-json\/wp\/v2\/pages\/432"}],"wp:attachment":[{"href":"https:\/\/clearingourpath.ca\/index.php\/wp-json\/wp\/v2\/media?parent=495"}],"curies":[{"name":"wp","href":"https:\/\/api.w.org\/{rel}","templated":true}]}}