{"id":500,"date":"2022-09-01T14:28:58","date_gmt":"2022-09-01T14:28:58","guid":{"rendered":"https:\/\/clearingourpath.ca\/?page_id=500"},"modified":"2022-09-01T14:28:58","modified_gmt":"2022-09-01T14:28:58","slug":"materiel-imprime","status":"publish","type":"page","link":"https:\/\/clearingourpath.ca\/index.php\/language\/fr\/notions-de-base-sur-la-cecite\/lecture-et-ecriture\/materiel-imprime\/","title":{"rendered":"Mat\u00e9riel imprim\u00e9"},"content":{"rendered":"<p>Une personne qui vit avec la c\u00e9cit\u00e9 tout en poss\u00e9dant assez de vision utilisable pour lire les imprim\u00e9s peut employer une aide comme une loupe ou des verres grossissants. Les gros caract\u00e8res (texte de 16\u00a0points et plus) sont le plus souvent la m\u00e9thode privil\u00e9gi\u00e9e, bien qu\u2019une loupe demeure parfois n\u00e9cessaire. Il n\u2019y a pas de taille de police standard pour les gros caract\u00e8res, car les pr\u00e9f\u00e9rences diff\u00e8rent selon les lecteurs. Ce qui convient parfaitement \u00e0 l\u2019un pourrait \u00eatre trop gros ou trop petit pour un autre.<\/p>\n<p>Pour des recommandations sur la production d\u2019imprim\u00e9s faciles \u00e0 lire, consultez le document d\u2019 intitul\u00e9 d&#8217;<abbr>INCA<\/abbr> <a href=\"https:\/\/cnib.ca\/sites\/default\/files\/2018-08\/Pour-une-meilleure-lisibilite.pdf\" target=\"_blank\" rel=\"noopener\" hreflang=\"en\">Pour une meilleure lisibilit\u00e9\u00a0: lignes directrices sur l\u2019accessibilit\u00e9<\/a> [en anglais seulement]. Les principes \u00e9nonc\u00e9s seront utiles pour la majorit\u00e9 des utilisateurs de tous les imprim\u00e9s destin\u00e9s au grand public, tels que cartes d\u2019information, brochures et menus de restaurants.<\/p>\n<p>Une personne vivant avec la c\u00e9cit\u00e9 importante qui a lu des imprim\u00e9s par le pass\u00e9 peut rester capable de lire en touchant des lettres imprim\u00e9es en relief. Cette m\u00e9thode est utilis\u00e9e principalement pour la signalisation. Il existe des lignes directrices d\u2019accessibilit\u00e9 pour la signalisation, qui sont expos\u00e9es en d\u00e9tail \u00e0 la section <a href=\"https:\/\/clearingourpath.ca\/index.php\/fr\/exigences-generales-de-design\/elements-de-design-communs\/signalisation\/\">Signalisation<\/a>.<\/p>\n","protected":false},"excerpt":{"rendered":"<p>Une personne qui vit avec la c\u00e9cit\u00e9 tout en poss\u00e9dant assez de vision utilisable pour lire les imprim\u00e9s peut employer une aide comme une loupe ou des verres grossissants. Les gros caract\u00e8res (texte de 16\u00a0points et plus) sont le plus souvent la m\u00e9thode privil\u00e9gi\u00e9e, bien [&hellip;]<\/p>\n","protected":false},"author":3,"featured_media":0,"parent":470,"menu_order":0,"comment_status":"closed","ping_status":"closed","template":"","meta":{"_monsterinsights_skip_tracking":false,"_monsterinsights_sitenote_active":false,"_monsterinsights_sitenote_note":"","_monsterinsights_sitenote_category":0,"footnotes":""},"class_list":["post-500","page","type-page","status-publish","hentry"],"_links":{"self":[{"href":"https:\/\/clearingourpath.ca\/index.php\/wp-json\/wp\/v2\/pages\/500","targetHints":{"allow":["GET"]}}],"collection":[{"href":"https:\/\/clearingourpath.ca\/index.php\/wp-json\/wp\/v2\/pages"}],"about":[{"href":"https:\/\/clearingourpath.ca\/index.php\/wp-json\/wp\/v2\/types\/page"}],"author":[{"embeddable":true,"href":"https:\/\/clearingourpath.ca\/index.php\/wp-json\/wp\/v2\/users\/3"}],"replies":[{"embeddable":true,"href":"https:\/\/clearingourpath.ca\/index.php\/wp-json\/wp\/v2\/comments?post=500"}],"version-history":[{"count":1,"href":"https:\/\/clearingourpath.ca\/index.php\/wp-json\/wp\/v2\/pages\/500\/revisions"}],"predecessor-version":[{"id":501,"href":"https:\/\/clearingourpath.ca\/index.php\/wp-json\/wp\/v2\/pages\/500\/revisions\/501"}],"up":[{"embeddable":true,"href":"https:\/\/clearingourpath.ca\/index.php\/wp-json\/wp\/v2\/pages\/470"}],"wp:attachment":[{"href":"https:\/\/clearingourpath.ca\/index.php\/wp-json\/wp\/v2\/media?parent=500"}],"curies":[{"name":"wp","href":"https:\/\/api.w.org\/{rel}","templated":true}]}}