{"id":506,"date":"2022-09-01T14:31:58","date_gmt":"2022-09-01T14:31:58","guid":{"rendered":"https:\/\/clearingourpath.ca\/?page_id=506"},"modified":"2022-11-24T11:58:36","modified_gmt":"2022-11-24T15:58:36","slug":"panneaux-tactiles-impression-en-relief-et-braille","status":"publish","type":"page","link":"https:\/\/clearingourpath.ca\/index.php\/language\/fr\/exigences-generales-de-design\/elements-de-design-communs\/signalisation\/panneaux-tactiles-impression-en-relief-et-braille\/","title":{"rendered":"Panneaux tactiles (impression en relief et braille)"},"content":{"rendered":"<p>Un panneau tactile d\u00e9signe tout panneau lisible par le toucher. Le braille, l\u2019impression en relief de m\u00eame que les symboles ou pictogrammes en relief sont des exemples d\u2019\u00e9l\u00e9ments tactiles utilis\u00e9s sur des panneaux indicateurs. Les portes et ouvertures menant \u00e0 des espaces publics doivent \u00eatre d\u00e9sign\u00e9es par des panneaux tactiles.<br \/>\n<figure id=\"attachment_306\" aria-describedby=\"caption-attachment-306\" style=\"width: 431px\" class=\"wp-caption alignright\"><img loading=\"lazy\" decoding=\"async\" class=\"wp-image-306 size-full\" src=\"https:\/\/clearingourpath.ca\/wp-content\/uploads\/2022\/08\/fig3-7-5-1.jpg\" alt=\"Bon exemple de panneau indicateur install\u00e9 pr\u00e8s d\u2019une entr\u00e9e de porte. Le panneau fournit les m\u00eames renseignements en imprim\u00e9 (majuscules et minuscules \u00e0 bon contraste par rapport au fond), en braille et en imprim\u00e9 en relief.\" width=\"431\" height=\"509\" srcset=\"https:\/\/clearingourpath.ca\/wp-content\/uploads\/2022\/08\/fig3-7-5-1.jpg 431w, https:\/\/clearingourpath.ca\/wp-content\/uploads\/2022\/08\/fig3-7-5-1-254x300.jpg 254w\" sizes=\"auto, (max-width: 431px) 100vw, 431px\" \/><figcaption id=\"caption-attachment-306\" class=\"wp-caption-text\">Bon exemple de panneau indicateur install\u00e9 pr\u00e8s d\u2019une entr\u00e9e de porte. Le panneau fournit les m\u00eames renseignements en imprim\u00e9 (majuscules et minuscules \u00e0 bon contraste par rapport au fond), en braille et en imprim\u00e9 en relief.<\/figcaption><\/figure><br \/>\nL\u2019emplacement le plus efficace pour un panneau tactile est le mur sur le c\u00f4t\u00e9 loquet d\u2019une porte ou d\u2019une ouverture. Le panneau doit toujours \u00eatre install\u00e9 de fa\u00e7on \u00e0 ce que sa ligne centrale soit \u00e0 1500\u00a0mm au-dessus du plancher et son bord le plus proche, \u00e0 une distance de 140 \u00e0 160\u00a0mm du montant de porte. Des hauteurs de montage plus basses conviennent dans des installations destin\u00e9es principalement \u00e0 des enfants. S\u2019il n\u2019y a pas d\u2019espace suffisant sur le mur adjacent au loquet de porte, le panneau peut \u00eatre mont\u00e9 sur le mur adjacent le plus proche. La surface de mur libre autour du panneau doit \u00eatre de 75\u00a0mm. Pour les portes \u00e0 deux battants de toutes sortes, des panneaux indicateurs sont requis de chaque c\u00f4t\u00e9.<\/p>\n<h2>Panneaux \u00e0 impression en relief<\/h2>\n<p>Les panneaux \u00e0 impression en relief sont utiles pour les personnes qui ne voient pas du tout ou qui ont une vision r\u00e9siduelle suffisante pour rep\u00e9rer un panneau, mais pas pour le lire.<\/p>\n<p>Des personnes touch\u00e9es par la c\u00e9cit\u00e9, plus particuli\u00e8rement celles qui sont aveugles ou quasi-aveugles de naissance, peuvent ne pas conna\u00eetre les caract\u00e8res imprim\u00e9s et ne pas pouvoir lire l\u2019imprim\u00e9 en relief. C\u2019est pourquoi le contenu imprim\u00e9 en relief doit, sur tous les panneaux, \u00eatre aussi affich\u00e9 en braille int\u00e9gral.<\/p>\n<p>Les panneaux \u00e0 impression en relief doivent \u00eatre install\u00e9s de mani\u00e8re \u00e0 ce que leurs lignes centrales soient \u00e0 1500\u00a0mm au-dessus du niveau du sol, dans un endroit o\u00f9 ils peuvent \u00eatre touch\u00e9s sans causer d\u2019obstruction.<\/p>\n<p>Les caract\u00e8res imprim\u00e9s en relief doivent \u00eatre sur\u00e9lev\u00e9s de 0,8 \u00e0 1,5\u00a0mm par rapport \u00e0 la surface du panneau. Leurs bords doivent \u00eatre arrondis. Les caract\u00e8res demi-ronds ou stylis\u00e9s sont \u00e0 \u00e9viter.<\/p>\n<p>Une police sans empattement est requise pour les caract\u00e8res, qui doivent avoir de 16 \u00e0 50\u00a0mm de haut. Les pictogrammes et les symboles doivent \u00eatre plus gros. Pour de plus amples renseignements, consultez la section <a href=\"https:\/\/clearingourpath.ca\/index.php\/fr\/exigences-generales-de-design\/elements-de-design-communs\/signalisation\/symboles-et-pictogrammes\/\">Symboles et pictogrammes<\/a>.<\/p>\n<p>Pour les panneaux lus par le toucher seulement, tous les caract\u00e8res tactiles doivent \u00eatre en majuscules. Au toucher, le haut de casse est plus facile \u00e0 lire qu\u2019une combinaison de majuscules et de minuscules.<\/p>\n<p>Pour les panneaux \u00e0 impression en relief destin\u00e9s \u00e0 une lecture tactile et visuelle, consultez la section <a href=\"https:\/\/clearingourpath.ca\/index.php\/fr\/exigences-generales-de-design\/elements-de-design-communs\/signalisation\/795-2\/\">Taille des lettres, police et distance<\/a>.<\/p>\n<p>Id\u00e9alement, les panneaux \u00e0 impression en relief sont d\u2019une couleur qui contraste avec la surface qui les entoure. Ils ne devraient avoir aucun cadre sur\u00e9lev\u00e9, sauf si celui-ci est \u00e0 au moins 75\u00a0mm des caract\u00e8res en relief.<\/p>\n<h2>Panneaux en braille<\/h2>\n<p>La signalisation braille est essentielle \u00e0 l\u2019accessibilit\u00e9 de l\u2019information pour les personnes qui utilisent exclusivement le braille.<\/p>\n<p>L\u2019uniformit\u00e9 est de rigueur pour les panneaux en braille qui servent \u00e0 d\u00e9signer des \u00e9l\u00e9ments cl\u00e9s de l\u2019environnement b\u00e2ti. Le braille doit \u00eatre en version int\u00e9grale pour un contenu de 10\u00a0mots ou moins, et en version abr\u00e9g\u00e9e pour un contenu de plus de 10\u00a0mots.<\/p>\n<p>Les caract\u00e8res imprim\u00e9s en relief doivent \u00e9galement \u00eatre affich\u00e9s en braille int\u00e9gral. Les points braille doivent \u00eatre bomb\u00e9s (en forme de d\u00f4me) ou arrondis afin d\u2019\u00eatre faciles \u00e0 reconna\u00eetre.<\/p>\n<p>Voici les sp\u00e9cifications recommand\u00e9es pour la signalisation braille\u00a0:<\/p>\n<ul>\n<li>diam\u00e8tre de la base des points braille\u00a0: 1,5\u00a0mm;<\/li>\n<li>hauteur des points braille\u00a0: de 0,6 \u00e0 0,8\u00a0mm;<\/li>\n<li>distance entre toute paire de points d\u2019une m\u00eame cellule (centre \u00e0 centre)\u00a0: de 2,3 \u00e0 2,5\u00a0mm;<\/li>\n<li>distance entre des points correspondants de deux cellules horizontales adjacentes (centre \u00e0 centre)\u00a0: de 6,1 \u00e0 7,6\u00a0mm;<\/li>\n<li>distance entre des points correspondants de deux cellules verticales adjacentes (centre \u00e0 centre)\u00a0: de 10 \u00e0 10,1\u00a0mm.<\/li>\n<\/ul>\n<p>Le texte en braille doit \u00eatre juste en dessous ou \u00e0 c\u00f4t\u00e9 du texte imprim\u00e9 correspondant, et en \u00eatre espac\u00e9 d\u2019au moins 10\u00a0mm. S\u2019il y a plusieurs lignes, le texte en braille doit \u00eatre plac\u00e9 sous l\u2019ensemble du texte imprim\u00e9.<\/p>\n<p>Mesur\u00e9 depuis sa ligne de base, le texte en braille doit se trouver \u00e0 une distance minimale de 1015\u00a0mm et maximale de 1525\u00a0mm au-dessus du niveau du plancher de telle sorte qu\u2019un lecteur n\u2019ait jamais \u00e0 se pencher pour y toucher. Le braille sur les panneaux de commande d\u2019ascenseurs est toutefois une exception, puisque la taille de ces panneaux varie selon le nombre d\u2019\u00e9tages.<\/p>\n<p>Les panneaux en braille se lisent moins bien s\u2019ils sont mont\u00e9s \u00e0 la verticale. Leur position id\u00e9ale est de 5 \u00e0 10\u00a0degr\u00e9s par rapport \u00e0 l\u2019horizontale.<\/p>\n<p>Le braille doit \u00eatre employ\u00e9 conform\u00e9ment au code braille fran\u00e7ais uniformis\u00e9. Pour de plus amples renseignements sur le braille, consultez la Section <a href=\"https:\/\/clearingourpath.ca\/index.php\/fr\/notions-de-base-sur-la-cecite\/lecture-et-ecriture\/\">Lecture et \u00e9criture<\/a>.<\/p>\n<p>L\u2019utilisation d\u2019une lettre majuscule dans la signalisation braille doit se limiter aux cas suivants\u00a0:<\/p>\n<ul>\n<li>premier mot des phrases;<\/li>\n<li>pr\u00e9noms, noms de famille et noms propres;<\/li>\n<li>lettres de l\u2019alphabet mentionn\u00e9es seules;<\/li>\n<li>initiales ou acronymes.<\/li>\n<\/ul>\n<p>Le braille ne doit pas \u00eatre utilis\u00e9 sur des mains courantes ou garde-corps, car une personne qui le lirait deviendrait alors une obstruction temporaire et une menace possible pour sa propre s\u00e9curit\u00e9 et celle des autres.<\/p>\n<p>Le document <a href=\"https:\/\/www.canada.ca\/fr\/secretariat-conseil-tresor\/services\/communications-gouvernementales\/programme-federal-image-marque\/manuel.html#toc43b\">Signalisation tactile\u00a0: Syst\u00e8me de signalisation et guide d\u2019installation<\/a>, produit par le gouvernement du Canada, constitue une bonne ressource pour le design et l\u2019installation de panneaux en braille.<\/p>\n","protected":false},"excerpt":{"rendered":"<p>Un panneau tactile d\u00e9signe tout panneau lisible par le toucher. Le braille, l\u2019impression en relief de m\u00eame que les symboles ou pictogrammes en relief sont des exemples d\u2019\u00e9l\u00e9ments tactiles utilis\u00e9s sur des panneaux indicateurs. Les portes et ouvertures menant \u00e0 des espaces publics doivent \u00eatre [&hellip;]<\/p>\n","protected":false},"author":3,"featured_media":0,"parent":495,"menu_order":4,"comment_status":"closed","ping_status":"closed","template":"","meta":{"_monsterinsights_skip_tracking":false,"_monsterinsights_sitenote_active":false,"_monsterinsights_sitenote_note":"","_monsterinsights_sitenote_category":0,"footnotes":""},"class_list":["post-506","page","type-page","status-publish","hentry"],"_links":{"self":[{"href":"https:\/\/clearingourpath.ca\/index.php\/wp-json\/wp\/v2\/pages\/506","targetHints":{"allow":["GET"]}}],"collection":[{"href":"https:\/\/clearingourpath.ca\/index.php\/wp-json\/wp\/v2\/pages"}],"about":[{"href":"https:\/\/clearingourpath.ca\/index.php\/wp-json\/wp\/v2\/types\/page"}],"author":[{"embeddable":true,"href":"https:\/\/clearingourpath.ca\/index.php\/wp-json\/wp\/v2\/users\/3"}],"replies":[{"embeddable":true,"href":"https:\/\/clearingourpath.ca\/index.php\/wp-json\/wp\/v2\/comments?post=506"}],"version-history":[{"count":3,"href":"https:\/\/clearingourpath.ca\/index.php\/wp-json\/wp\/v2\/pages\/506\/revisions"}],"predecessor-version":[{"id":1372,"href":"https:\/\/clearingourpath.ca\/index.php\/wp-json\/wp\/v2\/pages\/506\/revisions\/1372"}],"up":[{"embeddable":true,"href":"https:\/\/clearingourpath.ca\/index.php\/wp-json\/wp\/v2\/pages\/495"}],"wp:attachment":[{"href":"https:\/\/clearingourpath.ca\/index.php\/wp-json\/wp\/v2\/media?parent=506"}],"curies":[{"name":"wp","href":"https:\/\/api.w.org\/{rel}","templated":true}]}}