{"id":509,"date":"2022-09-01T14:32:32","date_gmt":"2022-09-01T14:32:32","guid":{"rendered":"https:\/\/clearingourpath.ca\/?page_id=509"},"modified":"2023-08-09T12:06:32","modified_gmt":"2023-08-09T15:06:32","slug":"braille","status":"publish","type":"page","link":"https:\/\/clearingourpath.ca\/index.php\/language\/fr\/notions-de-base-sur-la-cecite\/lecture-et-ecriture\/braille\/","title":{"rendered":"Braille"},"content":{"rendered":"<p>Le braille, invent\u00e9 en 1824 par Louis Braille, est un syst\u00e8me de petits points sur\u00e9lev\u00e9s qui se lisent avec le bout des doigts. Le braille permet de tout repr\u00e9senter, qu\u2019il s\u2019agisse de mots, de symboles math\u00e9matiques ou de musique.<\/p>\n<p>Bien que le braille soit la principale m\u00e9thode de lecture pour seulement 10\u00a0% des personnes touch\u00e9es par la c\u00e9cit\u00e9, son usage est beaucoup plus r\u00e9pandu pour des t\u00e2ches comme l\u2019\u00e9tiquetage des armoires et des bo\u00eetes de conserve ou d\u2019autres produits alimentaires \u00e0 la maison et la lecture des panneaux indicateurs, des boutons d\u2019ascenseur ou d\u2019autres caract\u00e9ristiques cl\u00e9s de l\u2019environnement b\u00e2ti.<\/p>\n<p>Pour les personnes qui en ont fait leur principale m\u00e9thode de lecture, le braille est extr\u00eamement important. Il favorise la litt\u00e9ratie, permet de lire de fa\u00e7on autonome et en priv\u00e9 malgr\u00e9 la c\u00e9cit\u00e9 totale ou partielle et constitue une m\u00e9thode d\u2019\u00e9criture. Contrairement aux imprim\u00e9s, dont la lecture compl\u00e8te est souvent fatigante pour les personnes touch\u00e9es par la c\u00e9cit\u00e9, il peut aussi \u00eatre un moyen rapide et efficace de lire. Les personnes aveugles de naissance qui ne connaissent pas les caract\u00e8res imprim\u00e9s sont les plus susceptibles de choisir le braille pour lire.<\/p>\n<p>Le braille n\u2019est pas la solution pour tous. Par exemple, une personne dont les doigts sont devenus moins sensibles \u00e0 cause du diab\u00e8te peut \u00eatre incapable d\u2019utiliser le braille.<\/p>\n<p>Il existe deux grands types de braille : int\u00e9gral et abr\u00e9g\u00e9. Exactement comme les abr\u00e9viations pour les personnes qui voient, une version abr\u00e9g\u00e9e de braille prend moins d\u2019espace et acc\u00e9l\u00e8re la lecture et l\u2019\u00e9criture. Point \u00e0 noter, le braille abr\u00e9g\u00e9 n\u2019est pas connu de tous les lecteurs de braille et n\u2019est donc pas toujours appropri\u00e9 dans l\u2019environnement b\u00e2ti. Pour savoir quand et comment utiliser le braille dans la signalisation, consultez les nombreuses recommandations formul\u00e9es dans la section <a href=\"https:\/\/clearingourpath.ca\/index.php\/fr\/exigences-generales-de-design\/elements-de-design-communs\/signalisation\/panneaux-tactiles-impression-en-relief-et-braille\/\">Panneaux tactiles<\/a>.<\/p>\n<p>Au Canada, les normes de production des codes braille fran\u00e7ais et anglais sont \u00e9tablies par <a href=\"http:\/\/www.brailleliteracycanada.ca\/fr\/accueil\" target=\"_blank\" rel=\"noopener\">Litt\u00e9ratie Braille Canada<\/a>.<\/p>\n<p>Lorsque de la signalisation en braille est produite pour l\u2019environnement b\u00e2ti, il faut s\u2019assurer que le fournisseur suit des lignes directrices reconnues comme celles de Litt\u00e9ratie Braille Canada.<\/p>\n","protected":false},"excerpt":{"rendered":"<p>Le braille, invent\u00e9 en 1824 par Louis Braille, est un syst\u00e8me de petits points sur\u00e9lev\u00e9s qui se lisent avec le bout des doigts. Le braille permet de tout repr\u00e9senter, qu\u2019il s\u2019agisse de mots, de symboles math\u00e9matiques ou de musique. Bien que le braille soit la [&hellip;]<\/p>\n","protected":false},"author":3,"featured_media":0,"parent":470,"menu_order":1,"comment_status":"closed","ping_status":"closed","template":"","meta":{"_monsterinsights_skip_tracking":false,"_monsterinsights_sitenote_active":false,"_monsterinsights_sitenote_note":"","_monsterinsights_sitenote_category":0,"footnotes":""},"class_list":["post-509","page","type-page","status-publish","hentry"],"_links":{"self":[{"href":"https:\/\/clearingourpath.ca\/index.php\/wp-json\/wp\/v2\/pages\/509","targetHints":{"allow":["GET"]}}],"collection":[{"href":"https:\/\/clearingourpath.ca\/index.php\/wp-json\/wp\/v2\/pages"}],"about":[{"href":"https:\/\/clearingourpath.ca\/index.php\/wp-json\/wp\/v2\/types\/page"}],"author":[{"embeddable":true,"href":"https:\/\/clearingourpath.ca\/index.php\/wp-json\/wp\/v2\/users\/3"}],"replies":[{"embeddable":true,"href":"https:\/\/clearingourpath.ca\/index.php\/wp-json\/wp\/v2\/comments?post=509"}],"version-history":[{"count":1,"href":"https:\/\/clearingourpath.ca\/index.php\/wp-json\/wp\/v2\/pages\/509\/revisions"}],"predecessor-version":[{"id":510,"href":"https:\/\/clearingourpath.ca\/index.php\/wp-json\/wp\/v2\/pages\/509\/revisions\/510"}],"up":[{"embeddable":true,"href":"https:\/\/clearingourpath.ca\/index.php\/wp-json\/wp\/v2\/pages\/470"}],"wp:attachment":[{"href":"https:\/\/clearingourpath.ca\/index.php\/wp-json\/wp\/v2\/media?parent=509"}],"curies":[{"name":"wp","href":"https:\/\/api.w.org\/{rel}","templated":true}]}}