{"id":519,"date":"2022-09-01T14:34:47","date_gmt":"2022-09-01T14:34:47","guid":{"rendered":"https:\/\/clearingourpath.ca\/?page_id=519"},"modified":"2022-10-18T14:14:06","modified_gmt":"2022-10-18T14:14:06","slug":"systemes-dinformation-et-de-communication","status":"publish","type":"page","link":"https:\/\/clearingourpath.ca\/index.php\/language\/fr\/exigences-generales-de-design\/elements-de-design-communs\/systemes-dinformation-et-de-communication\/","title":{"rendered":"Syst\u00e8mes d\u2019information et de communication"},"content":{"rendered":"<p>S\u2019il est important de s\u2019arr\u00eater aux caract\u00e9ristiques et aux \u00e9l\u00e9ments communs de l\u2019environnement b\u00e2ti qui facilitent le rep\u00e9rage sans aide du chemin d\u2019acc\u00e8s, il est aussi important de fournir proactivement aux personnes touch\u00e9es par la c\u00e9cit\u00e9 de l\u2019information sur les services et la s\u00e9curit\u00e9 dans un immeuble. Cette information peut \u00eatre offerte sous diverses formes (visuelle, sonore ou tactile) et de plusieurs fa\u00e7ons.<\/p>\n<p><strong>Dans cette section\u00a0:<\/strong><\/p>\n<ul>\n<li><a href=\"https:\/\/clearingourpath.ca\/index.php\/fr\/exigences-generales-de-design\/elements-de-design-communs\/systemes-dinformation-et-de-communication\/bureaux-dinformation\/\">Bureaux d\u2019information<\/a><\/li>\n<li><a href=\"https:\/\/clearingourpath.ca\/index.php\/fr\/exigences-generales-de-design\/elements-de-design-communs\/systemes-dinformation-et-de-communication\/telephones-dinformation\/\">T\u00e9l\u00e9phones d\u2019information<\/a><\/li>\n<li><a href=\"https:\/\/clearingourpath.ca\/index.php\/fr\/exigences-generales-de-design\/elements-de-design-communs\/systemes-dinformation-et-de-communication\/tableaux-repertoires\/\">Tableaux r\u00e9pertoires<\/a><\/li>\n<li><a href=\"https:\/\/clearingourpath.ca\/index.php\/fr\/exigences-generales-de-design\/elements-de-design-communs\/systemes-dinformation-et-de-communication\/guichets-dinformation\/\">Guichets d\u2019information<\/a><\/li>\n<li><a href=\"https:\/\/clearingourpath.ca\/index.php\/fr\/exigences-generales-de-design\/elements-de-design-communs\/systemes-dinformation-et-de-communication\/systemes-de-diffusion-publique\/\">Syst\u00e8mes de diffusion publique<\/a><\/li>\n<li><a href=\"https:\/\/clearingourpath.ca\/index.php\/fr\/exigences-generales-de-design\/elements-de-design-communs\/systemes-dinformation-et-de-communication\/cartes-tactiles-et-instructions-preenregistrees\/\">Cartes tactiles et instructions pr\u00e9enregistr\u00e9es<\/a><\/li>\n<\/ul>\n","protected":false},"excerpt":{"rendered":"<p>S\u2019il est important de s\u2019arr\u00eater aux caract\u00e9ristiques et aux \u00e9l\u00e9ments communs de l\u2019environnement b\u00e2ti qui facilitent le rep\u00e9rage sans aide du chemin d\u2019acc\u00e8s, il est aussi important de fournir proactivement aux personnes touch\u00e9es par la c\u00e9cit\u00e9 de l\u2019information sur les services et la s\u00e9curit\u00e9 dans [&hellip;]<\/p>\n","protected":false},"author":3,"featured_media":0,"parent":432,"menu_order":7,"comment_status":"closed","ping_status":"closed","template":"","meta":{"_monsterinsights_skip_tracking":false,"_monsterinsights_sitenote_active":false,"_monsterinsights_sitenote_note":"","_monsterinsights_sitenote_category":0,"footnotes":""},"class_list":["post-519","page","type-page","status-publish","hentry"],"_links":{"self":[{"href":"https:\/\/clearingourpath.ca\/index.php\/wp-json\/wp\/v2\/pages\/519","targetHints":{"allow":["GET"]}}],"collection":[{"href":"https:\/\/clearingourpath.ca\/index.php\/wp-json\/wp\/v2\/pages"}],"about":[{"href":"https:\/\/clearingourpath.ca\/index.php\/wp-json\/wp\/v2\/types\/page"}],"author":[{"embeddable":true,"href":"https:\/\/clearingourpath.ca\/index.php\/wp-json\/wp\/v2\/users\/3"}],"replies":[{"embeddable":true,"href":"https:\/\/clearingourpath.ca\/index.php\/wp-json\/wp\/v2\/comments?post=519"}],"version-history":[{"count":2,"href":"https:\/\/clearingourpath.ca\/index.php\/wp-json\/wp\/v2\/pages\/519\/revisions"}],"predecessor-version":[{"id":857,"href":"https:\/\/clearingourpath.ca\/index.php\/wp-json\/wp\/v2\/pages\/519\/revisions\/857"}],"up":[{"embeddable":true,"href":"https:\/\/clearingourpath.ca\/index.php\/wp-json\/wp\/v2\/pages\/432"}],"wp:attachment":[{"href":"https:\/\/clearingourpath.ca\/index.php\/wp-json\/wp\/v2\/media?parent=519"}],"curies":[{"name":"wp","href":"https:\/\/api.w.org\/{rel}","templated":true}]}}