{"id":526,"date":"2022-09-01T14:37:05","date_gmt":"2022-09-01T14:37:05","guid":{"rendered":"https:\/\/clearingourpath.ca\/?page_id=526"},"modified":"2023-08-09T12:04:33","modified_gmt":"2023-08-09T15:04:33","slug":"ordinateurs","status":"publish","type":"page","link":"https:\/\/clearingourpath.ca\/index.php\/language\/fr\/notions-de-base-sur-la-cecite\/lecture-et-ecriture\/ordinateurs\/","title":{"rendered":"Ordinateurs"},"content":{"rendered":"<p>Les personnes vivant avec une perte de vision ont grandement b\u00e9n\u00e9fici\u00e9 de la technologie. Qu\u2019elles soient aveugles ou qu\u2019elles aient une vision partielle, elles peuvent utiliser un ordinateur (et Internet) en y ajoutant le plus souvent l\u2019une ou l\u2019autre des trois options suivantes\u00a0:<\/p>\n<p>\u2022 Logiciel de grossissement d\u2019\u00e9cran\u00a0: programme informatique qui permet \u00e0 un utilisateur de choisir le degr\u00e9 d\u2019agrandissement d\u00e9sir\u00e9 de ce qui est affich\u00e9 sur un \u00e9cran d\u2019ordinateur.<br \/>\n\u2022 Logiciel de lecture d\u2019\u00e9cran\u00a0: programme informatique qui indique par synth\u00e8se vocale ce qui est affich\u00e9 sur un \u00e9cran d\u2019ordinateur.<br \/>\n\u2022 Afficheur braille actualisable\u00a0: clavier qui s\u2019ins\u00e8re habituellement juste en dessous d\u2019un clavier d\u2019ordinateur standard et qui contient une ligne de texte en braille. Apr\u00e8s avoir lu une ligne, l\u2019utilisateur peut l\u2019\u00ab\u00a0actualiser\u00a0\u00bb en appuyant sur une touche et obtenir une nouvelle ligne de braille gr\u00e2ce \u00e0 des tiges m\u00e9talliques qui montent ou descendent.<\/p>\n","protected":false},"excerpt":{"rendered":"<p>Les personnes vivant avec une perte de vision ont grandement b\u00e9n\u00e9fici\u00e9 de la technologie. Qu\u2019elles soient aveugles ou qu\u2019elles aient une vision partielle, elles peuvent utiliser un ordinateur (et Internet) en y ajoutant le plus souvent l\u2019une ou l\u2019autre des trois options suivantes\u00a0: \u2022 Logiciel [&hellip;]<\/p>\n","protected":false},"author":3,"featured_media":0,"parent":470,"menu_order":3,"comment_status":"closed","ping_status":"closed","template":"","meta":{"_monsterinsights_skip_tracking":false,"_monsterinsights_sitenote_active":false,"_monsterinsights_sitenote_note":"","_monsterinsights_sitenote_category":0,"footnotes":""},"class_list":["post-526","page","type-page","status-publish","hentry"],"_links":{"self":[{"href":"https:\/\/clearingourpath.ca\/index.php\/wp-json\/wp\/v2\/pages\/526","targetHints":{"allow":["GET"]}}],"collection":[{"href":"https:\/\/clearingourpath.ca\/index.php\/wp-json\/wp\/v2\/pages"}],"about":[{"href":"https:\/\/clearingourpath.ca\/index.php\/wp-json\/wp\/v2\/types\/page"}],"author":[{"embeddable":true,"href":"https:\/\/clearingourpath.ca\/index.php\/wp-json\/wp\/v2\/users\/3"}],"replies":[{"embeddable":true,"href":"https:\/\/clearingourpath.ca\/index.php\/wp-json\/wp\/v2\/comments?post=526"}],"version-history":[{"count":2,"href":"https:\/\/clearingourpath.ca\/index.php\/wp-json\/wp\/v2\/pages\/526\/revisions"}],"predecessor-version":[{"id":1531,"href":"https:\/\/clearingourpath.ca\/index.php\/wp-json\/wp\/v2\/pages\/526\/revisions\/1531"}],"up":[{"embeddable":true,"href":"https:\/\/clearingourpath.ca\/index.php\/wp-json\/wp\/v2\/pages\/470"}],"wp:attachment":[{"href":"https:\/\/clearingourpath.ca\/index.php\/wp-json\/wp\/v2\/media?parent=526"}],"curies":[{"name":"wp","href":"https:\/\/api.w.org\/{rel}","templated":true}]}}