{"id":530,"date":"2022-09-01T14:37:45","date_gmt":"2022-09-01T14:37:45","guid":{"rendered":"https:\/\/clearingourpath.ca\/?page_id=530"},"modified":"2023-08-09T12:03:59","modified_gmt":"2023-08-09T15:03:59","slug":"dispositifs-mobiles-accessibles","status":"publish","type":"page","link":"https:\/\/clearingourpath.ca\/index.php\/language\/fr\/notions-de-base-sur-la-cecite\/lecture-et-ecriture\/dispositifs-mobiles-accessibles\/","title":{"rendered":"Dispositifs mobiles accessibles"},"content":{"rendered":"<p>Depuis la derni\u00e8re publication d\u2019\u00ab \u00c9liminons les barri\u00e8res architecturales \u00bb en 1999, le paysage mobile a connu un essor spectaculaire. Les syst\u00e8mes d\u2019exploitation qui convertissent le texte en paroles, ainsi que les gros caract\u00e8res et autres applications de suppl\u00e9ance d\u2019entr\u00e9e-sortie ont ouvert un nouveau monde pour les personnes touch\u00e9es par la c\u00e9cit\u00e9.<\/p>\n<p>En ce qui a trait \u00e0 l\u2019environnement b\u00e2ti, les dispositifs mobiles accessibles permettent d\u2019offrir diverses applications d\u2019orientation et de rep\u00e9rage du chemin d\u2019acc\u00e8s qui peuvent grandement aider les personnes touch\u00e9es par la c\u00e9cit\u00e9 \u00e0 se d\u00e9placer de fa\u00e7on autonome. Toutefois, si ces applications ne sont pas con\u00e7ues de mani\u00e8re \u00e0 \u00eatre accessibles, les personnes qui comptent sur la technologie d\u2019assistance, telle que la sortie en gros caract\u00e8res ou en synth\u00e8se vocale, pourraient ne pas pouvoir en profiter.<\/p>\n<ol>\n<li>Voici quelques directives g\u00e9n\u00e9rales de conception d&#8217;accessibilit\u00e9 :<\/li>\n<li>assurez-vous que les outils de lecture d&#8217;\u00e9cran int\u00e9gr\u00e9s comme VoiceOver (iOS) et TalkBack (Android) fonctionnent bien avec l&#8217;application<\/li>\n<li>boutons d&#8217;\u00e9tiquette et \u00e9tats de chargement<\/li>\n<li>fournir des moyens clairs de quitter les modaux et les dialogues<\/li>\n<li>utiliser un langage descriptif<\/li>\n<li>utiliser une hi\u00e9rarchie logique repr\u00e9sent\u00e9e par des en-t\u00eates<\/li>\n<li>utiliser le texte alternatif pour les images<\/li>\n<li>utiliser le son pour indiquer les actions et les messages<\/li>\n<\/ol>\n<p>Ces directives sont un minimum, mais devraient donner une id\u00e9e de l&#8217;accessibilit\u00e9 d&#8217;une application mobile pour toute personne utilisant cette technologie.<\/p>\n<p>Les meilleures pratiques dictent que toute application mobile doit \u00eatre correctement test\u00e9e par des utilisateurs qui refl\u00e8tent la communaut\u00e9 d&#8217;utilisateurs.<\/p>\n","protected":false},"excerpt":{"rendered":"<p>Depuis la derni\u00e8re publication d\u2019\u00ab \u00c9liminons les barri\u00e8res architecturales \u00bb en 1999, le paysage mobile a connu un essor spectaculaire. Les syst\u00e8mes d\u2019exploitation qui convertissent le texte en paroles, ainsi que les gros caract\u00e8res et autres applications de suppl\u00e9ance d\u2019entr\u00e9e-sortie ont ouvert un nouveau monde [&hellip;]<\/p>\n","protected":false},"author":3,"featured_media":0,"parent":470,"menu_order":4,"comment_status":"closed","ping_status":"closed","template":"","meta":{"_monsterinsights_skip_tracking":false,"_monsterinsights_sitenote_active":false,"_monsterinsights_sitenote_note":"","_monsterinsights_sitenote_category":0,"footnotes":""},"class_list":["post-530","page","type-page","status-publish","hentry"],"_links":{"self":[{"href":"https:\/\/clearingourpath.ca\/index.php\/wp-json\/wp\/v2\/pages\/530","targetHints":{"allow":["GET"]}}],"collection":[{"href":"https:\/\/clearingourpath.ca\/index.php\/wp-json\/wp\/v2\/pages"}],"about":[{"href":"https:\/\/clearingourpath.ca\/index.php\/wp-json\/wp\/v2\/types\/page"}],"author":[{"embeddable":true,"href":"https:\/\/clearingourpath.ca\/index.php\/wp-json\/wp\/v2\/users\/3"}],"replies":[{"embeddable":true,"href":"https:\/\/clearingourpath.ca\/index.php\/wp-json\/wp\/v2\/comments?post=530"}],"version-history":[{"count":6,"href":"https:\/\/clearingourpath.ca\/index.php\/wp-json\/wp\/v2\/pages\/530\/revisions"}],"predecessor-version":[{"id":1562,"href":"https:\/\/clearingourpath.ca\/index.php\/wp-json\/wp\/v2\/pages\/530\/revisions\/1562"}],"up":[{"embeddable":true,"href":"https:\/\/clearingourpath.ca\/index.php\/wp-json\/wp\/v2\/pages\/470"}],"wp:attachment":[{"href":"https:\/\/clearingourpath.ca\/index.php\/wp-json\/wp\/v2\/media?parent=530"}],"curies":[{"name":"wp","href":"https:\/\/api.w.org\/{rel}","templated":true}]}}