{"id":548,"date":"2022-09-08T13:54:06","date_gmt":"2022-09-08T13:54:06","guid":{"rendered":"https:\/\/clearingourpath.ca\/?page_id=548"},"modified":"2022-11-24T11:55:06","modified_gmt":"2022-11-24T15:55:06","slug":"indicateurs-tactiles-de-surface-de-marche","status":"publish","type":"page","link":"https:\/\/clearingourpath.ca\/index.php\/language\/fr\/exigences-generales-de-design\/elements-de-design-communs\/indicateurs-tactiles-de-surface-de-marche\/","title":{"rendered":"Indicateurs tactiles de surface de marche"},"content":{"rendered":"<p>Les indicateurs tactiles de surface de marche sont des surfaces de marche normalis\u00e9es qui transmettent aux personnes touch\u00e9es par la c\u00e9cit\u00e9 de l\u2019information sous forme de texture et, parfois, de son.<\/p>\n<figure id=\"attachment_546\" aria-describedby=\"caption-attachment-546\" style=\"width: 763px\" class=\"wp-caption alignnone\"><img loading=\"lazy\" decoding=\"async\" class=\"wp-image-546 size-full\" src=\"https:\/\/clearingourpath.ca\/wp-content\/uploads\/2022\/09\/fig3-3-1.jpg\" alt=\"Indicateur tactile d\u2019\u00e9veil de la vigilance sur une surface de marche, constitu\u00e9 de d\u00f4mes tronqu\u00e9s en relief dispos\u00e9s selon un motif de grille.\" width=\"763\" height=\"227\" srcset=\"https:\/\/clearingourpath.ca\/wp-content\/uploads\/2022\/09\/fig3-3-1.jpg 763w, https:\/\/clearingourpath.ca\/wp-content\/uploads\/2022\/09\/fig3-3-1-300x89.jpg 300w\" sizes=\"auto, (max-width: 763px) 100vw, 763px\" \/><figcaption id=\"caption-attachment-546\" class=\"wp-caption-text\">Indicateur tactile d\u2019\u00e9veil de la vigilance sur une surface de marche, constitu\u00e9 de d\u00f4mes tronqu\u00e9s en relief dispos\u00e9s selon un motif de grille.<\/figcaption><\/figure>\n<p class=\"clear down1\">Ils sont g\u00e9n\u00e9ralement faits de mat\u00e9riaux encastr\u00e9s (p. ex., m\u00e9tal, caoutchouc, pierre ou plastique) ou peuvent \u00eatre int\u00e9gr\u00e9s directement dans les surfaces de sol en b\u00e9ton. Les indicateurs tactiles de surface de marche doivent avoir une texture perceptible sous les pieds et d\u00e9tectable par une longue canne. Leurs bords doivent \u00eatre biseaut\u00e9s de mani\u00e8re \u00e0 r\u00e9duire le risque de faux pas.<\/p>\n<figure id=\"attachment_287\" aria-describedby=\"caption-attachment-287\" style=\"width: 269px\" class=\"wp-caption alignright\"><img loading=\"lazy\" decoding=\"async\" class=\"wp-image-287 size-full\" src=\"https:\/\/clearingourpath.ca\/wp-content\/uploads\/2022\/08\/fig3-3-2.jpg\" alt=\"Indicateur tactile de guidage sur une surface de marche, constitu\u00e9 de barres allong\u00e9es dispos\u00e9es selon un motif lin\u00e9aire.\" width=\"269\" height=\"480\" srcset=\"https:\/\/clearingourpath.ca\/wp-content\/uploads\/2022\/08\/fig3-3-2.jpg 269w, https:\/\/clearingourpath.ca\/wp-content\/uploads\/2022\/08\/fig3-3-2-168x300.jpg 168w\" sizes=\"auto, (max-width: 269px) 100vw, 269px\" \/><figcaption id=\"caption-attachment-287\" class=\"wp-caption-text\">Indicateur tactile de guidage sur une surface de marche, constitu\u00e9 de barres allong\u00e9es dispos\u00e9es selon un motif lin\u00e9aire.<\/figcaption><\/figure>\n<p>Il existe deux types d\u2019indicateurs tactiles de surface de marche\u00a0:<\/p>\n<ul>\n<li><a href=\"https:\/\/www.clearingourpath.ca\/3.3.1-attention-twsi_f.php\">Indicateurs d\u2019\u00e9veil de la vigilance sur une surface de marche<\/a> \u2013 parfois appel\u00e9s surfaces d\u2019avertissement, qui attirent l\u2019attention sur les principaux dangers tels que le d\u00e9but d\u2019un escalier ou un nez de quai.<\/li>\n<li><a href=\"https:\/\/www.clearingourpath.ca\/3.3.2-guidance-twsi_f.php\">Indicateurs de guidage sur une surface de marche<\/a> \u2013 aussi appel\u00e9s bandes de rep\u00e9rage du chemin d\u2019acc\u00e8s, qui fournissent de l\u2019information sur le sens de d\u00e9placement dans des espaces ouverts. Ils sont con\u00e7us pour guider une personne sur une voie de d\u00e9placement d\u00e9sign\u00e9e.<\/li>\n<\/ul>\n<p>Les indicateurs tactiles doivent \u00eatre de couleur contrastante par rapport \u00e0 celle de la surface de marche environnante. Pour les indicateurs d\u2019\u00e9veil de la vigilance, la couleur \u00e0 privil\u00e9gier est le jaune de s\u00e9curit\u00e9 (nuancier de Munsell\u00a0: teinte de base 5,0; saturation 8,0\/12). Un indicateur de couleur p\u00e2le sur une surface de sol fonc\u00e9e ou de couleur fonc\u00e9e sur une surface de sol p\u00e2le est aussi une solution efficace. Pour que l\u2019information d\u2019avertissement soit clairement diff\u00e9renci\u00e9e de l\u2019information de guidage, le jaune de s\u00e9curit\u00e9 ne doit pas \u00eatre utilis\u00e9 pour les indicateurs tactiles de guidage sur une surface de marche. Pour plus d&#8217;informations, reportez-vous \u00e0 la section <a href=\"https:\/\/clearingourpath.ca\/index.php\/fr\/exigences-generales-de-design\/principes-de-base-du-design\/contraste-de-couleur-et-de-luminosite\/\">Contraste de couleur et de luminosit\u00e9<\/a>.<\/p>\n<p>Lorsque des indicateurs tactiles de surface de marche sont install\u00e9s en tant que panneaux pr\u00e9fabriqu\u00e9s ou en applique sur une surface de sol ou de plancher existante, ils doivent avoir des bords biseaut\u00e9s. Leur surface de base ne doit pas \u00eatre \u00e0 plus de 3 mm au-dessus de la surface existante. Les installations en applique ne sont pas id\u00e9ales et doivent \u00eatre envisag\u00e9es seulement lorsqu\u2019il est impossible d\u2019avoir des indicateurs coul\u00e9s sur place ou encastr\u00e9s.<\/p>\n<p>Les indicateurs tactiles de surface de marche doivent toujours \u00eatre fix\u00e9s solidement, de mani\u00e8re \u00e0 emp\u00eacher les bords de sortir.<\/p>\n","protected":false},"excerpt":{"rendered":"<p>Les indicateurs tactiles de surface de marche sont des surfaces de marche normalis\u00e9es qui transmettent aux personnes touch\u00e9es par la c\u00e9cit\u00e9 de l\u2019information sous forme de texture et, parfois, de son. Ils sont g\u00e9n\u00e9ralement faits de mat\u00e9riaux encastr\u00e9s (p. ex., m\u00e9tal, caoutchouc, pierre ou plastique) [&hellip;]<\/p>\n","protected":false},"author":3,"featured_media":0,"parent":432,"menu_order":2,"comment_status":"closed","ping_status":"closed","template":"","meta":{"_monsterinsights_skip_tracking":false,"_monsterinsights_sitenote_active":false,"_monsterinsights_sitenote_note":"","_monsterinsights_sitenote_category":0,"footnotes":""},"class_list":["post-548","page","type-page","status-publish","hentry"],"_links":{"self":[{"href":"https:\/\/clearingourpath.ca\/index.php\/wp-json\/wp\/v2\/pages\/548","targetHints":{"allow":["GET"]}}],"collection":[{"href":"https:\/\/clearingourpath.ca\/index.php\/wp-json\/wp\/v2\/pages"}],"about":[{"href":"https:\/\/clearingourpath.ca\/index.php\/wp-json\/wp\/v2\/types\/page"}],"author":[{"embeddable":true,"href":"https:\/\/clearingourpath.ca\/index.php\/wp-json\/wp\/v2\/users\/3"}],"replies":[{"embeddable":true,"href":"https:\/\/clearingourpath.ca\/index.php\/wp-json\/wp\/v2\/comments?post=548"}],"version-history":[{"count":5,"href":"https:\/\/clearingourpath.ca\/index.php\/wp-json\/wp\/v2\/pages\/548\/revisions"}],"predecessor-version":[{"id":1371,"href":"https:\/\/clearingourpath.ca\/index.php\/wp-json\/wp\/v2\/pages\/548\/revisions\/1371"}],"up":[{"embeddable":true,"href":"https:\/\/clearingourpath.ca\/index.php\/wp-json\/wp\/v2\/pages\/432"}],"wp:attachment":[{"href":"https:\/\/clearingourpath.ca\/index.php\/wp-json\/wp\/v2\/media?parent=548"}],"curies":[{"name":"wp","href":"https:\/\/api.w.org\/{rel}","templated":true}]}}