{"id":585,"date":"2022-09-08T14:46:08","date_gmt":"2022-09-08T14:46:08","guid":{"rendered":"https:\/\/clearingourpath.ca\/?page_id=585"},"modified":"2022-09-08T16:01:26","modified_gmt":"2022-09-08T16:01:26","slug":"eclairage","status":"publish","type":"page","link":"https:\/\/clearingourpath.ca\/index.php\/language\/fr\/exigences-generales-de-design\/principes-de-base-du-design\/eclairage\/","title":{"rendered":"\u00c9clairage"},"content":{"rendered":"<p>Pour la majorit\u00e9 des personnes touch\u00e9es par la c\u00e9cit\u00e9, un bon \u00e9clairage est l\u2019outil le plus important dans l\u2019environnement b\u00e2ti puisqu\u2019il aide \u00e0 r\u00e9v\u00e9ler la plupart des endroits cl\u00e9s dans un espace (p. ex., escaliers et panneaux indicateurs). L\u2019\u00e9clairage est aussi l\u2019un des \u00e9l\u00e9ments les plus complexes de la cr\u00e9ation architecturale.<\/p>\n<p>Le niveau d\u2019\u00e9clairage n\u00e9cessaire au bon fonctionnement des yeux augmente avec le vieillissement. Pour bien voir, un adulte d\u2019\u00e2ge moyen ou avanc\u00e9 a besoin de beaucoup plus de lumi\u00e8re qu\u2019un jeune. Une maladie oculaire peut aussi modifier les besoins en \u00e9clairage. Un m\u00eame niveau d\u2019\u00e9clairement peut \u00eatre parfait pour une personne qui a sa pleine vision, excessif pour une personne atteinte de glaucome et trop faible pour une personne atteinte de d\u00e9g\u00e9n\u00e9rescence maculaire. En raison de ces diff\u00e9rences, il n\u2019existe aucune s\u00e9rie de lignes directrices standard permettant de r\u00e9pondre aux besoins de tous. Quelques concepts g\u00e9n\u00e9raux \u00e0 garder \u00e0 l\u2019esprit dans la conception de l\u2019\u00e9clairage pour un environnement b\u00e2ti sont \u00e9nonc\u00e9s ci-apr\u00e8s.<\/p>\n<p><strong>Dans cette section\u00a0:<\/strong><\/p>\n<ul>\n<li><a href=\"https:\/\/clearingourpath.ca\/index.php\/fr\/exigences-generales-de-design\/principes-de-base-du-design\/eclairage\/exigences-declairement-minimal\/\">Exigences d\u2019\u00e9clairement minimal<\/a><\/li>\n<li><a href=\"https:\/\/clearingourpath.ca\/index.php\/fr\/exigences-generales-de-design\/principes-de-base-du-design\/eclairage\/types-declairage\/\">Types d\u2019\u00e9clairage<\/a><\/li>\n<li><a href=\"https:\/\/clearingourpath.ca\/index.php\/fr\/exigences-generales-de-design\/principes-de-base-du-design\/eclairage\/modes-declairage\/\">Modes d\u2019\u00e9clairage<\/a><\/li>\n<li><a href=\"https:\/\/clearingourpath.ca\/index.php\/fr\/exigences-generales-de-design\/principes-de-base-du-design\/eclairage\/emplacement-des-luminaires\/\">Emplacement des luminaires<\/a><\/li>\n<\/ul>\n","protected":false},"excerpt":{"rendered":"<p>Pour la majorit\u00e9 des personnes touch\u00e9es par la c\u00e9cit\u00e9, un bon \u00e9clairage est l\u2019outil le plus important dans l\u2019environnement b\u00e2ti puisqu\u2019il aide \u00e0 r\u00e9v\u00e9ler la plupart des endroits cl\u00e9s dans un espace (p. ex., escaliers et panneaux indicateurs). L\u2019\u00e9clairage est aussi l\u2019un des \u00e9l\u00e9ments les [&hellip;]<\/p>\n","protected":false},"author":3,"featured_media":0,"parent":541,"menu_order":2,"comment_status":"closed","ping_status":"closed","template":"","meta":{"_monsterinsights_skip_tracking":false,"_monsterinsights_sitenote_active":false,"_monsterinsights_sitenote_note":"","_monsterinsights_sitenote_category":0,"footnotes":""},"class_list":["post-585","page","type-page","status-publish","hentry"],"_links":{"self":[{"href":"https:\/\/clearingourpath.ca\/index.php\/wp-json\/wp\/v2\/pages\/585","targetHints":{"allow":["GET"]}}],"collection":[{"href":"https:\/\/clearingourpath.ca\/index.php\/wp-json\/wp\/v2\/pages"}],"about":[{"href":"https:\/\/clearingourpath.ca\/index.php\/wp-json\/wp\/v2\/types\/page"}],"author":[{"embeddable":true,"href":"https:\/\/clearingourpath.ca\/index.php\/wp-json\/wp\/v2\/users\/3"}],"replies":[{"embeddable":true,"href":"https:\/\/clearingourpath.ca\/index.php\/wp-json\/wp\/v2\/comments?post=585"}],"version-history":[{"count":2,"href":"https:\/\/clearingourpath.ca\/index.php\/wp-json\/wp\/v2\/pages\/585\/revisions"}],"predecessor-version":[{"id":624,"href":"https:\/\/clearingourpath.ca\/index.php\/wp-json\/wp\/v2\/pages\/585\/revisions\/624"}],"up":[{"embeddable":true,"href":"https:\/\/clearingourpath.ca\/index.php\/wp-json\/wp\/v2\/pages\/541"}],"wp:attachment":[{"href":"https:\/\/clearingourpath.ca\/index.php\/wp-json\/wp\/v2\/media?parent=585"}],"curies":[{"name":"wp","href":"https:\/\/api.w.org\/{rel}","templated":true}]}}