{"id":590,"date":"2022-09-08T14:48:48","date_gmt":"2022-09-08T14:48:48","guid":{"rendered":"https:\/\/clearingourpath.ca\/?page_id=590"},"modified":"2023-01-31T12:03:08","modified_gmt":"2023-01-31T16:03:08","slug":"exigences-declairement-minimal","status":"publish","type":"page","link":"https:\/\/clearingourpath.ca\/index.php\/language\/fr\/exigences-generales-de-design\/principes-de-base-du-design\/eclairage\/exigences-declairement-minimal\/","title":{"rendered":"Exigences d\u2019\u00e9clairement minimal"},"content":{"rendered":"<p>Les normes et lois existantes d\u00e9finissent les exigences d\u2019\u00e9clairement minimal pour les personnes qui voient, mais sans fournir de niveaux d\u2019\u00e9clairement pr\u00e9cis pour les personnes touch\u00e9es par la c\u00e9cit\u00e9. En g\u00e9n\u00e9ral, l\u2019intensit\u00e9 d\u2019\u00e9clairement devrait \u00eatre de 25 \u00e0 50\u00a0% plus \u00e9lev\u00e9e que les niveaux standards d\u00e9termin\u00e9s par la <a lang=\"en\" href=\"http:\/\/www.ies.org\/\" target=\"_blank\" rel=\"noopener\" hreflang=\"en\">Illuminating Engineering Society of North America<\/a> pour des pi\u00e8ces et des espaces. Cette recommandation va dans le m\u00eame sens que les autres lignes directrices courantes, dont celles la <a lang=\"en\" href=\"https:\/\/savh.org.sg\/\" target=\"_blank\" rel=\"noopener\" hreflang=\"en\">Singapore Association of the Visually Handicapped<\/a>.<\/p>\n<p>Voici le niveau d\u2019\u00e9clairement recommand\u00e9 dans certains endroits\u00a0:<\/p>\n<table class=\"tableCSS\" style=\"width: 70%; margin: 0 auto 1em auto;\">\n<tbody>\n<tr>\n<th>Endroit<\/th>\n<th class=\"center\">Niveau d\u2019\u00e9clairement (en lux)<\/th>\n<\/tr>\n<tr>\n<td>Halls d\u2019entr\u00e9e<\/td>\n<td class=\"center\">200<\/td>\n<\/tr>\n<tr>\n<td>Bureaux d\u2019information\/accueil<\/td>\n<td class=\"center\">500<\/td>\n<\/tr>\n<tr>\n<td>Aires de circulation\u00a0: corridors, ascenseurs et escaliers<\/td>\n<td class=\"center\">200<\/td>\n<\/tr>\n<tr>\n<td>Salles de repos<\/td>\n<td class=\"center\">200 \u00e0 300<\/td>\n<\/tr>\n<tr>\n<td>Cuisines et aires de pr\u00e9paration des aliments<\/td>\n<td class=\"center\">200 \u00e0 300<\/td>\n<\/tr>\n<tr>\n<td>Bureaux, \u00e9clairage g\u00e9n\u00e9ral<\/td>\n<td class=\"center\">500<\/td>\n<\/tr>\n<tr>\n<td>Postes d\u2019ordinateurs<\/td>\n<td class=\"center\">300 \u00e0 500<\/td>\n<\/tr>\n<\/tbody>\n<\/table>\n<p>Point \u00e0 noter, des niveaux d\u2019\u00e9clairement accrus seront trop intenses pour certaines personnes, dont la vision sera r\u00e9duite quelque peu \u00e0 cause de la luminosit\u00e9. Les concepteurs d\u2019\u00e9clairages doivent permettre aux utilisateurs de r\u00e9gler l\u2019intensit\u00e9 lumineuse chaque fois que c\u2019est possible.<\/p>\n","protected":false},"excerpt":{"rendered":"<p>Les normes et lois existantes d\u00e9finissent les exigences d\u2019\u00e9clairement minimal pour les personnes qui voient, mais sans fournir de niveaux d\u2019\u00e9clairement pr\u00e9cis pour les personnes touch\u00e9es par la c\u00e9cit\u00e9. En g\u00e9n\u00e9ral, l\u2019intensit\u00e9 d\u2019\u00e9clairement devrait \u00eatre de 25 \u00e0 50\u00a0% plus \u00e9lev\u00e9e que les niveaux standards [&hellip;]<\/p>\n","protected":false},"author":3,"featured_media":0,"parent":585,"menu_order":0,"comment_status":"closed","ping_status":"closed","template":"","meta":{"_monsterinsights_skip_tracking":false,"_monsterinsights_sitenote_active":false,"_monsterinsights_sitenote_note":"","_monsterinsights_sitenote_category":0,"footnotes":""},"class_list":["post-590","page","type-page","status-publish","hentry"],"_links":{"self":[{"href":"https:\/\/clearingourpath.ca\/index.php\/wp-json\/wp\/v2\/pages\/590","targetHints":{"allow":["GET"]}}],"collection":[{"href":"https:\/\/clearingourpath.ca\/index.php\/wp-json\/wp\/v2\/pages"}],"about":[{"href":"https:\/\/clearingourpath.ca\/index.php\/wp-json\/wp\/v2\/types\/page"}],"author":[{"embeddable":true,"href":"https:\/\/clearingourpath.ca\/index.php\/wp-json\/wp\/v2\/users\/3"}],"replies":[{"embeddable":true,"href":"https:\/\/clearingourpath.ca\/index.php\/wp-json\/wp\/v2\/comments?post=590"}],"version-history":[{"count":2,"href":"https:\/\/clearingourpath.ca\/index.php\/wp-json\/wp\/v2\/pages\/590\/revisions"}],"predecessor-version":[{"id":1422,"href":"https:\/\/clearingourpath.ca\/index.php\/wp-json\/wp\/v2\/pages\/590\/revisions\/1422"}],"up":[{"embeddable":true,"href":"https:\/\/clearingourpath.ca\/index.php\/wp-json\/wp\/v2\/pages\/585"}],"wp:attachment":[{"href":"https:\/\/clearingourpath.ca\/index.php\/wp-json\/wp\/v2\/media?parent=590"}],"curies":[{"name":"wp","href":"https:\/\/api.w.org\/{rel}","templated":true}]}}