{"id":605,"date":"2022-09-08T15:19:42","date_gmt":"2022-09-08T15:19:42","guid":{"rendered":"https:\/\/clearingourpath.ca\/?page_id=605"},"modified":"2022-09-08T15:38:24","modified_gmt":"2022-09-08T15:38:24","slug":"types-declairage","status":"publish","type":"page","link":"https:\/\/clearingourpath.ca\/index.php\/language\/fr\/exigences-generales-de-design\/principes-de-base-du-design\/eclairage\/types-declairage\/","title":{"rendered":"Types d\u2019\u00e9clairage"},"content":{"rendered":"<p>Il existe six grands types d\u2019\u00e9clairage\u00a0:<\/p>\n<ul id=\"page-title\">\n<li><a href=\"#natural-daylight\">lumi\u00e8re naturelle;<\/a><\/li>\n<li><a href=\"#incandescent-lighting\">lumi\u00e8re incandescente traditionnelle;<\/a><\/li>\n<li><a href=\"#fluorescent-lighting\">lumi\u00e8re fluorescente;<\/a><\/li>\n<li><a href=\"#tungsten-halogen-lighting\">lumi\u00e8re \u00e0 halog\u00e8ne;<\/a><\/li>\n<li><a href=\"#led-lighting\">lumi\u00e8re \u00e0 d\u00e9charge \u00e0 haute intensit\u00e9 (<abbr>DHI<\/abbr>);<\/a><\/li>\n<li><a href=\"#hid-lighting\">diode \u00e9lectroluminescente (<abbr>DEL<\/abbr>).<\/a><\/li>\n<\/ul>\n<p>Chaque type entra\u00eene des effets diff\u00e9rents sur les personnes touch\u00e9es par la c\u00e9cit\u00e9.<\/p>\n<p>La lumi\u00e8re naturelle et l\u2019\u00e9clairage artificiel peuvent provoquer des \u00e9blouissements, lesquels risquent litt\u00e9ralement d\u2019aveugler une personne vivant avec la c\u00e9cit\u00e9. Les mat\u00e9riaux au fini tr\u00e8s brillant amplifient les effets de l\u2019\u00e9blouissement. Des finis peu lustr\u00e9s doivent \u00eatre utilis\u00e9s pour toutes les surfaces verticales et horizontales.<\/p>\n<h2 id=\"natural-daylight\">Lumi\u00e8re naturelle du jour<\/h2>\n<figure id=\"attachment_275\" aria-describedby=\"caption-attachment-275\" style=\"width: 300px\" class=\"wp-caption alignright\"><img loading=\"lazy\" decoding=\"async\" class=\"wp-image-275 size-medium\" src=\"https:\/\/clearingourpath.ca\/wp-content\/uploads\/2022\/08\/fig2-2-2-1-300x237.jpg\" alt=\"Photo des pare-soleil install\u00e9s \u00e0 l\u2019ext\u00e9rieur de l\u2019\u00e9difice des Compagnies Loblaw limit\u00e9e, con\u00e7u par Sweeny Sterling Finlayson &amp; Co Architects Inc.\" width=\"300\" height=\"237\" srcset=\"https:\/\/clearingourpath.ca\/wp-content\/uploads\/2022\/08\/fig2-2-2-1-300x237.jpg 300w, https:\/\/clearingourpath.ca\/wp-content\/uploads\/2022\/08\/fig2-2-2-1-768x608.jpg 768w, https:\/\/clearingourpath.ca\/wp-content\/uploads\/2022\/08\/fig2-2-2-1.jpg 958w\" sizes=\"auto, (max-width: 300px) 100vw, 300px\" \/><figcaption id=\"caption-attachment-275\" class=\"wp-caption-text\">Photo des pare-soleil install\u00e9s \u00e0 l\u2019ext\u00e9rieur de l\u2019\u00e9difice des Compagnies Loblaw limit\u00e9e, con\u00e7u par Sweeny Sterling Finlayson &amp; Co Architects Inc.<br \/><img loading=\"lazy\" decoding=\"async\" class=\"wp-image-276 size-medium\" src=\"https:\/\/clearingourpath.ca\/wp-content\/uploads\/2022\/08\/fig2-2-2-2-300x225.jpg\" alt=\"Vu de l\u2019int\u00e9rieur, un panneau r\u00e9fl\u00e9chissant plac\u00e9 en position horizontale dans un assemblage de fen\u00eatres. Les paralumes ext\u00e9rieurs, partiellement visibles, sont dans le m\u00eame plan. Un syst\u00e8me de levage monte et baisse les panneaux r\u00e9fl\u00e9chissants et la cantonni\u00e8re des couvre-fen\u00eatres lorsque le soleil bas p\u00e9n\u00e8tre dans l\u2019\u00e9difice en fin d\u2019apr\u00e8s-midi. \u00c9difice des Compagnies Loblaw limit\u00e9e, con\u00e7u par Sweeny Sterling Finlayson &amp; Co Architects Inc.\" width=\"300\" height=\"225\" srcset=\"https:\/\/clearingourpath.ca\/wp-content\/uploads\/2022\/08\/fig2-2-2-2-300x225.jpg 300w, https:\/\/clearingourpath.ca\/wp-content\/uploads\/2022\/08\/fig2-2-2-2-768x575.jpg 768w, https:\/\/clearingourpath.ca\/wp-content\/uploads\/2022\/08\/fig2-2-2-2.jpg 832w\" sizes=\"auto, (max-width: 300px) 100vw, 300px\" \/> Vu de l\u2019int\u00e9rieur, un panneau r\u00e9fl\u00e9chissant plac\u00e9 en position horizontale dans un assemblage de fen\u00eatres. Les paralumes ext\u00e9rieurs, partiellement visibles, sont dans le m\u00eame plan. Un syst\u00e8me de levage monte et baisse les panneaux r\u00e9fl\u00e9chissants et la cantonni\u00e8re des couvre-fen\u00eatres lorsque le soleil bas p\u00e9n\u00e8tre dans l\u2019\u00e9difice en fin d\u2019apr\u00e8s-midi. \u00c9difice des Compagnies Loblaw limit\u00e9e, con\u00e7u par Sweeny Sterling Finlayson &amp; Co Architects Inc.<\/figcaption><\/figure>\n<p>La lumi\u00e8re naturelle est la source de r\u00e9f\u00e9rence pour l\u2019\u00e9valuation de toutes les autres sources. Son utilisation comporte des avantages et des inconv\u00e9nients. Bien qu\u2019il soit g\u00e9n\u00e9ralement admis que la lumi\u00e8re naturelle a un effet psychologique favorable sur les gens, la luminance ext\u00e9rieure varie consid\u00e9rablement\u00a0: l\u2019\u00e9clairement va jusqu\u2019\u00e0 120\u00a0000\u00a0lux sous le soleil direct du midi, ce qui peut \u00eatre douloureux \u00e0 regarder, et diminue \u00e0 seulement 5\u00a0lux sous des nuages sombres ou au coucher du soleil. Les personnes touch\u00e9es par la c\u00e9cit\u00e9 peuvent avoir du mal \u00e0 s\u2019adapter aux diff\u00e9rentes quantit\u00e9s de lumi\u00e8re naturelle les jours o\u00f9 des p\u00e9riodes ensoleill\u00e9es alternent avec des passages nuageux.<\/p>\n<p>La lumi\u00e8re naturelle est l\u2019une des premi\u00e8res causes d\u2019\u00e9blouissement et d\u2019ombre \u00e0 l\u2019int\u00e9rieur. Dans un immeuble, la lumi\u00e8re du jour doit \u00eatre diffuse et uniforme, sans provoquer d\u2019\u00e9blouissement ni d\u2019ombre, tous deux potentiellement probl\u00e9matiques pour les personnes touch\u00e9es par la c\u00e9cit\u00e9. Des fen\u00eatres de verre teint\u00e9, des syst\u00e8mes de panneaux muraux translucides de m\u00eame que des marquises et auvents ext\u00e9rieurs sont des m\u00e9thodes efficaces pour \u00e9liminer l\u2019\u00e9blouissement et l\u2019ombre. Des films sp\u00e9ciaux qui diminuent le rayonnement solaire et visible peuvent \u00eatre install\u00e9s sur les fen\u00eatres et le vitrage en place.<\/p>\n<p>Les personnes touch\u00e9es par la c\u00e9cit\u00e9 \u00e9prouvent des difficult\u00e9s \u00e0 se d\u00e9placer entre des aires \u00e0 fort contraste d\u2019intensit\u00e9 lumineuse. Il est important de mod\u00e9rer les intensit\u00e9s lumineuses, en particulier pr\u00e8s des entr\u00e9es. Les intensit\u00e9s lumineuses \u00e0 l\u2019int\u00e9rieur et \u00e0 l\u2019ext\u00e9rieur doivent \u00eatre aussi \u00e9gales que possible.<\/p>\n<p>Il faut tenir compte des effets de l\u2019\u00e9clairage et de l\u2019ombre naturels dans le choix de l\u2019emplacement d\u2019\u00e9l\u00e9ments tels que les auvents et les escaliers d\u2019une entr\u00e9e. Un auvent d\u2019entr\u00e9e peut \u00eatre un moyen efficace de r\u00e9duire l\u2019\u00e9blouissement d\u00fb aux sources de lumi\u00e8re naturelle, mais pourrait aussi masquer la vue de l\u2019entr\u00e9e pour une personne vivant avec la c\u00e9cit\u00e9. De m\u00eame, un escalier ext\u00e9rieur doit \u00eatre clairement visible en tout temps et ne jamais \u00eatre assombri par des auvents ou d\u2019autres objets.<\/p>\n<p>Pour les immeubles, il existe de nombreuses fa\u00e7ons d\u2019att\u00e9nuer \u00e0 la fois l\u2019\u00e9blouissement et le gain de chaleur solaire. Des pare-soleil ext\u00e9rieurs prot\u00e8gent l\u2019enveloppe de b\u00e2timent de l\u2019exposition directe et \u00e9liminent l\u2019\u00e9blouissement. Des couvre-fen\u00eatres int\u00e9rieurs faits de tissu \u00e0 coefficient d\u2019ouverture d\u2019au plus 3\u00a0% (coefficient d\u2019ouverture de 1\u00a0% recommand\u00e9 pour les expositions \u00e0 l\u2019ouest) peuvent s\u2019ajuster de fa\u00e7on automatis\u00e9e aux conditions d\u2019\u00e9blouissement. Des syst\u00e8mes de commande programm\u00e9s par ordinateur permettent de d\u00e9finir les conditions d\u2019\u00e9blouissement en fonction des occupants d\u2019un espace et de les modifier facilement si l\u2019utilisation change.<\/p>\n<p>Il est possible d\u2019accro\u00eetre l\u2019\u00e9clairage naturel au moyen de panneaux r\u00e9fl\u00e9chissants, lesquels sont des plans horizontaux ou des ensembles de paralumes paraboliques, install\u00e9s \u00e0 2280\u00a0mm au-dessus du plancher fini, qui d\u00e9vient la lumi\u00e8re vers le plafond et plus loin dans l\u2019immeuble.<\/p>\n<p>L\u2019utilisation combin\u00e9e de panneaux r\u00e9fl\u00e9chissants et de commandes automatis\u00e9es de l\u2019\u00e9clairage artificiel (c.-\u00e0-d., qui \u00e9teignent les luminaires lorsqu\u2019il y a suffisamment de lumi\u00e8re naturelle) est une fa\u00e7on efficace de cr\u00e9er plus d\u2019\u00e9clairage indirect sans \u00e9blouissement, et de r\u00e9aliser des \u00e9conomies d\u2019\u00e9nergie.<\/p>\n<p>Les puits de lumi\u00e8re et les autres sources d\u2019\u00e9clairage naturel doivent \u00eatre plac\u00e9s de mani\u00e8re \u00e0 ce que le soleil ne p\u00e9n\u00e8tre pas directement dans un espace int\u00e9rieur. Si ce n\u2019est pas possible, il faut utiliser un vitrage teint\u00e9 ou un dispositif d\u2019ombrage int\u00e9gr\u00e9.<\/p>\n<div class=\"GoToTop\"><a class=\"foc\" href=\"#page-title\"><img loading=\"lazy\" decoding=\"async\" class=\"alignnone size-full wp-image-593\" src=\"https:\/\/clearingourpath.ca\/wp-content\/uploads\/2022\/09\/s4top.jpg\" alt=\"\" width=\"30\" height=\"30\" \/>\u00a0Retour en haut de page <\/a><\/div>\n<h2 id=\"incandescent-lighting\">\u00c9clairage incandescent<\/h2>\n<p>L\u2019\u00e9clairage incandescent est produit par des ampoules qui d\u00e9gagent de la chaleur et de la lumi\u00e8re, et est un bon substitut \u00e0 la lumi\u00e8re naturelle. Son spectre chromatique est plus proche de la lumi\u00e8re naturelle que celui de bien d\u2019autres sources lumineuses, de sorte qu\u2019il a longtemps \u00e9t\u00e9 la source de choix pour l\u2019\u00e9clairage d\u2019usage g\u00e9n\u00e9ral.<\/p>\n<p>Cependant, les ampoules \u00e0 incandescence sont \u00e9nergivores et sont, dans de nombreuses applications, remplac\u00e9es par des dispositifs tels que des ampoules fluorescentes, des ampoules DHI et des DEL, qui \u00e9mettent plus de lumi\u00e8re visible pour le m\u00eame apport d\u2019\u00e9nergie \u00e9lectrique. Certains pays tentent d\u2019interdire les ampoules \u00e0 incandescence au profit de sources d\u2019\u00e9clairage plus \u00e9co\u00e9nerg\u00e9tiques.<\/p>\n<div class=\"GoToTop\"><a class=\"foc\" href=\"#page-title\"><img loading=\"lazy\" decoding=\"async\" class=\"alignnone size-full wp-image-593\" src=\"https:\/\/clearingourpath.ca\/wp-content\/uploads\/2022\/09\/s4top.jpg\" alt=\"\" width=\"30\" height=\"30\" \/>\u00a0Retour en haut de page <\/a><\/div>\n<h2 id=\"fluorescent-lighting\">\u00c9clairage fluorescent<\/h2>\n<figure id=\"attachment_277\" aria-describedby=\"caption-attachment-277\" style=\"width: 368px\" class=\"wp-caption alignright\"><img loading=\"lazy\" decoding=\"async\" class=\"wp-image-277 size-full\" src=\"https:\/\/clearingourpath.ca\/wp-content\/uploads\/2022\/08\/fig2-2-2-3.jpg\" alt=\"Photo d\u2019un syst\u00e8me d\u2019\u00e9clairage z\u00e9nithal lin\u00e9aire install\u00e9 au centre d\u2019un corridor, d\u2019un bout \u00e0 l\u2019autre de celui-ci, pour aider les utilisateurs \u00e0 se d\u00e9placer. Le fort contraste de couleur sur le bord du plancher et dans le bas des murs d\u00e9limite la largeur du corridor et facilite aussi les d\u00e9placements.\" width=\"368\" height=\"563\" srcset=\"https:\/\/clearingourpath.ca\/wp-content\/uploads\/2022\/08\/fig2-2-2-3.jpg 368w, https:\/\/clearingourpath.ca\/wp-content\/uploads\/2022\/08\/fig2-2-2-3-196x300.jpg 196w\" sizes=\"auto, (max-width: 368px) 100vw, 368px\" \/><figcaption id=\"caption-attachment-277\" class=\"wp-caption-text\">Photo d\u2019un syst\u00e8me d\u2019\u00e9clairage z\u00e9nithal lin\u00e9aire install\u00e9 au centre d\u2019un corridor, d\u2019un bout \u00e0 l\u2019autre de celui-ci, pour aider les utilisateurs \u00e0 se d\u00e9placer. Le fort contraste de couleur sur le bord du plancher et dans le bas des murs d\u00e9limite la largeur du corridor et facilite aussi les d\u00e9placements.<\/figcaption><\/figure>\n<p>L\u2019\u00e9clairage fluorescent consomme moins d\u2019\u00e9lectricit\u00e9, dure plus l<\/p>\n<p>ongtemps et d\u00e9gage moins de chaleur que les ampoules incandescentes. Sous forme de tubes qui cr\u00e9ent une ligne de lumi\u00e8re, il est l\u2019environnement lumineux traditionnel dans les grands \u00e9difices et bureaux. Il existe aussi sous forme d\u2019ampoules fluocompactes (AFC), qui produisent un bon \u00e9clairage global et sont de plus en plus populaires dans l\u2019environnement b\u00e2ti. Beaucoup de pays ont adopt\u00e9 des programmes incitatifs et des lois pour encourager l\u2019utilisation des AFC comme mesure d\u2019\u00e9conomie d\u2019\u00e9nergie.<\/p>\n<p>Un tube fluorescent (ou tube n\u00e9on) est une source lumineuse plus diffuse et physiquement plus volumineuse qu\u2019une ampoule \u00e0 incandescence. Dans des ampoules ad\u00e9quatement con\u00e7ues, la lumi\u00e8re fluorescente peut \u00eatre distribu\u00e9e plus uniform\u00e9ment, sans source ponctuelle d\u2019\u00e9blouissement, qu\u2019avec un filament incandescent.<\/p>\n<p>Un l\u00e9ger papillotement est l\u2019inconv\u00e9nient majeur de l\u2019\u00e9clairage fluorescent. Il existe plusieurs fa\u00e7ons de le contrer. L\u2019utilisation de lentilles appropri\u00e9es ou la pr\u00e9sence de volets sur la source lumineuse permet d\u2019obtenir un \u00e9clairage indirect uniforme. Il est \u00e9galement possible d\u2019utiliser deux tubes qui fonctionnent en opposition de phase. Le papillotement est r\u00e9duit de beaucoup lorsque les luminaires fluorescents servent de source lumineuse indirecte ou sont dot\u00e9s de couvercles de diffusion prismatiques, de grilles, d\u2019abat-jours translucides ou de panneaux de recouvrement.<\/p>\n<p>De nos jours, la plupart des bureaux ont un \u00e9clairage bien con\u00e7u. Les longues rang\u00e9es de tubes fluorescents produisant une lumi\u00e8re trop intense et mal tamis\u00e9e deviennent de l\u2019histoire ancienne.<\/p>\n<p>L\u2019\u00e9clairage fluorescent se d\u00e9cline maintenant en une gamme de tons du spectre optique. Les tons de \u00ab\u00a0bleu\u00a0\u00bb froids du pass\u00e9 ne pouvaient se comparer \u00e0 la lumi\u00e8re naturelle ou incandescente. Des tons plus chauds sont g\u00e9n\u00e9r\u00e9s aujourd\u2019hui gr\u00e2ce aux compos\u00e9s de phosphore am\u00e9lior\u00e9s \u00e0 l\u2019int\u00e9rieur des tubes. Le ton blanc \u00ab\u00a0doux\u00a0\u00bb ou \u00ab\u00a0chaud\u00a0\u00bb des meilleures ampoules fluorescentes est tr\u00e8s proche de la couleur \u00e9mise par l\u2019\u00e9clairage incandescent standard.<\/p>\n<p>Des luminaires fluorescents \u00e0 intensit\u00e9 variable, \u00e9quip\u00e9s de ballasts \u00e9lectroniques fonctionnant \u00e0 haute fr\u00e9quence, diminuent \u00e0 la fois le papillotement de la lumi\u00e8re et la consommation d\u2019\u00e9nergie. Le papillotement r\u00e9duit est moins fatigant et moins g\u00eanant pour les adultes \u00e2g\u00e9s et les personnes touch\u00e9es par la c\u00e9cit\u00e9, en particulier celles qui d\u00e9pendent de leur vision p\u00e9riph\u00e9rique.<\/p>\n<p>Si des tubes fluorescents sont dispos\u00e9s en arrangement lin\u00e9aire dans des corridors, les concepteurs peuvent mettre leurs propri\u00e9t\u00e9s directionnelles \u00e0 profit en les faisant installer de l\u2019une des deux fa\u00e7ons suivantes.<\/p>\n<ul>\n<li>Au centre\u00a0: Des luminaires plac\u00e9s au milieu du corridor fournissent un rep\u00e8re visuel pour l\u2019orientation en aidant \u00e0 d\u00e9finir les c\u00f4t\u00e9s droit et gauche du corridor, ce qui peut s\u2019obtenir avec un \u00e9clairage indirect ou direct. Si un \u00e9clairage indirect est utilis\u00e9, le centre du plafond du corridor appara\u00eet comme une ligne fonc\u00e9e accompagn\u00e9e d\u2019une lumi\u00e8re indirecte, diffuse, uniforme et non \u00e9blouissante sur le plafond.<\/li>\n<li>Sur les c\u00f4t\u00e9s\u00a0: Des luminaires plac\u00e9s des deux c\u00f4t\u00e9s du corridor, \u00e0 la jonction des murs et du plafond, cr\u00e9ent un rep\u00e8re visuel similaire qui d\u00e9finit la largeur de la voie de passage et facilite les d\u00e9placements. Dans ce cas, l\u2019\u00e9clairage est indirect : les tubes fluorescents sont cach\u00e9s dans des cantonni\u00e8res ou des corniches lumineuses le long des c\u00f4t\u00e9s. Les ampoules ne sont pas visibles et le syst\u00e8me de corniches produit un effet lumineux \u00ab\u00a0doux\u00a0\u00bb acceptable.<\/li>\n<\/ul>\n<div class=\"GoToTop\"><a class=\"foc\" href=\"#page-title\"><img loading=\"lazy\" decoding=\"async\" class=\"alignnone size-full wp-image-593\" src=\"https:\/\/clearingourpath.ca\/wp-content\/uploads\/2022\/09\/s4top.jpg\" alt=\"\" width=\"30\" height=\"30\" \/>\u00a0Retour en haut de page <\/a><\/div>\n<h2 id=\"tungsten-halogen-lighting\">\u00c9clairage tungst\u00e8ne-halog\u00e8ne<\/h2>\n<p>L\u2019\u00e9clairage tungst\u00e8ne-halog\u00e8ne est un type d\u2019\u00e9clairage incandescent. L\u2019ampoule \u00e0 filament est entour\u00e9e d\u2019un gaz inerte et d\u2019une petite quantit\u00e9 d\u2019un halog\u00e8ne qui la rendent plus efficace et augmentent sa dur\u00e9e de vie.<\/p>\n<p>L\u2019\u00e9clairage halog\u00e8ne produit une lumi\u00e8re blanche intense et g\u00e9n\u00e8re plus de lumi\u00e8re par watt que les ampoules incandescentes ordinaires, ce qui en fait une bonne source lumineuse pour des aires de travail. Comme les lumi\u00e8res halog\u00e8nes sont vives, la position des ampoules doit \u00eatre planifi\u00e9e de mani\u00e8re \u00e0 r\u00e9duire l\u2019\u00e9blouissement et l\u2019ombre.<\/p>\n<p>Les lumi\u00e8res halog\u00e8nes d\u00e9gagent aussi \u00e9norm\u00e9ment de chaleur, et il s\u2019agit d\u2019une consid\u00e9ration importante en mati\u00e8re de s\u00e9curit\u00e9 dans tout environnement b\u00e2ti. Aucune source d\u2019\u00e9clairage halog\u00e8ne ne doit \u00eatre plac\u00e9e dans un endroit en dessous duquel une personne vivant avec la c\u00e9cit\u00e9 pourrait malencontreusement s\u2019asseoir ou se tenir debout, et subir des br\u00fblures. Si le danger est impossible \u00e0 d\u00e9celer sans la vue, il faut soit mettre les dispositifs \u00e0 halog\u00e8ne hors des voies de circulation, soit installer une barri\u00e8re (p. ex., un garde-corps) pour pr\u00e9venir les blessures.<\/p>\n<div class=\"GoToTop\"><a class=\"foc\" href=\"#page-title\"><img loading=\"lazy\" decoding=\"async\" class=\"alignnone size-full wp-image-593\" src=\"https:\/\/clearingourpath.ca\/wp-content\/uploads\/2022\/09\/s4top.jpg\" alt=\"\" width=\"30\" height=\"30\" \/>\u00a0Retour en haut de page <\/a><\/div>\n<h2 id=\"led-lighting\">\u00c9clairage \u00e0 diode \u00e9lectroluminescente<\/h2>\n<p>L\u2019\u00e9clairage \u00e0 DEL est une source \u00e9co\u00e9nerg\u00e9tique de lumi\u00e8re; il est bas\u00e9 sur l\u2019application d\u2019un courant \u00e9lectrique \u00e0 un circuit simple. Les ampoules \u00e0 DEL \u00e9mettent une lumi\u00e8re tr\u00e8s semblable \u00e0 la lumi\u00e8re du jour, ce qui les rend pratiques. Elles sont souvent utilis\u00e9es comme source d\u2019\u00e9clairage directionnel, pour concentrer la lumi\u00e8re sur un objet ou une partie de b\u00e2timent comme un panneau indicateur ou le bureau d\u2019accueil. Les DEL peuvent aussi \u00eatre configur\u00e9es en r\u00e9seaux dans des ampoules et elles g\u00e9n\u00e8rent alors un \u00e9clairage multidirectionnel semblable \u00e0 celui obtenu avec des ampoules incandescentes.<\/p>\n<p>Les ampoules \u00e0 DEL n\u2019\u00e9mettent aucun rayonnement ultraviolet (UV) et qu\u2019une faible quantit\u00e9 de chaleur. C\u2019est pourquoi elles sont id\u00e9ales pour \u00e9clairer des objets sensibles \u00e0 la lumi\u00e8re UV, telles les \u0153\u0153uvres d\u2019art.<\/p>\n<p>Traditionnellement utilis\u00e9es comme voyants lumineux sur des dispositifs \u00e9lectroniques, les ampoules \u00e0 DEL ont maintenant beaucoup plus d\u2019applications, notamment la signalisation, les lampadaires et l\u2019\u00e9clairage de d\u00e9tails architecturaux. Les ampoules \u00e0 DEL conviennent aussi pour les aires de travail et comme sources de lumi\u00e8re focalis\u00e9e (p. ex., sous les armoires de cuisine pour \u00e9clairer les comptoirs).<\/p>\n<p>Les sources \u00e0 DEL\u00a0:<\/p>\n<ul>\n<li>s\u2019allument instantan\u00e9ment;<\/li>\n<li>se r\u00e8glent facilement \u00e0 l\u2019aide d\u2019un gradateur;<\/li>\n<li>sont silencieuses;<\/li>\n<li>ne requi\u00e8rent qu\u2019une alimentation de basse tension (d\u2019o\u00f9 une s\u00e9curit\u00e9 accrue);<\/li>\n<li>sont de plus en plus r\u00e9pandues et abordables.<\/li>\n<\/ul>\n<div class=\"GoToTop\"><a class=\"foc\" href=\"#page-title\"><img loading=\"lazy\" decoding=\"async\" class=\"alignnone size-full wp-image-593\" src=\"https:\/\/clearingourpath.ca\/wp-content\/uploads\/2022\/09\/s4top.jpg\" alt=\"\" width=\"30\" height=\"30\" \/>\u00a0Retour en haut de page <\/a><\/div>\n<h2 id=\"hid-lighting\">\u00c9clairage \u00e0 d\u00e9charge \u00e0 haute intensit\u00e9<\/h2>\n<p>Les ampoules \u00e0 d\u00e9charge \u00e0 haute intensit\u00e9 (DHI) sont un type de lampes \u00e0 arc qui durent plus longtemps et fournissent plus de lumi\u00e8re (lumens) par watt que toute autre source lumineuse. Ces ampoules peuvent \u00eatre \u00e0 vapeur de mercure, \u00e0 halog\u00e9nure m\u00e9tallique de m\u00eame qu\u2019\u00e0 vapeur de sodium haute ou basse pression.<\/p>\n<p>Les ampoules \u00e0 vapeur de sodium basse pression sont extr\u00eamement efficaces. Leur lumi\u00e8re est jaune fonc\u00e9-orange et leur indice de rendu des couleurs, de presque z\u00e9ro. Les objets vus sous cette lumi\u00e8re semblent monochromatiques, ce qui a des cons\u00e9quences pour les personnes touch\u00e9es par la c\u00e9cit\u00e9. Les ampoules \u00e0 halog\u00e9nure m\u00e9tallique et \u00e0 halog\u00e9nure de m\u00e9tal-c\u00e9ramique peuvent \u00eatre con\u00e7ues pour produire une lumi\u00e8re blanche neutre, utile pour des applications o\u00f9 un aspect chromatique normal est essentiel (p. ex., production d\u2019\u00e9missions t\u00e9l\u00e9vis\u00e9es et de films, comp\u00e9titions sportives \u00e0 l\u2019int\u00e9rieur ou en soir\u00e9e, phares de voiture et \u00e9clairage d\u2019aquariums).<\/p>\n<p>Les ampoules \u00e0 vapeur de sodium haute pression produisent en g\u00e9n\u00e9ral une lumi\u00e8re beaucoup plus blanche, mais ayant toujours un reflet orange-rose caract\u00e9ristique. Il existe de nouvelles versions \u00e0 couleurs corrig\u00e9es qui \u00e9mettent une lumi\u00e8re plus blanche, l\u2019am\u00e9lioration des couleurs se faisant toutefois au prix d\u2019une certaine perte d\u2019efficacit\u00e9.<\/p>\n<p>Les ampoules \u00e0 DHI s\u2019utilisent habituellement dans de grands espaces o\u00f9 un niveau \u00e9lev\u00e9 d\u2019\u00e9clairage z\u00e9nithal est requis et lorsque des sources \u00e9co\u00e9nerg\u00e9tiques ou une forte puissance lumineuse sont souhaitables (p. ex., gymnases, vastes espaces publics, entrep\u00f4ts, salles de cin\u00e9ma, stades de football, aires d\u2019activit\u00e9s ext\u00e9rieures, routes, stationnements et voies de passage). Plus r\u00e9cemment, des ampoules \u00e0 DHI, surtout \u00e0 halog\u00e9nure m\u00e9tallique, ont \u00e9t\u00e9 utilis\u00e9es dans des petits commerces de d\u00e9tail et des maisons. Les ampoules \u00e0 DHI ont facilit\u00e9 le jardinage d\u2019int\u00e9rieur, en particulier pour les plantes qui ont besoin d\u2019une grande quantit\u00e9 de lumi\u00e8re solaire de haute intensit\u00e9.<\/p>\n<div class=\"GoToTop\"><a class=\"foc\" href=\"#page-title\"><img loading=\"lazy\" decoding=\"async\" class=\"alignnone size-full wp-image-593\" src=\"https:\/\/clearingourpath.ca\/wp-content\/uploads\/2022\/09\/s4top.jpg\" alt=\"\" width=\"30\" height=\"30\" \/>\u00a0Retour en haut de page <\/a><\/div>\n","protected":false},"excerpt":{"rendered":"<p>Il existe six grands types d\u2019\u00e9clairage\u00a0: lumi\u00e8re naturelle; lumi\u00e8re incandescente traditionnelle; lumi\u00e8re fluorescente; lumi\u00e8re \u00e0 halog\u00e8ne; lumi\u00e8re \u00e0 d\u00e9charge \u00e0 haute intensit\u00e9 (DHI); diode \u00e9lectroluminescente (DEL). Chaque type entra\u00eene des effets diff\u00e9rents sur les personnes touch\u00e9es par la c\u00e9cit\u00e9. La lumi\u00e8re naturelle et l\u2019\u00e9clairage artificiel [&hellip;]<\/p>\n","protected":false},"author":3,"featured_media":0,"parent":585,"menu_order":0,"comment_status":"closed","ping_status":"closed","template":"","meta":{"_monsterinsights_skip_tracking":false,"_monsterinsights_sitenote_active":false,"_monsterinsights_sitenote_note":"","_monsterinsights_sitenote_category":0,"footnotes":""},"class_list":["post-605","page","type-page","status-publish","hentry"],"_links":{"self":[{"href":"https:\/\/clearingourpath.ca\/index.php\/wp-json\/wp\/v2\/pages\/605","targetHints":{"allow":["GET"]}}],"collection":[{"href":"https:\/\/clearingourpath.ca\/index.php\/wp-json\/wp\/v2\/pages"}],"about":[{"href":"https:\/\/clearingourpath.ca\/index.php\/wp-json\/wp\/v2\/types\/page"}],"author":[{"embeddable":true,"href":"https:\/\/clearingourpath.ca\/index.php\/wp-json\/wp\/v2\/users\/3"}],"replies":[{"embeddable":true,"href":"https:\/\/clearingourpath.ca\/index.php\/wp-json\/wp\/v2\/comments?post=605"}],"version-history":[{"count":6,"href":"https:\/\/clearingourpath.ca\/index.php\/wp-json\/wp\/v2\/pages\/605\/revisions"}],"predecessor-version":[{"id":611,"href":"https:\/\/clearingourpath.ca\/index.php\/wp-json\/wp\/v2\/pages\/605\/revisions\/611"}],"up":[{"embeddable":true,"href":"https:\/\/clearingourpath.ca\/index.php\/wp-json\/wp\/v2\/pages\/585"}],"wp:attachment":[{"href":"https:\/\/clearingourpath.ca\/index.php\/wp-json\/wp\/v2\/media?parent=605"}],"curies":[{"name":"wp","href":"https:\/\/api.w.org\/{rel}","templated":true}]}}