{"id":614,"date":"2022-09-08T15:54:17","date_gmt":"2022-09-08T15:54:17","guid":{"rendered":"https:\/\/clearingourpath.ca\/?page_id=614"},"modified":"2022-11-24T11:49:17","modified_gmt":"2022-11-24T15:49:17","slug":"modes-declairage","status":"publish","type":"page","link":"https:\/\/clearingourpath.ca\/index.php\/language\/fr\/exigences-generales-de-design\/principes-de-base-du-design\/eclairage\/modes-declairage\/","title":{"rendered":"Modes d\u2019\u00e9clairage"},"content":{"rendered":"<div style=\"float:right;display:inline-block;\"><figure id=\"attachment_278\" aria-describedby=\"caption-attachment-278\" style=\"width: 294px\" class=\"wp-caption alignright\"><img loading=\"lazy\" decoding=\"async\" class=\"wp-image-278 size-full\" src=\"https:\/\/clearingourpath.ca\/wp-content\/uploads\/2022\/08\/fig2-2-3-1.jpg\" alt=\"Un panneau r\u00e9fl\u00e9chissant au pourtour d\u2019une aire de bureaux couvre presque enti\u00e8rement la partie sup\u00e9rieure des fen\u00eatres. Il s\u2019est automatiquement d\u00e9plac\u00e9 en position \u00ab vers le haut \u00bb pour att\u00e9nuer des conditions d\u2019\u00e9blouissement. Il est normalement en position horizontale et sert \u00e0 d\u00e9vier la lumi\u00e8re plus loin dans l\u2019aire de bureaux. \u00c9difice des Compagnies Loblaw limit\u00e9e, con\u00e7u par Sweeny Sterling Finlayson &amp; Co Architects Inc.\" width=\"294\" height=\"263\" \/><figcaption id=\"caption-attachment-278\" class=\"wp-caption-text\">Un panneau r\u00e9fl\u00e9chissant au pourtour d\u2019une aire de bureaux couvre presque enti\u00e8rement la partie sup\u00e9rieure des fen\u00eatres. Il s\u2019est automatiquement d\u00e9plac\u00e9 en position \u00ab vers le haut \u00bb pour att\u00e9nuer des conditions d\u2019\u00e9blouissement. Il est normalement en position horizontale et sert \u00e0 d\u00e9vier la lumi\u00e8re plus loin dans l\u2019aire de bureaux. \u00c9difice des Compagnies Loblaw limit\u00e9e, con\u00e7u par Sweeny Sterling Finlayson &amp; Co Architects Inc.<\/figcaption><\/figure><br \/>\n<figure id=\"attachment_279\" aria-describedby=\"caption-attachment-279\" style=\"width: 294px\" class=\"wp-caption alignright\"><img loading=\"lazy\" decoding=\"async\" class=\"wp-image-279 size-full\" src=\"https:\/\/clearingourpath.ca\/wp-content\/uploads\/2022\/08\/fig2-2-3-2.jpg\" alt=\"Des dispositifs d\u2019\u00e9clairage indirect suspendus sont install\u00e9s en arrangements lin\u00e9aires au-dessus d\u2019une aire de bureaux et r\u00e9fl\u00e9chissent la lumi\u00e8re sur la surface du plafond, ce qui produit un \u00e9clairement uniforme et peu d\u2019\u00e9blouissement au niveau des bureaux. \u00c9difice des Compagnies Loblaw limit\u00e9e, con\u00e7u par Sweeny Sterling Finlayson &amp; Co Architects Inc.\" width=\"294\" height=\"263\" \/><figcaption id=\"caption-attachment-279\" class=\"wp-caption-text\">Des dispositifs d\u2019\u00e9clairage indirect suspendus sont install\u00e9s en arrangements lin\u00e9aires au-dessus d\u2019une aire de bureaux et r\u00e9fl\u00e9chissent la lumi\u00e8re sur la surface du plafond, ce qui produit un \u00e9clairement uniforme et peu d\u2019\u00e9blouissement au niveau des bureaux. \u00c9difice des Compagnies Loblaw limit\u00e9e, con\u00e7u par Sweeny Sterling Finlayson &amp; Co Architects Inc.<\/figcaption><\/figure><\/div>\n<p>Il existe de nombreux modes d\u2019\u00e9clairage, tous associ\u00e9s \u00e0 diff\u00e9rentes consid\u00e9rations pour les personnes touch\u00e9es par la c\u00e9cit\u00e9.<\/p>\n<p>L\u2019\u00e9clairage ponctuel projette une lumi\u00e8re intense sur une petite surface. Il n\u2019est habituellement pas recommand\u00e9 dans les voies de circulation ou aires de travail normales, car il peut y cr\u00e9er de forts contrastes qui causent des probl\u00e8mes d\u2019accommodation oculaire pour les personnes vivant avec certains types de perte de vision. L\u2019\u00e9clairage ponctuel, dirig\u00e9 sur des \u00e9l\u00e9ments ou sur une aire de travail en particulier, convient mieux comme compl\u00e9ment \u00e0 l\u2019\u00e9clairage g\u00e9n\u00e9ral.<\/p>\n<p>Par exemple, des sources d\u2019\u00e9clairage ponctuel sont tr\u00e8s souvent install\u00e9es directement au-dessus des bureaux d\u2019accueil des h\u00f4tels et des guichets bancaires pour faciliter la lecture et l\u2019\u00e9criture. Elles aident de nombreuses personnes qui poss\u00e8dent une certaine vision r\u00e9siduelle utilisable. Il est \u00e0 noter que ces sources d\u2019\u00e9clairage doivent \u00eatre plac\u00e9es de mani\u00e8re \u00e0 ce que les utilisateurs ne fassent pas d\u2019ombre sur leurs propres surfaces de travail.<\/p>\n<p>Dans des aires de bureaux ayant un niveau d\u2019\u00e9clairement g\u00e9n\u00e9ral d\u2019environ 500\u00a0lux, il serait b\u00e9n\u00e9fique de recourir \u00e0 un \u00e9clairage ponctuel par des lampes de bureau r\u00e9glables diffusant une lumi\u00e8re de 1000 \u00e0 1500\u00a0lux. Toutefois, si les m\u00eames lampes de bureau sont utilis\u00e9es dans un espace o\u00f9 l\u2019\u00e9clairement g\u00e9n\u00e9ral n\u2019est que de 50\u00a0lux, elles vont entra\u00eener des probl\u00e8mes d\u2019accommodation oculaire en raison du trop grand contraste de lumi\u00e8re entre le niveau d\u2019\u00e9clairement g\u00e9n\u00e9ral et celui du poste de travail.<\/p>\n<p>Pour un \u00e9clairage ponctuel \u00e0 proximit\u00e9 de l\u2019utilisateur, l\u2019\u00e9clairage fluorescent sous forme d\u2019ampoules fluocompactes est une option s\u00e9curitaire qui ne g\u00e9n\u00e8re pas la chaleur des sources de lumi\u00e8re incandescente ou halog\u00e8ne.<\/p>\n<p>L\u2019\u00e9clairage vers le haut et l\u2019\u00e9clairage indirect r\u00e9fl\u00e9chissent la lumi\u00e8re sur un plafond ou un mur, laquelle \u00e9claire ensuite indirectement un espace. Il s\u2019agit souvent d\u2019un moyen efficace pour cr\u00e9er un \u00e9clairage sans zones d\u2019ombre importantes ni \u00e9blouissement.<\/p>\n<p>Diff\u00e9rents designs d\u2019\u00e9clairage ou types d\u2019ampoules permettent d\u2019obtenir un \u00e9clairage vers le haut ou un \u00e9clairage indirect. Les trois modes les plus courants sont les dispositifs d\u2019\u00e9clairage indirect suspendus, les dispositifs autoportants d\u2019\u00e9clairage vers le haut et les luminaires en applique murale.<\/p>\n<p>Les dispositifs d\u2019\u00e9clairage indirect suspendus peuvent produire une lumi\u00e8re diffuse uniforme pour une foule d\u2019utilisations et dans des espaces de dimensions vari\u00e9es. Ils s\u2019installent \u00e0 une distance de 450 \u00e0 610\u00a0mm au-dessous du plafond fini et sont dot\u00e9s de r\u00e9flecteurs qui r\u00e9pandent uniform\u00e9ment la lumi\u00e8re au plafond \u00e0 presque 180\u00a0degr\u00e9s. Une combinaison de sources d\u2019\u00e9clairage indirectes et ponctuelles donne de la souplesse pour r\u00e9pondre aux besoins particuliers des utilisateurs lorsqu\u2019une lumi\u00e8re plus intense et plus localis\u00e9e est n\u00e9cessaire.<\/p>\n<p>La r\u00e9flexion de la lumi\u00e8re sur un plafond att\u00e9nue l\u2019\u00e9blouissement sur des objets tels que les \u00e9crans d\u2019ordinateur et les affiches ou enseignes, surtout par rapport aux plafonniers traditionnels.<\/p>\n<p>Les dispositifs autoportants d\u2019\u00e9clairage vers le haut sont recommand\u00e9s dans de petits espaces, car ils peuvent \u00eatre d\u00e9plac\u00e9s selon l\u2019activit\u00e9. L\u2019intensit\u00e9 r\u00e9duite due \u00e0 la r\u00e9flexion de la lumi\u00e8re sur un plafond peut \u00eatre compens\u00e9e par l\u2019utilisation de luminaires ou d\u2019ampoules de plus forte puissance.<\/p>\n<p>Les luminaires en applique murale r\u00e9fl\u00e9chissent la lumi\u00e8re vers le haut, sur le plafond de m\u00eame que sur le mur auquel ils sont fix\u00e9s. S\u2019ils sont install\u00e9s \u00e0 intervalles r\u00e9guliers, ils cr\u00e9ent un rythme visuel qui peut aider une personne \u00e0 rep\u00e9rer son chemin d\u2019acc\u00e8s dans des espaces comme des couloirs publics. Ils peuvent aussi \u00eatre plac\u00e9s \u00e0 des endroits o\u00f9 ils rendront plus visibles certains \u00e9l\u00e9ments pr\u00e9cis, tels que les entr\u00e9es de porte.<\/p>\n","protected":false},"excerpt":{"rendered":"<p>Il existe de nombreux modes d\u2019\u00e9clairage, tous associ\u00e9s \u00e0 diff\u00e9rentes consid\u00e9rations pour les personnes touch\u00e9es par la c\u00e9cit\u00e9. L\u2019\u00e9clairage ponctuel projette une lumi\u00e8re intense sur une petite surface. Il n\u2019est habituellement pas recommand\u00e9 dans les voies de circulation ou aires de travail normales, car il [&hellip;]<\/p>\n","protected":false},"author":3,"featured_media":0,"parent":585,"menu_order":0,"comment_status":"closed","ping_status":"closed","template":"","meta":{"_monsterinsights_skip_tracking":false,"_monsterinsights_sitenote_active":false,"_monsterinsights_sitenote_note":"","_monsterinsights_sitenote_category":0,"footnotes":""},"class_list":["post-614","page","type-page","status-publish","hentry"],"_links":{"self":[{"href":"https:\/\/clearingourpath.ca\/index.php\/wp-json\/wp\/v2\/pages\/614","targetHints":{"allow":["GET"]}}],"collection":[{"href":"https:\/\/clearingourpath.ca\/index.php\/wp-json\/wp\/v2\/pages"}],"about":[{"href":"https:\/\/clearingourpath.ca\/index.php\/wp-json\/wp\/v2\/types\/page"}],"author":[{"embeddable":true,"href":"https:\/\/clearingourpath.ca\/index.php\/wp-json\/wp\/v2\/users\/3"}],"replies":[{"embeddable":true,"href":"https:\/\/clearingourpath.ca\/index.php\/wp-json\/wp\/v2\/comments?post=614"}],"version-history":[{"count":3,"href":"https:\/\/clearingourpath.ca\/index.php\/wp-json\/wp\/v2\/pages\/614\/revisions"}],"predecessor-version":[{"id":1370,"href":"https:\/\/clearingourpath.ca\/index.php\/wp-json\/wp\/v2\/pages\/614\/revisions\/1370"}],"up":[{"embeddable":true,"href":"https:\/\/clearingourpath.ca\/index.php\/wp-json\/wp\/v2\/pages\/585"}],"wp:attachment":[{"href":"https:\/\/clearingourpath.ca\/index.php\/wp-json\/wp\/v2\/media?parent=614"}],"curies":[{"name":"wp","href":"https:\/\/api.w.org\/{rel}","templated":true}]}}