{"id":620,"date":"2022-09-08T15:56:57","date_gmt":"2022-09-08T15:56:57","guid":{"rendered":"https:\/\/clearingourpath.ca\/?page_id=620"},"modified":"2022-09-08T15:56:57","modified_gmt":"2022-09-08T15:56:57","slug":"emplacement-des-luminaires","status":"publish","type":"page","link":"https:\/\/clearingourpath.ca\/index.php\/language\/fr\/exigences-generales-de-design\/principes-de-base-du-design\/eclairage\/emplacement-des-luminaires\/","title":{"rendered":"Emplacement des luminaires"},"content":{"rendered":"<p>Les sources d\u2019\u00e9clairage ext\u00e9rieur et int\u00e9rieur doivent \u00eatre orient\u00e9es de mani\u00e8re \u00e0 pr\u00e9venir l\u2019\u00e9blouissement et la r\u00e9flexion et \u00e0 maintenir un motif et un niveau d\u2019\u00e9clairement constants. Les \u00e9l\u00e9ments de l\u2019\u00e9difice qui ont besoin d\u2019\u00eatre vus ne doivent jamais se retrouver dans une zone d\u2019ombre caus\u00e9e par le type de sources d\u2019\u00e9clairage et leur emplacement.<\/p>\n<p>L\u2019utilisation coh\u00e9rente de diff\u00e9rents types d\u2019\u00e9clairage peut fournir des rep\u00e8res directionnels utiles et aider les personnes touch\u00e9es par la c\u00e9cit\u00e9 \u00e0 distinguer des sections dans un espace. Par exemple, un type de lumi\u00e8re peut servir \u00e0 \u00e9clairer les voies de passage et un autre type, les stationnements.<\/p>\n<p><strong>Voici une liste de contr\u00f4le pour des dispositifs d\u2019\u00e9clairage bien plac\u00e9s\u00a0:<\/strong><\/p>\n<ul>\n<li><strong>\u00c9viter les \u00e9blouissements.<\/strong> Les \u00e9blouissements et la r\u00e9flexion, souvent dus \u00e0 des surfaces brillantes ou luisantes, risquent de provoquer une confusion visuelle. V\u00e9rifier les luminaires de tous les angles \u00e0 leur hauteur d\u2019installation pr\u00e9vue, puis apporter toutes les corrections n\u00e9cessaires \u00e0 l\u2019\u00e9clairage ou aux surfaces.<\/li>\n<li><strong>Placer les sources de lumi\u00e8re l\u00e0 o\u00f9 elles n\u2019entra\u00eeneront pas d\u2019ombres posant probl\u00e8me.<\/strong> Les ombres, qu\u2019elles soient caus\u00e9es par la lumi\u00e8re naturelle ou artificielle, peuvent masquer des \u00e9l\u00e9ments importants et cr\u00e9er des illusions d\u2019optique. Ainsi, une ombre pourrait \u00eatre en fait le bord d\u2019une table ou une partie d\u2019un immeuble, ou pourrait emp\u00eacher de voir une obstruction.<\/li>\n<li><strong>Distribuer les niveaux d\u2019intensit\u00e9 lumineuse uniform\u00e9ment sur les surfaces de travail et de marche.<\/strong> Les variations d\u2019intensit\u00e9 lumineuse entre deux espaces adjacents (comme un ascenseur et un corridor) ne doivent pas d\u00e9passer une plage de 100 \u00e0 300\u00a0lux.<\/li>\n<li><strong>Int\u00e9grer des sources d\u2019\u00e9clairage ponctuel dirig\u00e9 sur les aires de travail et d\u2019autres \u00e9l\u00e9ments pour am\u00e9liorer le syst\u00e8me d\u2019\u00e9clairage global.<\/strong> Il s\u2019agit d\u2019un moyen \u00e9conomique d\u2019\u00e9clairer davantage certains endroits sans devoir utiliser de lumi\u00e8re intense dans l\u2019espace tout entier. L\u2019\u00e9clairage d\u2019aires de travail profite \u00e0 tous, et est essentiel pour les personnes touch\u00e9es par la c\u00e9cit\u00e9 qui ont besoin de plus de lumi\u00e8re pour ex\u00e9cuter des t\u00e2ches de pr\u00e9cision comme lire et \u00e9crire.<\/li>\n<li><strong>Utiliser des gradateurs et des ampoules de forte puissance<\/strong> chaque fois qu\u2019une telle solution est possible et appropri\u00e9e afin que les niveaux d\u2019\u00e9clairement puissent \u00eatre r\u00e9gl\u00e9s selon les besoins des diff\u00e9rents utilisateurs de l\u2019espace.<\/li>\n<\/ul>\n","protected":false},"excerpt":{"rendered":"<p>Les sources d\u2019\u00e9clairage ext\u00e9rieur et int\u00e9rieur doivent \u00eatre orient\u00e9es de mani\u00e8re \u00e0 pr\u00e9venir l\u2019\u00e9blouissement et la r\u00e9flexion et \u00e0 maintenir un motif et un niveau d\u2019\u00e9clairement constants. Les \u00e9l\u00e9ments de l\u2019\u00e9difice qui ont besoin d\u2019\u00eatre vus ne doivent jamais se retrouver dans une zone d\u2019ombre [&hellip;]<\/p>\n","protected":false},"author":3,"featured_media":0,"parent":585,"menu_order":0,"comment_status":"closed","ping_status":"closed","template":"","meta":{"_monsterinsights_skip_tracking":false,"_monsterinsights_sitenote_active":false,"_monsterinsights_sitenote_note":"","_monsterinsights_sitenote_category":0,"footnotes":""},"class_list":["post-620","page","type-page","status-publish","hentry"],"_links":{"self":[{"href":"https:\/\/clearingourpath.ca\/index.php\/wp-json\/wp\/v2\/pages\/620","targetHints":{"allow":["GET"]}}],"collection":[{"href":"https:\/\/clearingourpath.ca\/index.php\/wp-json\/wp\/v2\/pages"}],"about":[{"href":"https:\/\/clearingourpath.ca\/index.php\/wp-json\/wp\/v2\/types\/page"}],"author":[{"embeddable":true,"href":"https:\/\/clearingourpath.ca\/index.php\/wp-json\/wp\/v2\/users\/3"}],"replies":[{"embeddable":true,"href":"https:\/\/clearingourpath.ca\/index.php\/wp-json\/wp\/v2\/comments?post=620"}],"version-history":[{"count":1,"href":"https:\/\/clearingourpath.ca\/index.php\/wp-json\/wp\/v2\/pages\/620\/revisions"}],"predecessor-version":[{"id":621,"href":"https:\/\/clearingourpath.ca\/index.php\/wp-json\/wp\/v2\/pages\/620\/revisions\/621"}],"up":[{"embeddable":true,"href":"https:\/\/clearingourpath.ca\/index.php\/wp-json\/wp\/v2\/pages\/585"}],"wp:attachment":[{"href":"https:\/\/clearingourpath.ca\/index.php\/wp-json\/wp\/v2\/media?parent=620"}],"curies":[{"name":"wp","href":"https:\/\/api.w.org\/{rel}","templated":true}]}}