{"id":627,"date":"2022-09-08T15:59:06","date_gmt":"2022-09-08T15:59:06","guid":{"rendered":"https:\/\/clearingourpath.ca\/?page_id=627"},"modified":"2022-09-08T16:00:30","modified_gmt":"2022-09-08T16:00:30","slug":"acoustique","status":"publish","type":"page","link":"https:\/\/clearingourpath.ca\/index.php\/language\/fr\/exigences-generales-de-design\/principes-de-base-du-design\/acoustique\/","title":{"rendered":"Acoustique"},"content":{"rendered":"<p>Les sons fournissent de l\u2019information utile sur un espace. Ainsi, une personne vivant avec la c\u00e9cit\u00e9 peut claquer des doigts, tapoter avec une longue canne ou produire un autre bruit pour \u00e9couter un son r\u00e9fl\u00e9chi, un processus appel\u00e9 \u00ab\u00a0\u00e9cholocalisation\u00a0\u00bb (pour en savoir plus sur l\u2019\u00e9cholocalisation, lisez \u00ab\u00a0<a lang=\"en\" href=\"http:\/\/news.sciencemag.org\/brain-behavior\/2014\/11\/how-blind-people-use-batlike-sonar\" target=\"_blank\" rel=\"noopener\" hreflang=\"en\">How Blind People Use Batlike Sonar<\/a>\u00a0\u00bb [Comment les personnes aveugles utilisent un sonar semblable \u00e0 celui des chauves-souris] sur le site Web <a href=\"http:\/\/news.sciencemag.org\" target=\"_blank\" rel=\"noopener\" hreflang=\"en\">news.sciencemag.org<\/a> \u2013 en anglais seulement.)<\/p>\n<p>L\u2019\u00e9cholocalisation peut aider \u00e0 \u00e9valuer la taille d\u2019une pi\u00e8ce et \u00e0 d\u00e9tecter la pr\u00e9sence de corridors ou la proximit\u00e9 d\u2019obstacles structuraux (p. ex., murs et poteaux). \u00c0 l\u2019int\u00e9rieur d\u2019un environnement b\u00e2ti, des sons particuliers peuvent renseigner sur l\u2019emplacement d\u2019\u00e9l\u00e9ments particuliers, tels que les ascenseurs. Cependant, l\u2019espace doit \u00eatre con\u00e7u de mani\u00e8re \u00e0 ce que tous ces sons puissent \u00eatre entendus.<\/p>\n<p>Des niveaux trop \u00e9lev\u00e9s de son r\u00e9fl\u00e9chi et de bruit de fond (\u00e9blouissement sonore) dans un environnement auront pour effet de masquer les sons. L\u2019\u00e9blouissement sonore interf\u00e8re avec le processus de localisation d\u2019un rep\u00e8re auditif et est une source de confusion et de fatigue pour une personne qui \u00e9coute. Des foules, un bruit de construction ou d\u2019entretien, un avion \u00e0 r\u00e9action traversant le ciel ou une musique de fond dans les entr\u00e9es et les ascenseurs peuvent \u00e9touffer de pr\u00e9cieuses informations auditives. Les lieux am\u00e9nag\u00e9s sous forme de grandes salles \u00e0 plafond haut et ouvert, comme le veulent les tendances r\u00e9centes en mati\u00e8re de design de restaurants, entra\u00eenent un bruit excessif qui rend les d\u00e9placements et l\u2019orientation extr\u00eamement difficiles pour une personne vivant avec la c\u00e9cit\u00e9. Id\u00e9alement, ce type d\u2019am\u00e9nagement doit \u00eatre \u00e9vit\u00e9 afin que tous les clients et h\u00f4tes aient la meilleure exp\u00e9rience possible. Sinon, des dispositifs de masquage sonore tels que des g\u00e9n\u00e9rateurs de bruit blanc doivent \u00eatre envisag\u00e9s.<\/p>\n<p>Un objet solide plac\u00e9 entre une source de son et une personne qui \u00e9coute peut cr\u00e9er une ombre sonore. Les ombres sonores peuvent fournir des renseignements utiles, mais risquent aussi de d\u00e9sorienter une personne qui se d\u00e9place en se fiant \u00e0 des rep\u00e8res auditifs pr\u00e9cis. Par exemple, un \u00e9talage temporaire, un \u00e9chafaudage utilis\u00e9 pour des travaux d\u2019entretien et de r\u00e9paration ou des objets d\u00e9coratifs install\u00e9s apr\u00e8s la construction d\u2019un immeuble peuvent d\u00e9former ou bloquer des sons essentiels.<\/p>\n<p>Bien qu\u2019un architecte ne puisse \u00e9liminer chaque situation d\u2019\u00e9blouissement sonore ou de formation d\u2019ombres sonores, plusieurs \u00e9tapes doivent \u00eatre prises en compte dans la planification du design acoustique d\u2019un espace.<\/p>\n<ul>\n<li>Des espaces bien d\u00e9finis qui r\u00e9fl\u00e9chissent les sons se r\u00e9v\u00e8lent plus faciles \u00e0 traverser de fa\u00e7on s\u00e9curitaire pour des personnes touch\u00e9es par la c\u00e9cit\u00e9. Pr\u00e9voir des \u00e9l\u00e9ments tels que fontaines, ascenseurs ou escaliers m\u00e9caniques pour cr\u00e9er des sons utiles. Par exemple, une fontaine pourrait d\u00e9signer un jardin ou une salle de r\u00e9ception. Un escalier m\u00e9canique serait un bon indicateur d\u2019une aire centrale qui est une part importante de la conception d\u2019un immeuble.<\/li>\n<li>Les moquettes, les carreaux de plafond insonorisants et les meubles rembourr\u00e9s absorbent le son et att\u00e9nuent les sons r\u00e9fl\u00e9chis. Cr\u00e9er un bon \u00e9quilibre de mat\u00e9riaux absorbant le son et de mat\u00e9riaux r\u00e9fl\u00e9chissant le son afin que les personnes puissent \u00ab\u00a0entendre\u00a0\u00bb l\u2019espace (c.-\u00e0-d., obtenir de l\u2019information sur l\u2019espace gr\u00e2ce au son).<\/li>\n<li>Des sources sonores pourraient masquer d\u2019autres sons devant servir de rep\u00e8res directionnels importants. Prenons le bruit g\u00e9n\u00e9r\u00e9 par des \u00e9l\u00e9ments comme les conduits de ventilation ou les appareils de climatisation. Ces sons peuvent aider une personne \u00e0 rep\u00e9rer son chemin d\u2019acc\u00e8s, mais ils ne doivent pas \u00e9touffer d\u2019autres rep\u00e8res audio importants, comme le son d\u2019un ascenseur qui arrive ou les messages transmis par le syst\u00e8me de diffusion publique.<\/li>\n<li>Des appareils de masquage sonore (p. ex., g\u00e9n\u00e9rateurs de bruit blanc) peuvent bloquer efficacement le bruit non d\u00e9sir\u00e9 dans de nombreuses situations, mais ne doivent en aucun cas att\u00e9nuer tous les sons dans un espace.<\/li>\n<li>Le verre peut \u00eatre un tampon sonore efficace. Utiliser un vitrage double ayant une capacit\u00e9 \u00e9tablie de r\u00e9duction du son.<\/li>\n<\/ul>\n<p>Les sons r\u00e9fl\u00e9chis qui permettent \u00e0 une personne d\u2019utiliser l\u2019\u00e9cholocalisation sont souvent une bonne source de rep\u00e8res auditifs. Avant de construire ou de r\u00e9nover un espace, il faut examiner comment la structure et la texture des voies de circulation planifi\u00e9es pourraient interagir avec les sons cr\u00e9\u00e9s par les utilisateurs (p. ex., tapotement avec une canne).<\/p>\n","protected":false},"excerpt":{"rendered":"<p>Les sons fournissent de l\u2019information utile sur un espace. Ainsi, une personne vivant avec la c\u00e9cit\u00e9 peut claquer des doigts, tapoter avec une longue canne ou produire un autre bruit pour \u00e9couter un son r\u00e9fl\u00e9chi, un processus appel\u00e9 \u00ab\u00a0\u00e9cholocalisation\u00a0\u00bb (pour en savoir plus sur l\u2019\u00e9cholocalisation, [&hellip;]<\/p>\n","protected":false},"author":3,"featured_media":0,"parent":541,"menu_order":4,"comment_status":"closed","ping_status":"closed","template":"","meta":{"_monsterinsights_skip_tracking":false,"_monsterinsights_sitenote_active":false,"_monsterinsights_sitenote_note":"","_monsterinsights_sitenote_category":0,"footnotes":""},"class_list":["post-627","page","type-page","status-publish","hentry"],"_links":{"self":[{"href":"https:\/\/clearingourpath.ca\/index.php\/wp-json\/wp\/v2\/pages\/627","targetHints":{"allow":["GET"]}}],"collection":[{"href":"https:\/\/clearingourpath.ca\/index.php\/wp-json\/wp\/v2\/pages"}],"about":[{"href":"https:\/\/clearingourpath.ca\/index.php\/wp-json\/wp\/v2\/types\/page"}],"author":[{"embeddable":true,"href":"https:\/\/clearingourpath.ca\/index.php\/wp-json\/wp\/v2\/users\/3"}],"replies":[{"embeddable":true,"href":"https:\/\/clearingourpath.ca\/index.php\/wp-json\/wp\/v2\/comments?post=627"}],"version-history":[{"count":1,"href":"https:\/\/clearingourpath.ca\/index.php\/wp-json\/wp\/v2\/pages\/627\/revisions"}],"predecessor-version":[{"id":628,"href":"https:\/\/clearingourpath.ca\/index.php\/wp-json\/wp\/v2\/pages\/627\/revisions\/628"}],"up":[{"embeddable":true,"href":"https:\/\/clearingourpath.ca\/index.php\/wp-json\/wp\/v2\/pages\/541"}],"wp:attachment":[{"href":"https:\/\/clearingourpath.ca\/index.php\/wp-json\/wp\/v2\/media?parent=627"}],"curies":[{"name":"wp","href":"https:\/\/api.w.org\/{rel}","templated":true}]}}