{"id":675,"date":"2022-10-13T13:13:45","date_gmt":"2022-10-13T13:13:45","guid":{"rendered":"https:\/\/clearingourpath.ca\/?page_id=675"},"modified":"2022-10-13T13:17:34","modified_gmt":"2022-10-13T13:17:34","slug":"voies-de-deplacement","status":"publish","type":"page","link":"https:\/\/clearingourpath.ca\/index.php\/language\/fr\/exigences-generales-de-design\/elements-de-design-communs\/voies-de-deplacement\/","title":{"rendered":"Voies de d\u00e9placement"},"content":{"rendered":"<p>Une voie de d\u00e9placement consiste en tout espace dans un \u00e9tablissement public o\u00f9 des personnes pourraient, selon toute attente raisonnable, se d\u00e9placer d\u2019un point \u00e0 un autre. Les personnes touch\u00e9es par la c\u00e9cit\u00e9 doivent absolument \u00eatre prises en compte dans le design des voies de d\u00e9placement. Un parcours accessible leur permettra de traverser des espaces publics de fa\u00e7on s\u00e9curitaire et autonome.<\/p>\n<p>Une voie de d\u00e9placement accessible doit id\u00e9alement \u00eatre droite, avec des changements de direction aussi pr\u00e8s que possible de 90 degr\u00e9s. Ses surfaces doivent \u00eatre fermes, stables, antid\u00e9rapantes et non \u00e9blouissantes. Les surfaces \u00e0 motifs serr\u00e9s et multiples sont \u00e0 \u00e9viter, car elles peuvent entra\u00eener la confusion visuelle et la d\u00e9sorientation.<\/p>\n<p>Les voies pi\u00e9tonni\u00e8res doivent avoir des points d\u2019intersection \u00e0 un angle aussi droit que possible, et les voies qui se croisent doivent continuer en lignes droites.<\/p>\n<p>Une voie droite est plus facile \u00e0 suivre pour les personnes touch\u00e9es par la c\u00e9cit\u00e9. Des voies de d\u00e9placement courbes ou sinueuses sont plus difficiles \u00e0 d\u00e9tecter, plus difficiles \u00e0 d\u00e9crire verbalement et plus difficiles \u00e0 m\u00e9moriser pour les utilisateurs fr\u00e9quents. Des voies principales qui sont clairement distinctes des alentours facilitent de beaucoup les d\u00e9placements. Dans de vastes espaces ext\u00e9rieurs et int\u00e9rieurs ouverts, l\u2019utilisation de surfaces textur\u00e9es est \u00e0 envisager pour diff\u00e9rencier les voies de d\u00e9placement des surfaces adjacentes.<\/p>\n","protected":false},"excerpt":{"rendered":"<p>Une voie de d\u00e9placement consiste en tout espace dans un \u00e9tablissement public o\u00f9 des personnes pourraient, selon toute attente raisonnable, se d\u00e9placer d\u2019un point \u00e0 un autre. Les personnes touch\u00e9es par la c\u00e9cit\u00e9 doivent absolument \u00eatre prises en compte dans le design des voies de [&hellip;]<\/p>\n","protected":false},"author":3,"featured_media":0,"parent":432,"menu_order":0,"comment_status":"closed","ping_status":"closed","template":"","meta":{"_monsterinsights_skip_tracking":false,"_monsterinsights_sitenote_active":false,"_monsterinsights_sitenote_note":"","_monsterinsights_sitenote_category":0,"footnotes":""},"class_list":["post-675","page","type-page","status-publish","hentry"],"_links":{"self":[{"href":"https:\/\/clearingourpath.ca\/index.php\/wp-json\/wp\/v2\/pages\/675","targetHints":{"allow":["GET"]}}],"collection":[{"href":"https:\/\/clearingourpath.ca\/index.php\/wp-json\/wp\/v2\/pages"}],"about":[{"href":"https:\/\/clearingourpath.ca\/index.php\/wp-json\/wp\/v2\/types\/page"}],"author":[{"embeddable":true,"href":"https:\/\/clearingourpath.ca\/index.php\/wp-json\/wp\/v2\/users\/3"}],"replies":[{"embeddable":true,"href":"https:\/\/clearingourpath.ca\/index.php\/wp-json\/wp\/v2\/comments?post=675"}],"version-history":[{"count":1,"href":"https:\/\/clearingourpath.ca\/index.php\/wp-json\/wp\/v2\/pages\/675\/revisions"}],"predecessor-version":[{"id":676,"href":"https:\/\/clearingourpath.ca\/index.php\/wp-json\/wp\/v2\/pages\/675\/revisions\/676"}],"up":[{"embeddable":true,"href":"https:\/\/clearingourpath.ca\/index.php\/wp-json\/wp\/v2\/pages\/432"}],"wp:attachment":[{"href":"https:\/\/clearingourpath.ca\/index.php\/wp-json\/wp\/v2\/media?parent=675"}],"curies":[{"name":"wp","href":"https:\/\/api.w.org\/{rel}","templated":true}]}}