{"id":701,"date":"2022-10-13T15:01:34","date_gmt":"2022-10-13T15:01:34","guid":{"rendered":"https:\/\/clearingourpath.ca\/?page_id=701"},"modified":"2022-10-13T16:12:57","modified_gmt":"2022-10-13T16:12:57","slug":"escaliers","status":"publish","type":"page","link":"https:\/\/clearingourpath.ca\/index.php\/language\/fr\/exigences-generales-de-design\/elements-de-design-communs\/escaliers\/","title":{"rendered":"Escaliers"},"content":{"rendered":"<p>Les lignes directrices relatives aux escaliers d\u00e9crites ci-dessous sont un compl\u00e9ment aux normes \u00e9nonc\u00e9es dans les codes du b\u00e2timent national et provinciaux.<\/p>\n<figure id=\"attachment_294\" aria-describedby=\"caption-attachment-294\" style=\"width: 640px\" class=\"wp-caption alignnone\"><img loading=\"lazy\" decoding=\"async\" class=\"wp-image-294 size-large\" src=\"https:\/\/clearingourpath.ca\/wp-content\/uploads\/2022\/08\/fig3-4-1_f-1024x909.png\" alt=\"Illustration des principales exigences pour la conception d\u2019escaliers qui r\u00e9pondent aux besoins des personnes touch\u00e9es par la c\u00e9cit\u00e9.\" width=\"640\" height=\"568\" srcset=\"https:\/\/clearingourpath.ca\/wp-content\/uploads\/2022\/08\/fig3-4-1_f-1024x909.png 1024w, https:\/\/clearingourpath.ca\/wp-content\/uploads\/2022\/08\/fig3-4-1_f-300x266.png 300w, https:\/\/clearingourpath.ca\/wp-content\/uploads\/2022\/08\/fig3-4-1_f-768x682.png 768w, https:\/\/clearingourpath.ca\/wp-content\/uploads\/2022\/08\/fig3-4-1_f.png 1409w\" sizes=\"auto, (max-width: 640px) 100vw, 640px\" \/><figcaption id=\"caption-attachment-294\" class=\"wp-caption-text\">Illustration des principales exigences pour la conception d\u2019escaliers qui r\u00e9pondent aux besoins des personnes touch\u00e9es par la c\u00e9cit\u00e9.<\/figcaption><\/figure>\n<p><strong>Dans cette section\u00a0: <\/strong><\/p>\n<ul>\n<li><a href=\"https:\/\/clearingourpath.ca\/index.php\/fr\/exigences-generales-de-design\/elements-de-design-communs\/escaliers\/emplacement\/\">Emplacement<\/a><\/li>\n<li><a href=\"https:\/\/clearingourpath.ca\/index.php\/fr\/exigences-generales-de-design\/elements-de-design-communs\/escaliers\/marches-et-contremarches\/\">Marches et contremarches<\/a><\/li>\n<li><a href=\"https:\/\/clearingourpath.ca\/index.php\/fr\/exigences-generales-de-design\/elements-de-design-communs\/escaliers\/nez\/\">Nez<\/a><\/li>\n<li><a href=\"https:\/\/clearingourpath.ca\/index.php\/fr\/exigences-generales-de-design\/elements-de-design-communs\/escaliers\/indicateurs-tactiles-de-surface-de-marche\/\">Indicateurs tactiles de surface de marche<\/a><\/li>\n<li><a href=\"https:\/\/clearingourpath.ca\/index.php\/fr\/exigences-generales-de-design\/elements-de-design-communs\/escaliers\/mains-courantes\/\">Mains courantes<\/a><\/li>\n<li><a href=\"https:\/\/clearingourpath.ca\/index.php\/fr\/exigences-generales-de-design\/elements-de-design-communs\/escaliers\/dessous-des-escaliers\/\">Dessous des escaliers<\/a><\/li>\n<li><a href=\"https:\/\/clearingourpath.ca\/index.php\/fr\/exigences-generales-de-design\/elements-de-design-communs\/escaliers\/eclairage\/\">\u00c9clairage<\/a><\/li>\n<\/ul>\n","protected":false},"excerpt":{"rendered":"<p>Les lignes directrices relatives aux escaliers d\u00e9crites ci-dessous sont un compl\u00e9ment aux normes \u00e9nonc\u00e9es dans les codes du b\u00e2timent national et provinciaux. Dans cette section\u00a0: Emplacement Marches et contremarches Nez Indicateurs tactiles de surface de marche Mains courantes Dessous des escaliers \u00c9clairage<\/p>\n","protected":false},"author":3,"featured_media":0,"parent":432,"menu_order":3,"comment_status":"closed","ping_status":"closed","template":"","meta":{"_monsterinsights_skip_tracking":false,"_monsterinsights_sitenote_active":false,"_monsterinsights_sitenote_note":"","_monsterinsights_sitenote_category":0,"footnotes":""},"class_list":["post-701","page","type-page","status-publish","hentry"],"_links":{"self":[{"href":"https:\/\/clearingourpath.ca\/index.php\/wp-json\/wp\/v2\/pages\/701","targetHints":{"allow":["GET"]}}],"collection":[{"href":"https:\/\/clearingourpath.ca\/index.php\/wp-json\/wp\/v2\/pages"}],"about":[{"href":"https:\/\/clearingourpath.ca\/index.php\/wp-json\/wp\/v2\/types\/page"}],"author":[{"embeddable":true,"href":"https:\/\/clearingourpath.ca\/index.php\/wp-json\/wp\/v2\/users\/3"}],"replies":[{"embeddable":true,"href":"https:\/\/clearingourpath.ca\/index.php\/wp-json\/wp\/v2\/comments?post=701"}],"version-history":[{"count":2,"href":"https:\/\/clearingourpath.ca\/index.php\/wp-json\/wp\/v2\/pages\/701\/revisions"}],"predecessor-version":[{"id":771,"href":"https:\/\/clearingourpath.ca\/index.php\/wp-json\/wp\/v2\/pages\/701\/revisions\/771"}],"up":[{"embeddable":true,"href":"https:\/\/clearingourpath.ca\/index.php\/wp-json\/wp\/v2\/pages\/432"}],"wp:attachment":[{"href":"https:\/\/clearingourpath.ca\/index.php\/wp-json\/wp\/v2\/media?parent=701"}],"curies":[{"name":"wp","href":"https:\/\/api.w.org\/{rel}","templated":true}]}}