{"id":713,"date":"2022-10-13T15:22:03","date_gmt":"2022-10-13T15:22:03","guid":{"rendered":"https:\/\/clearingourpath.ca\/?page_id=713"},"modified":"2022-10-25T16:12:29","modified_gmt":"2022-10-25T16:12:29","slug":"elements-de-design-interieur","status":"publish","type":"page","link":"https:\/\/clearingourpath.ca\/index.php\/language\/fr\/exigences-generales-de-design\/elements-de-design-interieur\/","title":{"rendered":"\u00c9l\u00e9ments de design int\u00e9rieur"},"content":{"rendered":"<p>La pr\u00e9sente section traite en d\u00e9tail d\u2019\u00e9l\u00e9ments de design que l\u2019on retrouve couramment dans des environnements int\u00e9rieurs.<\/p>\n<p>Elle couvre les exigences de design en mati\u00e8re d\u2019accessibilit\u00e9 des voies de d\u00e9placement int\u00e9rieures, telles que les couloirs, les passages, les escaliers m\u00e9caniques, les trottoirs m\u00e9caniques et les ascenseurs. Elle d\u00e9crit aussi les consid\u00e9rations de design pour les entr\u00e9es et vestibules, les portes, les syst\u00e8mes de vitrage int\u00e9rieur, les comptoirs de services, les guichets, les files d\u2019attente et les t\u00e9l\u00e9phones publics.<\/p>\n<p>La section se conclut par une \u00e9tude des besoins particuliers des personnes touch\u00e9es par la c\u00e9cit\u00e9 dont il faut tenir compte dans certains types d\u2019installations, soit les cin\u00e9mas et th\u00e9\u00e2tres, les salles de conf\u00e9rences, les salles \u00e0 manger, les cuisines, les salles de bain, les vestiaires, les piscines, les gymnases, les biblioth\u00e8ques et les espaces d\u2019exposition.<\/p>\n<p>Veuillez noter que la section <a href=\"https:\/\/clearingourpath.ca\/index.php\/fr\/exigences-generales-de-design\/elements-de-design-communs\/\">\u00c9lements de design communs<\/a> contient plus d\u2019information sur des \u00e9l\u00e9ments communs \u00e0 des environnements ext\u00e9rieurs et int\u00e9rieurs.<\/p>\n<p>Les exigences techniques \u00e9nonc\u00e9es dans cette section sont extraites de plusieurs sources, dont le <a href=\"http:\/\/www.nrc-cnrc.gc.ca\/fra\/publications\/centre_codes\/2010_code_national_batiment.html\" target=\"_blank\" rel=\"noopener\">Code national du b\u00e2timent &#8211; Canada<\/a>, <a href=\"https:\/\/store.csagroup.org\/ccrz__ProductDetails?viewState=DetailView&amp;cartID=&amp;sku=B651-18&amp;isCSRFlow=true&amp;portalUser=&amp;store=&amp;cclcl=fr_CA\" target=\"_blank\" rel=\"noopener\">CAN\/CSA B651 \u2013 Conception accessible pour l\u2019environnement b\u00e2ti<\/a>, <a href=\"http:\/\/www.iso.org\/iso\/fr\/home\/store\/catalogue_tc\/catalogue_detail.htm?csnumber=50498\" target=\"_blank\" rel=\"noopener\">ISO\/FDIS 21542 : Construction immobili\u00e8re \u2013 Accessibilit\u00e9 et facilit\u00e9 d\u2019utilisation de l\u2019environnement b\u00e2ti<\/a> et <a href=\"http:\/\/www.iso.org\/iso\/fr\/home\/store\/catalogue_tc\/catalogue_detail.htm?csnumber=55867\" target=\"_blank\" rel=\"noopener\">ISO 23599 : Produits d\u2019assistance pour personnes aveugles ou visuellement affaiblies \u2013 Indicateurs tactiles de surfaces de marche<\/a>. Veuillez consulter ces documents pour obtenir des sp\u00e9cifications techniques plus compl\u00e8tes.<\/p>\n<p><strong>Dans cette section\u00a0:<\/strong><\/p>\n<ul>\n<li><a href=\"https:\/\/clearingourpath.ca\/index.php\/fr\/exigences-generales-de-design\/elements-de-design-interieur\/entrees-et-vestibules\/\">Entr\u00e9es et vestibules<\/a><\/li>\n<li><a href=\"https:\/\/clearingourpath.ca\/index.php\/fr\/exigences-generales-de-design\/elements-de-design-interieur\/elements-de-commodite-ou-dagrement\/\">\u00c9l\u00e9ments de commodit\u00e9 ou d\u2019agr\u00e9ment<\/a><\/li>\n<li><a href=\"https:\/\/clearingourpath.ca\/index.php\/fr\/exigences-generales-de-design\/elements-de-design-interieur\/finis-de-sol-grilles-et-tapis\/\">Finis de sol, grilles et tapis<\/a><\/li>\n<li><a href=\"https:\/\/clearingourpath.ca\/index.php\/fr\/exigences-generales-de-design\/elements-de-design-interieur\/comptoirs-de-services-et-guichets\/\">Comptoirs de services et guichets<\/a><\/li>\n<li><a href=\"https:\/\/clearingourpath.ca\/index.php\/fr\/exigences-generales-de-design\/elements-de-design-interieur\/systemes-de-file-dattente\/\">Syst\u00e8mes de file d\u2019attente<\/a><\/li>\n<li><a href=\"https:\/\/clearingourpath.ca\/index.php\/fr\/exigences-generales-de-design\/elements-de-design-interieur\/circulation-interieure\/\">Circulation int\u00e9rieure<\/a><\/li>\n<li><a href=\"https:\/\/clearingourpath.ca\/index.php\/fr\/exigences-generales-de-design\/elements-de-design-interieur\/telephones-publics\/\">T\u00e9l\u00e9phones publics<\/a><\/li>\n<li><a href=\"https:\/\/clearingourpath.ca\/index.php\/fr\/exigences-generales-de-design\/elements-de-design-interieur\/escaliers-mecaniques-et-trottoirs-mecaniques\/\">Escaliers m\u00e9caniques et trottoirs m\u00e9caniques<\/a><\/li>\n<li><a href=\"https:\/\/clearingourpath.ca\/index.php\/fr\/exigences-generales-de-design\/elements-de-design-interieur\/ascenseurs\/\">Ascenseurs<\/a><\/li>\n<li><a href=\"https:\/\/clearingourpath.ca\/index.php\/fr\/exigences-generales-de-design\/elements-de-design-interieur\/miroirs-ecrans-vitres-et-fenetres-laterales\/\">Miroirs, \u00e9crans vitr\u00e9s et fen\u00eatres lat\u00e9rales<\/a><\/li>\n<li><a href=\"https:\/\/clearingourpath.ca\/index.php\/fr\/exigences-generales-de-design\/elements-de-design-interieur\/portes-et-allees-dentree\/\">Portes et all\u00e9es d\u2019entr\u00e9e<\/a><\/li>\n<li><a href=\"https:\/\/clearingourpath.ca\/index.php\/fr\/exigences-generales-de-design\/elements-de-design-interieur\/espaces-interieurs-particuliers\/\">Espaces int\u00e9rieurs particuliers<\/a><\/li>\n<\/ul>\n","protected":false},"excerpt":{"rendered":"<p>La pr\u00e9sente section traite en d\u00e9tail d\u2019\u00e9l\u00e9ments de design que l\u2019on retrouve couramment dans des environnements int\u00e9rieurs. Elle couvre les exigences de design en mati\u00e8re d\u2019accessibilit\u00e9 des voies de d\u00e9placement int\u00e9rieures, telles que les couloirs, les passages, les escaliers m\u00e9caniques, les trottoirs m\u00e9caniques et les [&hellip;]<\/p>\n","protected":false},"author":3,"featured_media":0,"parent":428,"menu_order":3,"comment_status":"closed","ping_status":"closed","template":"","meta":{"_monsterinsights_skip_tracking":false,"_monsterinsights_sitenote_active":false,"_monsterinsights_sitenote_note":"","_monsterinsights_sitenote_category":0,"footnotes":""},"class_list":["post-713","page","type-page","status-publish","hentry"],"_links":{"self":[{"href":"https:\/\/clearingourpath.ca\/index.php\/wp-json\/wp\/v2\/pages\/713","targetHints":{"allow":["GET"]}}],"collection":[{"href":"https:\/\/clearingourpath.ca\/index.php\/wp-json\/wp\/v2\/pages"}],"about":[{"href":"https:\/\/clearingourpath.ca\/index.php\/wp-json\/wp\/v2\/types\/page"}],"author":[{"embeddable":true,"href":"https:\/\/clearingourpath.ca\/index.php\/wp-json\/wp\/v2\/users\/3"}],"replies":[{"embeddable":true,"href":"https:\/\/clearingourpath.ca\/index.php\/wp-json\/wp\/v2\/comments?post=713"}],"version-history":[{"count":3,"href":"https:\/\/clearingourpath.ca\/index.php\/wp-json\/wp\/v2\/pages\/713\/revisions"}],"predecessor-version":[{"id":1244,"href":"https:\/\/clearingourpath.ca\/index.php\/wp-json\/wp\/v2\/pages\/713\/revisions\/1244"}],"up":[{"embeddable":true,"href":"https:\/\/clearingourpath.ca\/index.php\/wp-json\/wp\/v2\/pages\/428"}],"wp:attachment":[{"href":"https:\/\/clearingourpath.ca\/index.php\/wp-json\/wp\/v2\/media?parent=713"}],"curies":[{"name":"wp","href":"https:\/\/api.w.org\/{rel}","templated":true}]}}