{"id":717,"date":"2022-10-13T15:23:06","date_gmt":"2022-10-13T15:23:06","guid":{"rendered":"https:\/\/clearingourpath.ca\/?page_id=717"},"modified":"2022-10-25T15:37:15","modified_gmt":"2022-10-25T15:37:15","slug":"escaliers-mecaniques-et-trottoirs-mecaniques","status":"publish","type":"page","link":"https:\/\/clearingourpath.ca\/index.php\/language\/fr\/exigences-generales-de-design\/elements-de-design-interieur\/escaliers-mecaniques-et-trottoirs-mecaniques\/","title":{"rendered":"Escaliers m\u00e9caniques et trottoirs m\u00e9caniques"},"content":{"rendered":"<p><strong>Dans cette section\u00a0:<\/strong><\/p>\n<ul>\n<li><a href=\"https:\/\/clearingourpath.ca\/index.php\/fr\/exigences-generales-de-design\/elements-de-design-interieur\/escaliers-mecaniques-et-trottoirs-mecaniques\/surfaces\/\">Surfaces<\/a><\/li>\n<li><a href=\"https:\/\/clearingourpath.ca\/index.php\/fr\/exigences-generales-de-design\/elements-de-design-interieur\/escaliers-mecaniques-et-trottoirs-mecaniques\/marches-et-contremarches\/\">Marches et contremarches<\/a><\/li>\n<li><a href=\"https:\/\/clearingourpath.ca\/index.php\/fr\/exigences-generales-de-design\/elements-de-design-interieur\/escaliers-mecaniques-et-trottoirs-mecaniques\/indicateurs-tactiles-de-surface-de-marche\/\">Indicateurs tactiles de surface de marche<\/a><\/li>\n<li><a href=\"https:\/\/clearingourpath.ca\/index.php\/fr\/exigences-generales-de-design\/elements-de-design-interieur\/escaliers-mecaniques-et-trottoirs-mecaniques\/eclairage\/\">\u00c9clairage<\/a><\/li>\n<li><a href=\"https:\/\/clearingourpath.ca\/index.php\/fr\/exigences-generales-de-design\/elements-de-design-interieur\/escaliers-mecaniques-et-trottoirs-mecaniques\/dessous-des-escaliers-mecaniques-et-des-trottoirs-mecaniques\/\">Dessous des escaliers m\u00e9caniques et des trottoirs m\u00e9caniques<\/a><\/li>\n<li><a href=\"https:\/\/clearingourpath.ca\/index.php\/fr\/exigences-generales-de-design\/elements-de-design-interieur\/escaliers-mecaniques-et-trottoirs-mecaniques\/voie-dacces-substitut\/\">Voie d\u2019acc\u00e8s substitut<\/a><\/li>\n<li><a href=\"https:\/\/clearingourpath.ca\/index.php\/fr\/exigences-generales-de-design\/elements-de-design-interieur\/escaliers-mecaniques-et-trottoirs-mecaniques\/reparations\/\">R\u00e9parations<\/a><\/li>\n<\/ul>\n","protected":false},"excerpt":{"rendered":"<p>Dans cette section\u00a0: Surfaces Marches et contremarches Indicateurs tactiles de surface de marche \u00c9clairage Dessous des escaliers m\u00e9caniques et des trottoirs m\u00e9caniques Voie d\u2019acc\u00e8s substitut R\u00e9parations<\/p>\n","protected":false},"author":3,"featured_media":0,"parent":713,"menu_order":7,"comment_status":"closed","ping_status":"closed","template":"","meta":{"_monsterinsights_skip_tracking":false,"_monsterinsights_sitenote_active":false,"_monsterinsights_sitenote_note":"","_monsterinsights_sitenote_category":0,"footnotes":""},"class_list":["post-717","page","type-page","status-publish","hentry"],"_links":{"self":[{"href":"https:\/\/clearingourpath.ca\/index.php\/wp-json\/wp\/v2\/pages\/717","targetHints":{"allow":["GET"]}}],"collection":[{"href":"https:\/\/clearingourpath.ca\/index.php\/wp-json\/wp\/v2\/pages"}],"about":[{"href":"https:\/\/clearingourpath.ca\/index.php\/wp-json\/wp\/v2\/types\/page"}],"author":[{"embeddable":true,"href":"https:\/\/clearingourpath.ca\/index.php\/wp-json\/wp\/v2\/users\/3"}],"replies":[{"embeddable":true,"href":"https:\/\/clearingourpath.ca\/index.php\/wp-json\/wp\/v2\/comments?post=717"}],"version-history":[{"count":2,"href":"https:\/\/clearingourpath.ca\/index.php\/wp-json\/wp\/v2\/pages\/717\/revisions"}],"predecessor-version":[{"id":1169,"href":"https:\/\/clearingourpath.ca\/index.php\/wp-json\/wp\/v2\/pages\/717\/revisions\/1169"}],"up":[{"embeddable":true,"href":"https:\/\/clearingourpath.ca\/index.php\/wp-json\/wp\/v2\/pages\/713"}],"wp:attachment":[{"href":"https:\/\/clearingourpath.ca\/index.php\/wp-json\/wp\/v2\/media?parent=717"}],"curies":[{"name":"wp","href":"https:\/\/api.w.org\/{rel}","templated":true}]}}