{"id":742,"date":"2022-10-13T15:50:58","date_gmt":"2022-10-13T15:50:58","guid":{"rendered":"https:\/\/clearingourpath.ca\/?page_id=742"},"modified":"2022-10-13T15:50:58","modified_gmt":"2022-10-13T15:50:58","slug":"emplacement","status":"publish","type":"page","link":"https:\/\/clearingourpath.ca\/index.php\/language\/fr\/exigences-generales-de-design\/elements-de-design-communs\/escaliers\/emplacement\/","title":{"rendered":"Emplacement"},"content":{"rendered":"<p>Les escaliers doivent \u00eatre marqu\u00e9s clairement et \u00eatre facilement rep\u00e9rables sans poser de danger inutile. Ils doivent \u00eatre plac\u00e9s pr\u00e8s des principales voies de passage de mani\u00e8re \u00e0 \u00eatre accessibles. Ils doivent aussi \u00eatre d\u00e9cal\u00e9s de la voie directe de d\u00e9placement, pour r\u00e9duire les risques. Des indicateurs tactiles d\u2019\u00e9veil de la vigilance sont requis sur le sol dans le haut des escaliers.<\/p>\n<p>Dans un \u00e9difice \u00e0 plus d\u2019un \u00e9tage, l\u2019emplacement des escaliers doit \u00eatre coh\u00e9rent par rapport aux \u00e9l\u00e9ments r\u00e9p\u00e9t\u00e9s des lieux (p. ex., toujours en face des fontaines ou des toilettes). Les escaliers ne doivent pas \u00eatre situ\u00e9s dans des endroits inattendus o\u00f9 ils pourraient facilement d\u00e9sorienter un visiteur vivant avec la c\u00e9cit\u00e9.<\/p>\n","protected":false},"excerpt":{"rendered":"<p>Les escaliers doivent \u00eatre marqu\u00e9s clairement et \u00eatre facilement rep\u00e9rables sans poser de danger inutile. Ils doivent \u00eatre plac\u00e9s pr\u00e8s des principales voies de passage de mani\u00e8re \u00e0 \u00eatre accessibles. Ils doivent aussi \u00eatre d\u00e9cal\u00e9s de la voie directe de d\u00e9placement, pour r\u00e9duire les risques. [&hellip;]<\/p>\n","protected":false},"author":3,"featured_media":0,"parent":701,"menu_order":0,"comment_status":"closed","ping_status":"closed","template":"","meta":{"_monsterinsights_skip_tracking":false,"_monsterinsights_sitenote_active":false,"_monsterinsights_sitenote_note":"","_monsterinsights_sitenote_category":0,"footnotes":""},"class_list":["post-742","page","type-page","status-publish","hentry"],"_links":{"self":[{"href":"https:\/\/clearingourpath.ca\/index.php\/wp-json\/wp\/v2\/pages\/742","targetHints":{"allow":["GET"]}}],"collection":[{"href":"https:\/\/clearingourpath.ca\/index.php\/wp-json\/wp\/v2\/pages"}],"about":[{"href":"https:\/\/clearingourpath.ca\/index.php\/wp-json\/wp\/v2\/types\/page"}],"author":[{"embeddable":true,"href":"https:\/\/clearingourpath.ca\/index.php\/wp-json\/wp\/v2\/users\/3"}],"replies":[{"embeddable":true,"href":"https:\/\/clearingourpath.ca\/index.php\/wp-json\/wp\/v2\/comments?post=742"}],"version-history":[{"count":1,"href":"https:\/\/clearingourpath.ca\/index.php\/wp-json\/wp\/v2\/pages\/742\/revisions"}],"predecessor-version":[{"id":743,"href":"https:\/\/clearingourpath.ca\/index.php\/wp-json\/wp\/v2\/pages\/742\/revisions\/743"}],"up":[{"embeddable":true,"href":"https:\/\/clearingourpath.ca\/index.php\/wp-json\/wp\/v2\/pages\/701"}],"wp:attachment":[{"href":"https:\/\/clearingourpath.ca\/index.php\/wp-json\/wp\/v2\/media?parent=742"}],"curies":[{"name":"wp","href":"https:\/\/api.w.org\/{rel}","templated":true}]}}