{"id":746,"date":"2022-10-13T15:51:49","date_gmt":"2022-10-13T15:51:49","guid":{"rendered":"https:\/\/clearingourpath.ca\/?page_id=746"},"modified":"2022-10-13T15:51:49","modified_gmt":"2022-10-13T15:51:49","slug":"marches-et-contremarches","status":"publish","type":"page","link":"https:\/\/clearingourpath.ca\/index.php\/language\/fr\/exigences-generales-de-design\/elements-de-design-communs\/escaliers\/marches-et-contremarches\/","title":{"rendered":"Marches et contremarches"},"content":{"rendered":"<p>Gravir des escaliers \u00e0 marches r\u00e9parties de fa\u00e7on in\u00e9gale (p. ex., palier de deux pas puis une marche vers le haut) peut \u00eatre d\u00e9routant et parfois dangereux pour des personnes touch\u00e9es par la c\u00e9cit\u00e9. La disposition des marches et contremarches doit assurer le maintien d\u2019un rythme d\u2019ascension constant..<\/p>\n<p>Voici les lignes directrices \u00e0 suivre pour les marches et les contremarches\u00a0:<\/p>\n<ul>\n<li>Dans une vol\u00e9e d\u2019escaliers, la hauteur des contremarches et la profondeur de giron doivent \u00eatre uniformes.<\/li>\n<li>Les contremarches doivent avoir une hauteur maximale de 180\u00a0mm.<\/li>\n<li>La profondeur de giron entre deux contremarches doit \u00eatre d\u2019au moins 280\u00a0mm.<\/li>\n<li>Les contremarches doivent \u00eatre ferm\u00e9es, et non ouvertes.<\/li>\n<li>Les marches doivent \u00eatre recouvertes, ou faites, d\u2019un mat\u00e9riau \u00e0 surface textur\u00e9e antid\u00e9rapante sur toute leur largeur, et sur au moins la moiti\u00e9 de la profondeur de giron \u00e0 partir du nez.<\/li>\n<li>Les moquettes et tapis \u00e0 motifs lourds sont \u00e0 \u00e9viter. Les motifs lourds peuvent causer des probl\u00e8mes perceptuels et cacher les bords des marches.<\/li>\n<\/ul>\n","protected":false},"excerpt":{"rendered":"<p>Gravir des escaliers \u00e0 marches r\u00e9parties de fa\u00e7on in\u00e9gale (p. ex., palier de deux pas puis une marche vers le haut) peut \u00eatre d\u00e9routant et parfois dangereux pour des personnes touch\u00e9es par la c\u00e9cit\u00e9. La disposition des marches et contremarches doit assurer le maintien d\u2019un [&hellip;]<\/p>\n","protected":false},"author":3,"featured_media":0,"parent":701,"menu_order":1,"comment_status":"closed","ping_status":"closed","template":"","meta":{"_monsterinsights_skip_tracking":false,"_monsterinsights_sitenote_active":false,"_monsterinsights_sitenote_note":"","_monsterinsights_sitenote_category":0,"footnotes":""},"class_list":["post-746","page","type-page","status-publish","hentry"],"_links":{"self":[{"href":"https:\/\/clearingourpath.ca\/index.php\/wp-json\/wp\/v2\/pages\/746","targetHints":{"allow":["GET"]}}],"collection":[{"href":"https:\/\/clearingourpath.ca\/index.php\/wp-json\/wp\/v2\/pages"}],"about":[{"href":"https:\/\/clearingourpath.ca\/index.php\/wp-json\/wp\/v2\/types\/page"}],"author":[{"embeddable":true,"href":"https:\/\/clearingourpath.ca\/index.php\/wp-json\/wp\/v2\/users\/3"}],"replies":[{"embeddable":true,"href":"https:\/\/clearingourpath.ca\/index.php\/wp-json\/wp\/v2\/comments?post=746"}],"version-history":[{"count":1,"href":"https:\/\/clearingourpath.ca\/index.php\/wp-json\/wp\/v2\/pages\/746\/revisions"}],"predecessor-version":[{"id":747,"href":"https:\/\/clearingourpath.ca\/index.php\/wp-json\/wp\/v2\/pages\/746\/revisions\/747"}],"up":[{"embeddable":true,"href":"https:\/\/clearingourpath.ca\/index.php\/wp-json\/wp\/v2\/pages\/701"}],"wp:attachment":[{"href":"https:\/\/clearingourpath.ca\/index.php\/wp-json\/wp\/v2\/media?parent=746"}],"curies":[{"name":"wp","href":"https:\/\/api.w.org\/{rel}","templated":true}]}}