{"id":756,"date":"2022-10-13T16:03:40","date_gmt":"2022-10-13T16:03:40","guid":{"rendered":"https:\/\/clearingourpath.ca\/?page_id=756"},"modified":"2022-10-13T16:07:03","modified_gmt":"2022-10-13T16:07:03","slug":"indicateurs-tactiles-de-surface-de-marche","status":"publish","type":"page","link":"https:\/\/clearingourpath.ca\/index.php\/language\/fr\/exigences-generales-de-design\/elements-de-design-communs\/escaliers\/indicateurs-tactiles-de-surface-de-marche\/","title":{"rendered":"Indicateurs tactiles de surface de marche"},"content":{"rendered":"<p>Les indicateurs tactiles de surface de marche doivent respecter les lignes directrices g\u00e9n\u00e9rales d\u00e9crites \u00e0 la section <a href=\"https:\/\/clearingourpath.ca\/index.php\/fr\/exigences-generales-de-design\/elements-de-design-communs\/indicateurs-tactiles-de-surface-de-marche\/\">Indicateurs tactiles de surface de marche<\/a><\/p>\n<figure id=\"attachment_299\" aria-describedby=\"caption-attachment-299\" style=\"width: 475px\" class=\"wp-caption alignright\"><img loading=\"lazy\" decoding=\"async\" class=\"wp-image-299 \" src=\"https:\/\/clearingourpath.ca\/wp-content\/uploads\/2022\/08\/fig3-4-4-1.jpg\" alt=\"Un indicateur tactile d\u2019\u00e9veil de la vigilance est utilis\u00e9 dans un escalier, commen\u00e7ant en haut \u00e0 une longueur d\u2019un giron derri\u00e8re le bord avant du nez de la marche sup\u00e9rieure.\" width=\"475\" height=\"316\" srcset=\"https:\/\/clearingourpath.ca\/wp-content\/uploads\/2022\/08\/fig3-4-4-1.jpg 721w, https:\/\/clearingourpath.ca\/wp-content\/uploads\/2022\/08\/fig3-4-4-1-300x200.jpg 300w\" sizes=\"auto, (max-width: 475px) 100vw, 475px\" \/><figcaption id=\"caption-attachment-299\" class=\"wp-caption-text\">Un indicateur tactile d\u2019\u00e9veil de la vigilance est utilis\u00e9 dans un escalier, commen\u00e7ant en haut \u00e0 une longueur d\u2019un giron derri\u00e8re le bord avant du nez de la marche sup\u00e9rieure.<\/figcaption><\/figure>\n<p>Dans des escaliers, les indicateurs tactiles de surface de marche doivent\u00a0:<\/p>\n<ul>\n<li>\u00eatre plac\u00e9s sur les paliers en haut des escaliers et sur des paliers donnant acc\u00e8s au syst\u00e8me d\u2019escalier;<\/li>\n<li>\u00eatre plac\u00e9s en haut de chaque vol\u00e9e de marches sur des paliers mesurant plus de 2100\u00a0mm de long qui n\u2019ont pas de mains courantes continues des deux c\u00f4t\u00e9s;<\/li>\n<li>\u00eatre plac\u00e9s aux endroits o\u00f9 la structure r\u00e9guli\u00e8re de l\u2019escalier est interrompue;<\/li>\n<li>commencer une profondeur de giron derri\u00e8re le bord avant du nez de la marche sup\u00e9rieure, couvrant toute la largeur de l\u2019escalier sur une profondeur de 600 \u00e0 650\u00a0mm;<\/li>\n<li>consister en d\u00f4mes ou c\u00f4nes tronqu\u00e9s de couleur et de luminosit\u00e9 contrastantes.<\/li>\n<\/ul>\n","protected":false},"excerpt":{"rendered":"<p>Les indicateurs tactiles de surface de marche doivent respecter les lignes directrices g\u00e9n\u00e9rales d\u00e9crites \u00e0 la section Indicateurs tactiles de surface de marche Dans des escaliers, les indicateurs tactiles de surface de marche doivent\u00a0: \u00eatre plac\u00e9s sur les paliers en haut des escaliers et sur [&hellip;]<\/p>\n","protected":false},"author":3,"featured_media":0,"parent":701,"menu_order":3,"comment_status":"closed","ping_status":"closed","template":"","meta":{"_monsterinsights_skip_tracking":false,"_monsterinsights_sitenote_active":false,"_monsterinsights_sitenote_note":"","_monsterinsights_sitenote_category":0,"footnotes":""},"class_list":["post-756","page","type-page","status-publish","hentry"],"_links":{"self":[{"href":"https:\/\/clearingourpath.ca\/index.php\/wp-json\/wp\/v2\/pages\/756","targetHints":{"allow":["GET"]}}],"collection":[{"href":"https:\/\/clearingourpath.ca\/index.php\/wp-json\/wp\/v2\/pages"}],"about":[{"href":"https:\/\/clearingourpath.ca\/index.php\/wp-json\/wp\/v2\/types\/page"}],"author":[{"embeddable":true,"href":"https:\/\/clearingourpath.ca\/index.php\/wp-json\/wp\/v2\/users\/3"}],"replies":[{"embeddable":true,"href":"https:\/\/clearingourpath.ca\/index.php\/wp-json\/wp\/v2\/comments?post=756"}],"version-history":[{"count":1,"href":"https:\/\/clearingourpath.ca\/index.php\/wp-json\/wp\/v2\/pages\/756\/revisions"}],"predecessor-version":[{"id":757,"href":"https:\/\/clearingourpath.ca\/index.php\/wp-json\/wp\/v2\/pages\/756\/revisions\/757"}],"up":[{"embeddable":true,"href":"https:\/\/clearingourpath.ca\/index.php\/wp-json\/wp\/v2\/pages\/701"}],"wp:attachment":[{"href":"https:\/\/clearingourpath.ca\/index.php\/wp-json\/wp\/v2\/media?parent=756"}],"curies":[{"name":"wp","href":"https:\/\/api.w.org\/{rel}","templated":true}]}}