{"id":764,"date":"2022-10-13T16:10:43","date_gmt":"2022-10-13T16:10:43","guid":{"rendered":"https:\/\/clearingourpath.ca\/?page_id=764"},"modified":"2022-10-13T16:10:43","modified_gmt":"2022-10-13T16:10:43","slug":"dessous-des-escaliers","status":"publish","type":"page","link":"https:\/\/clearingourpath.ca\/index.php\/language\/fr\/exigences-generales-de-design\/elements-de-design-communs\/escaliers\/dessous-des-escaliers\/","title":{"rendered":"Dessous des escaliers"},"content":{"rendered":"<p>S\u2019il existe une voie de d\u00e9placement sous un escalier, il faut s\u2019assurer que personne ne peut accidentellement heurter la partie inf\u00e9rieure de celui-ci.<\/p>\n<p>La hauteur entre le dessous d\u2019un escalier et la surface de marche finie doit \u00eatre d\u2019au moins 2030 mm. Si ce n\u2019est pas possible, il faut envisager l\u2019installation de d\u00e9tails architecturaux, de plantes ou de barres de retenue qui peuvent \u00eatre d\u00e9tect\u00e9s par les utilisateurs de longues cannes ou de chiens-guides, et qui aideront \u00e0 pr\u00e9venir l\u2019acc\u00e8s accidentel \u00e0 l\u2019espace sous l\u2019escalier.<\/p>\n","protected":false},"excerpt":{"rendered":"<p>S\u2019il existe une voie de d\u00e9placement sous un escalier, il faut s\u2019assurer que personne ne peut accidentellement heurter la partie inf\u00e9rieure de celui-ci. La hauteur entre le dessous d\u2019un escalier et la surface de marche finie doit \u00eatre d\u2019au moins 2030 mm. Si ce n\u2019est [&hellip;]<\/p>\n","protected":false},"author":3,"featured_media":0,"parent":701,"menu_order":5,"comment_status":"closed","ping_status":"closed","template":"","meta":{"_monsterinsights_skip_tracking":false,"_monsterinsights_sitenote_active":false,"_monsterinsights_sitenote_note":"","_monsterinsights_sitenote_category":0,"footnotes":""},"class_list":["post-764","page","type-page","status-publish","hentry"],"_links":{"self":[{"href":"https:\/\/clearingourpath.ca\/index.php\/wp-json\/wp\/v2\/pages\/764","targetHints":{"allow":["GET"]}}],"collection":[{"href":"https:\/\/clearingourpath.ca\/index.php\/wp-json\/wp\/v2\/pages"}],"about":[{"href":"https:\/\/clearingourpath.ca\/index.php\/wp-json\/wp\/v2\/types\/page"}],"author":[{"embeddable":true,"href":"https:\/\/clearingourpath.ca\/index.php\/wp-json\/wp\/v2\/users\/3"}],"replies":[{"embeddable":true,"href":"https:\/\/clearingourpath.ca\/index.php\/wp-json\/wp\/v2\/comments?post=764"}],"version-history":[{"count":1,"href":"https:\/\/clearingourpath.ca\/index.php\/wp-json\/wp\/v2\/pages\/764\/revisions"}],"predecessor-version":[{"id":765,"href":"https:\/\/clearingourpath.ca\/index.php\/wp-json\/wp\/v2\/pages\/764\/revisions\/765"}],"up":[{"embeddable":true,"href":"https:\/\/clearingourpath.ca\/index.php\/wp-json\/wp\/v2\/pages\/701"}],"wp:attachment":[{"href":"https:\/\/clearingourpath.ca\/index.php\/wp-json\/wp\/v2\/media?parent=764"}],"curies":[{"name":"wp","href":"https:\/\/api.w.org\/{rel}","templated":true}]}}