{"id":768,"date":"2022-10-13T16:11:20","date_gmt":"2022-10-13T16:11:20","guid":{"rendered":"https:\/\/clearingourpath.ca\/?page_id=768"},"modified":"2022-10-13T16:11:20","modified_gmt":"2022-10-13T16:11:20","slug":"eclairage","status":"publish","type":"page","link":"https:\/\/clearingourpath.ca\/index.php\/language\/fr\/exigences-generales-de-design\/elements-de-design-communs\/escaliers\/eclairage\/","title":{"rendered":"\u00c9clairage"},"content":{"rendered":"<p>Les syst\u00e8mes d\u2019\u00e9clairage des escaliers doivent \u00eatre plac\u00e9s de mani\u00e8re \u00e0 ne pas produire d\u2019ombres ni d\u2019\u00e9blouissement sur les marches. L\u2019\u00e9clairage ne doit pas non plus projeter dans l\u2019escalier des ombres caus\u00e9es par des objets ext\u00e9rieurs (p. ex., auvents).<\/p>\n<p>\u00c0 l\u2019int\u00e9rieur des escaliers, le niveau d\u2019\u00e9clairement doit \u00eatre d\u2019au moins 200 lux et les syst\u00e8mes d\u2019\u00e9clairage doivent \u00eatre dispos\u00e9s de fa\u00e7on \u00e0 ne pas cr\u00e9er d\u2019ombres ni d\u2019\u00e9blouissement.<\/p>\n","protected":false},"excerpt":{"rendered":"<p>Les syst\u00e8mes d\u2019\u00e9clairage des escaliers doivent \u00eatre plac\u00e9s de mani\u00e8re \u00e0 ne pas produire d\u2019ombres ni d\u2019\u00e9blouissement sur les marches. L\u2019\u00e9clairage ne doit pas non plus projeter dans l\u2019escalier des ombres caus\u00e9es par des objets ext\u00e9rieurs (p. ex., auvents). \u00c0 l\u2019int\u00e9rieur des escaliers, le niveau [&hellip;]<\/p>\n","protected":false},"author":3,"featured_media":0,"parent":701,"menu_order":6,"comment_status":"closed","ping_status":"closed","template":"","meta":{"_monsterinsights_skip_tracking":false,"_monsterinsights_sitenote_active":false,"_monsterinsights_sitenote_note":"","_monsterinsights_sitenote_category":0,"footnotes":""},"class_list":["post-768","page","type-page","status-publish","hentry"],"_links":{"self":[{"href":"https:\/\/clearingourpath.ca\/index.php\/wp-json\/wp\/v2\/pages\/768","targetHints":{"allow":["GET"]}}],"collection":[{"href":"https:\/\/clearingourpath.ca\/index.php\/wp-json\/wp\/v2\/pages"}],"about":[{"href":"https:\/\/clearingourpath.ca\/index.php\/wp-json\/wp\/v2\/types\/page"}],"author":[{"embeddable":true,"href":"https:\/\/clearingourpath.ca\/index.php\/wp-json\/wp\/v2\/users\/3"}],"replies":[{"embeddable":true,"href":"https:\/\/clearingourpath.ca\/index.php\/wp-json\/wp\/v2\/comments?post=768"}],"version-history":[{"count":1,"href":"https:\/\/clearingourpath.ca\/index.php\/wp-json\/wp\/v2\/pages\/768\/revisions"}],"predecessor-version":[{"id":769,"href":"https:\/\/clearingourpath.ca\/index.php\/wp-json\/wp\/v2\/pages\/768\/revisions\/769"}],"up":[{"embeddable":true,"href":"https:\/\/clearingourpath.ca\/index.php\/wp-json\/wp\/v2\/pages\/701"}],"wp:attachment":[{"href":"https:\/\/clearingourpath.ca\/index.php\/wp-json\/wp\/v2\/media?parent=768"}],"curies":[{"name":"wp","href":"https:\/\/api.w.org\/{rel}","templated":true}]}}