{"id":774,"date":"2022-10-18T12:20:24","date_gmt":"2022-10-18T12:20:24","guid":{"rendered":"https:\/\/clearingourpath.ca\/?page_id=774"},"modified":"2022-10-18T12:25:45","modified_gmt":"2022-10-18T12:25:45","slug":"rampes-dacces","status":"publish","type":"page","link":"https:\/\/clearingourpath.ca\/index.php\/language\/fr\/exigences-generales-de-design\/elements-de-design-communs\/rampes-dacces\/","title":{"rendered":"Rampes d&#8217;acc\u00e8s"},"content":{"rendered":"<p>Des rampes d\u2019acc\u00e8s doivent \u00eatre install\u00e9es entre les aires publiques de diff\u00e9rents niveaux dans l\u2019environnement b\u00e2ti s\u2019il n\u2019existe pas d\u2019autres options accessibles, telles que des ascenseurs.<\/p>\n<p>Les lignes directrices sur les rampes d\u2019acc\u00e8s d\u00e9crites ci-dessous sont un compl\u00e9ment aux normes \u00e9nonc\u00e9es dans les codes du b\u00e2timent national et provinciaux.<\/p>\n<p>Dans cette section\u00a0:<\/p>\n<ul>\n<li><a href=\"https:\/\/clearingourpath.ca\/index.php\/fr\/exigences-generales-de-design\/elements-de-design-communs\/rampes-dacces\/largeur-et-paliers\/\">Largeur et paliers<\/a><\/li>\n<li><a href=\"https:\/\/clearingourpath.ca\/index.php\/fr\/exigences-generales-de-design\/elements-de-design-communs\/rampes-dacces\/mains-courantes\/\">Mains courantes<\/a><\/li>\n<li><a href=\"https:\/\/clearingourpath.ca\/index.php\/fr\/exigences-generales-de-design\/elements-de-design-communs\/rampes-dacces\/protection-laterale\/\">Protection lat\u00e9rale<\/a><\/li>\n<\/ul>\n<figure id=\"attachment_302\" aria-describedby=\"caption-attachment-302\" style=\"width: 854px\" class=\"wp-caption aligncenter\"><img loading=\"lazy\" decoding=\"async\" class=\"wp-image-302\" src=\"https:\/\/clearingourpath.ca\/wp-content\/uploads\/2022\/08\/fig3-5-1_f.png\" alt=\"Sch\u00e9ma illustrant les principales exigences pour le design de rampes d\u2019acc\u00e8s qui r\u00e9pondent aux besoins des personnes touch\u00e9es par la c\u00e9cit\u00e9.\" width=\"854\" height=\"520\" srcset=\"https:\/\/clearingourpath.ca\/wp-content\/uploads\/2022\/08\/fig3-5-1_f.png 1569w, https:\/\/clearingourpath.ca\/wp-content\/uploads\/2022\/08\/fig3-5-1_f-300x183.png 300w, https:\/\/clearingourpath.ca\/wp-content\/uploads\/2022\/08\/fig3-5-1_f-1024x623.png 1024w, https:\/\/clearingourpath.ca\/wp-content\/uploads\/2022\/08\/fig3-5-1_f-768x467.png 768w, https:\/\/clearingourpath.ca\/wp-content\/uploads\/2022\/08\/fig3-5-1_f-1536x935.png 1536w\" sizes=\"auto, (max-width: 854px) 100vw, 854px\" \/><figcaption id=\"caption-attachment-302\" class=\"wp-caption-text\">Sch\u00e9ma illustrant les principales exigences pour le design de rampes d\u2019acc\u00e8s qui r\u00e9pondent aux besoins des personnes touch\u00e9es par la c\u00e9cit\u00e9.<\/figcaption><\/figure>\n","protected":false},"excerpt":{"rendered":"<p>Des rampes d\u2019acc\u00e8s doivent \u00eatre install\u00e9es entre les aires publiques de diff\u00e9rents niveaux dans l\u2019environnement b\u00e2ti s\u2019il n\u2019existe pas d\u2019autres options accessibles, telles que des ascenseurs. Les lignes directrices sur les rampes d\u2019acc\u00e8s d\u00e9crites ci-dessous sont un compl\u00e9ment aux normes \u00e9nonc\u00e9es dans les codes du [&hellip;]<\/p>\n","protected":false},"author":3,"featured_media":0,"parent":432,"menu_order":4,"comment_status":"closed","ping_status":"closed","template":"","meta":{"_monsterinsights_skip_tracking":false,"_monsterinsights_sitenote_active":false,"_monsterinsights_sitenote_note":"","_monsterinsights_sitenote_category":0,"footnotes":""},"class_list":["post-774","page","type-page","status-publish","hentry"],"_links":{"self":[{"href":"https:\/\/clearingourpath.ca\/index.php\/wp-json\/wp\/v2\/pages\/774","targetHints":{"allow":["GET"]}}],"collection":[{"href":"https:\/\/clearingourpath.ca\/index.php\/wp-json\/wp\/v2\/pages"}],"about":[{"href":"https:\/\/clearingourpath.ca\/index.php\/wp-json\/wp\/v2\/types\/page"}],"author":[{"embeddable":true,"href":"https:\/\/clearingourpath.ca\/index.php\/wp-json\/wp\/v2\/users\/3"}],"replies":[{"embeddable":true,"href":"https:\/\/clearingourpath.ca\/index.php\/wp-json\/wp\/v2\/comments?post=774"}],"version-history":[{"count":3,"href":"https:\/\/clearingourpath.ca\/index.php\/wp-json\/wp\/v2\/pages\/774\/revisions"}],"predecessor-version":[{"id":791,"href":"https:\/\/clearingourpath.ca\/index.php\/wp-json\/wp\/v2\/pages\/774\/revisions\/791"}],"up":[{"embeddable":true,"href":"https:\/\/clearingourpath.ca\/index.php\/wp-json\/wp\/v2\/pages\/432"}],"wp:attachment":[{"href":"https:\/\/clearingourpath.ca\/index.php\/wp-json\/wp\/v2\/media?parent=774"}],"curies":[{"name":"wp","href":"https:\/\/api.w.org\/{rel}","templated":true}]}}