{"id":779,"date":"2022-10-18T12:22:08","date_gmt":"2022-10-18T12:22:08","guid":{"rendered":"https:\/\/clearingourpath.ca\/?page_id=779"},"modified":"2022-10-18T12:22:08","modified_gmt":"2022-10-18T12:22:08","slug":"largeur-et-paliers","status":"publish","type":"page","link":"https:\/\/clearingourpath.ca\/index.php\/language\/fr\/exigences-generales-de-design\/elements-de-design-communs\/rampes-dacces\/largeur-et-paliers\/","title":{"rendered":"Largeur et paliers"},"content":{"rendered":"<p>Les rampes d\u2019acc\u00e8s doivent avoir une largeur d\u2019au moins 1200 mm, et des paliers horizontaux. Un palier doit \u00eatre pr\u00e9vu \u00e0 chaque changement de direction. Si un palier se trouve \u00e0 un changement de pente, une bande \u00e0 contraste de couleur et de luminosit\u00e9, d\u2019une largeur de 40 \u00e0 60 mm, doit traverser la rampe d\u2019acc\u00e8s d\u2019un bord \u00e0 l\u2019autre. Les personnes touch\u00e9es par la c\u00e9cit\u00e9 seront ainsi averties du changement de pente. La bande contrastante doit \u00eatre antid\u00e9rapante et \u00eatre appliqu\u00e9e sur la surface en pente (et non sur le palier).<\/p>\n<p>Des paliers sont requis dans le haut et le bas de chaque section de rampe. Un palier doit \u00eatre aussi large que la plus large section de la rampe d\u2019acc\u00e8s qui y est attenante, et doit mesurer au moins 1500 mm de long. Les paliers situ\u00e9s pr\u00e8s de portes doivent avoir une superficie minimale de 1525 \u00d7 1525 mm, afin qu\u2019une personne ait assez d\u2019espace pour changer de direction en toute s\u00e9curit\u00e9 et sans obstruction. Point \u00e0 noter, le code de b\u00e2timent de certaines provinces exige des paliers plus larges sur les rampes d\u2019acc\u00e8s.<\/p>\n","protected":false},"excerpt":{"rendered":"<p>Les rampes d\u2019acc\u00e8s doivent avoir une largeur d\u2019au moins 1200 mm, et des paliers horizontaux. Un palier doit \u00eatre pr\u00e9vu \u00e0 chaque changement de direction. Si un palier se trouve \u00e0 un changement de pente, une bande \u00e0 contraste de couleur et de luminosit\u00e9, d\u2019une [&hellip;]<\/p>\n","protected":false},"author":3,"featured_media":0,"parent":774,"menu_order":0,"comment_status":"closed","ping_status":"closed","template":"","meta":{"_monsterinsights_skip_tracking":false,"_monsterinsights_sitenote_active":false,"_monsterinsights_sitenote_note":"","_monsterinsights_sitenote_category":0,"footnotes":""},"class_list":["post-779","page","type-page","status-publish","hentry"],"_links":{"self":[{"href":"https:\/\/clearingourpath.ca\/index.php\/wp-json\/wp\/v2\/pages\/779","targetHints":{"allow":["GET"]}}],"collection":[{"href":"https:\/\/clearingourpath.ca\/index.php\/wp-json\/wp\/v2\/pages"}],"about":[{"href":"https:\/\/clearingourpath.ca\/index.php\/wp-json\/wp\/v2\/types\/page"}],"author":[{"embeddable":true,"href":"https:\/\/clearingourpath.ca\/index.php\/wp-json\/wp\/v2\/users\/3"}],"replies":[{"embeddable":true,"href":"https:\/\/clearingourpath.ca\/index.php\/wp-json\/wp\/v2\/comments?post=779"}],"version-history":[{"count":1,"href":"https:\/\/clearingourpath.ca\/index.php\/wp-json\/wp\/v2\/pages\/779\/revisions"}],"predecessor-version":[{"id":780,"href":"https:\/\/clearingourpath.ca\/index.php\/wp-json\/wp\/v2\/pages\/779\/revisions\/780"}],"up":[{"embeddable":true,"href":"https:\/\/clearingourpath.ca\/index.php\/wp-json\/wp\/v2\/pages\/774"}],"wp:attachment":[{"href":"https:\/\/clearingourpath.ca\/index.php\/wp-json\/wp\/v2\/media?parent=779"}],"curies":[{"name":"wp","href":"https:\/\/api.w.org\/{rel}","templated":true}]}}