{"id":783,"date":"2022-10-18T12:23:04","date_gmt":"2022-10-18T12:23:04","guid":{"rendered":"https:\/\/clearingourpath.ca\/?page_id=783"},"modified":"2022-10-18T12:23:04","modified_gmt":"2022-10-18T12:23:04","slug":"mains-courantes","status":"publish","type":"page","link":"https:\/\/clearingourpath.ca\/index.php\/language\/fr\/exigences-generales-de-design\/elements-de-design-communs\/rampes-dacces\/mains-courantes\/","title":{"rendered":"Mains courantes"},"content":{"rendered":"<p>Des mains courantes continues doivent \u00eatre install\u00e9es des deux c\u00f4t\u00e9s d\u2019une rampe d\u2019acc\u00e8s, y compris aux paliers. La section <a href=\"https:\/\/clearingourpath.ca\/index.php\/fr\/exigences-generales-de-design\/elements-de-design-communs\/escaliers\/\">Escaliers<\/a> fournit de plus amples renseignements sur les mains courantes.<\/p>\n","protected":false},"excerpt":{"rendered":"<p>Des mains courantes continues doivent \u00eatre install\u00e9es des deux c\u00f4t\u00e9s d\u2019une rampe d\u2019acc\u00e8s, y compris aux paliers. La section Escaliers fournit de plus amples renseignements sur les mains courantes.<\/p>\n","protected":false},"author":3,"featured_media":0,"parent":774,"menu_order":1,"comment_status":"closed","ping_status":"closed","template":"","meta":{"_monsterinsights_skip_tracking":false,"_monsterinsights_sitenote_active":false,"_monsterinsights_sitenote_note":"","_monsterinsights_sitenote_category":0,"footnotes":""},"class_list":["post-783","page","type-page","status-publish","hentry"],"_links":{"self":[{"href":"https:\/\/clearingourpath.ca\/index.php\/wp-json\/wp\/v2\/pages\/783","targetHints":{"allow":["GET"]}}],"collection":[{"href":"https:\/\/clearingourpath.ca\/index.php\/wp-json\/wp\/v2\/pages"}],"about":[{"href":"https:\/\/clearingourpath.ca\/index.php\/wp-json\/wp\/v2\/types\/page"}],"author":[{"embeddable":true,"href":"https:\/\/clearingourpath.ca\/index.php\/wp-json\/wp\/v2\/users\/3"}],"replies":[{"embeddable":true,"href":"https:\/\/clearingourpath.ca\/index.php\/wp-json\/wp\/v2\/comments?post=783"}],"version-history":[{"count":1,"href":"https:\/\/clearingourpath.ca\/index.php\/wp-json\/wp\/v2\/pages\/783\/revisions"}],"predecessor-version":[{"id":784,"href":"https:\/\/clearingourpath.ca\/index.php\/wp-json\/wp\/v2\/pages\/783\/revisions\/784"}],"up":[{"embeddable":true,"href":"https:\/\/clearingourpath.ca\/index.php\/wp-json\/wp\/v2\/pages\/774"}],"wp:attachment":[{"href":"https:\/\/clearingourpath.ca\/index.php\/wp-json\/wp\/v2\/media?parent=783"}],"curies":[{"name":"wp","href":"https:\/\/api.w.org\/{rel}","templated":true}]}}