{"id":787,"date":"2022-10-18T12:24:48","date_gmt":"2022-10-18T12:24:48","guid":{"rendered":"https:\/\/clearingourpath.ca\/?page_id=787"},"modified":"2022-10-18T12:24:48","modified_gmt":"2022-10-18T12:24:48","slug":"protection-laterale","status":"publish","type":"page","link":"https:\/\/clearingourpath.ca\/index.php\/language\/fr\/exigences-generales-de-design\/elements-de-design-communs\/rampes-dacces\/protection-laterale\/","title":{"rendered":"Protection lat\u00e9rale"},"content":{"rendered":"<figure id=\"attachment_303\" aria-describedby=\"caption-attachment-303\" style=\"width: 466px\" class=\"wp-caption alignright\"><img loading=\"lazy\" decoding=\"async\" class=\"wp-image-303\" src=\"https:\/\/clearingourpath.ca\/wp-content\/uploads\/2022\/08\/fig3-5-3-1.jpg\" alt=\"Mains courantes de couleur contrastante sur une rampe d\u2019acc\u00e8s \u00e0 un quai de gare en Angleterre. Si cette rampe d\u2019acc\u00e8s devait \u00eatre construite au Canada, des bandes de couleur contrastante seraient requises au changement de pente. Le d\u00e9tail des bords du quai serait \u00e9galement diff\u00e9rent.\" width=\"466\" height=\"350\" srcset=\"https:\/\/clearingourpath.ca\/wp-content\/uploads\/2022\/08\/fig3-5-3-1.jpg 639w, https:\/\/clearingourpath.ca\/wp-content\/uploads\/2022\/08\/fig3-5-3-1-300x225.jpg 300w\" sizes=\"auto, (max-width: 466px) 100vw, 466px\" \/><figcaption id=\"caption-attachment-303\" class=\"wp-caption-text\">Mains courantes de couleur contrastante sur une rampe d\u2019acc\u00e8s \u00e0 un quai de gare en Angleterre. Si cette rampe d\u2019acc\u00e8s devait \u00eatre construite au Canada, des bandes de couleur contrastante seraient requises au changement de pente. Le d\u00e9tail des bords du quai serait \u00e9galement diff\u00e9rent.<\/figcaption><\/figure>\n<p>Les bords des rampes d\u2019acc\u00e8s et des paliers qui ne sont pas au niveau du sol ni adjacents \u00e0 un mur doivent comporter des \u00e9l\u00e9ments de protection, par exemple\u00a0:<\/p>\n<ul>\n<li>une bordure d\u2019au moins 75\u00a0mm de haut;<\/li>\n<li>une barri\u00e8re sur\u00e9lev\u00e9e dont la composante du bas est \u00e0 moins de 75\u00a0mm au-dessus de la surface de la rampe d\u2019acc\u00e8s ou du palier.<\/li>\n<\/ul>\n<p>Pour rem\u00e9dier aux probl\u00e8mes de s\u00e9curit\u00e9 associ\u00e9s \u00e0 la neige et \u00e0 la glace sur les rampes d\u2019acc\u00e8s, il importe d\u2019utiliser des surfaces textur\u00e9es et chauff\u00e9es.<\/p>\n","protected":false},"excerpt":{"rendered":"<p>Les bords des rampes d\u2019acc\u00e8s et des paliers qui ne sont pas au niveau du sol ni adjacents \u00e0 un mur doivent comporter des \u00e9l\u00e9ments de protection, par exemple\u00a0: une bordure d\u2019au moins 75\u00a0mm de haut; une barri\u00e8re sur\u00e9lev\u00e9e dont la composante du bas est [&hellip;]<\/p>\n","protected":false},"author":3,"featured_media":0,"parent":774,"menu_order":2,"comment_status":"closed","ping_status":"closed","template":"","meta":{"_monsterinsights_skip_tracking":false,"_monsterinsights_sitenote_active":false,"_monsterinsights_sitenote_note":"","_monsterinsights_sitenote_category":0,"footnotes":""},"class_list":["post-787","page","type-page","status-publish","hentry"],"_links":{"self":[{"href":"https:\/\/clearingourpath.ca\/index.php\/wp-json\/wp\/v2\/pages\/787","targetHints":{"allow":["GET"]}}],"collection":[{"href":"https:\/\/clearingourpath.ca\/index.php\/wp-json\/wp\/v2\/pages"}],"about":[{"href":"https:\/\/clearingourpath.ca\/index.php\/wp-json\/wp\/v2\/types\/page"}],"author":[{"embeddable":true,"href":"https:\/\/clearingourpath.ca\/index.php\/wp-json\/wp\/v2\/users\/3"}],"replies":[{"embeddable":true,"href":"https:\/\/clearingourpath.ca\/index.php\/wp-json\/wp\/v2\/comments?post=787"}],"version-history":[{"count":1,"href":"https:\/\/clearingourpath.ca\/index.php\/wp-json\/wp\/v2\/pages\/787\/revisions"}],"predecessor-version":[{"id":788,"href":"https:\/\/clearingourpath.ca\/index.php\/wp-json\/wp\/v2\/pages\/787\/revisions\/788"}],"up":[{"embeddable":true,"href":"https:\/\/clearingourpath.ca\/index.php\/wp-json\/wp\/v2\/pages\/774"}],"wp:attachment":[{"href":"https:\/\/clearingourpath.ca\/index.php\/wp-json\/wp\/v2\/media?parent=787"}],"curies":[{"name":"wp","href":"https:\/\/api.w.org\/{rel}","templated":true}]}}