{"id":795,"date":"2022-10-18T12:34:34","date_gmt":"2022-10-18T12:34:34","guid":{"rendered":"https:\/\/clearingourpath.ca\/?page_id=795"},"modified":"2022-10-18T12:58:52","modified_gmt":"2022-10-18T12:58:52","slug":"795-2","status":"publish","type":"page","link":"https:\/\/clearingourpath.ca\/index.php\/language\/fr\/exigences-generales-de-design\/elements-de-design-communs\/signalisation\/795-2\/","title":{"rendered":"Taille des lettres, police et distance"},"content":{"rendered":"<p>Pour le lettrage, il faut utiliser une combinaison de majuscules et de minuscules sur les panneaux indicateurs devant \u00eatre lus avec les yeux et non par le toucher. Ainsi, les mots ont une forme mieux d\u00e9finie et sont plus faciles \u00e0 reconna\u00eetre. Les polices \u00e0 caract\u00e8res tr\u00e8s fins ou tr\u00e8s \u00e9pais peuvent \u00eatre difficiles \u00e0 lire par des personnes touch\u00e9es par la c\u00e9cit\u00e9, et sont \u00e0 \u00e9viter.<\/p>\n<p>Pour les panneaux indicateurs con\u00e7us pour une lecture tactile ou visuelle, toutes les lettres doivent \u00eatre en majuscule. Le haut de casse est plus facile \u00e0 lire au toucher. La longueur maximale du message sur de tels panneaux indicateurs est de trois mots. Pour de plus amples renseignements, consultez la section <a href=\"https:\/\/clearingourpath.ca\/index.php\/fr\/exigences-generales-de-design\/elements-de-design-communs\/signalisation\/panneaux-tactiles-impression-en-relief-et-braille\/\">Panneaux tactiles<\/a>.<\/p>\n<p>Dans le cas des panneaux indicateurs, il faut utiliser des chiffres arabes et des polices sans empattement comme Tiresias (une police cr\u00e9\u00e9e sp\u00e9cifiquement pour les panneaux indicateurs), Ad Sans, Arial, Calibri, Franklin Gothic Medium, Tahoma ou Verdana. Le tableau ci-dessous pr\u00e9sente des recommandations sur la taille des lettres (\u00ab\u00a0caract\u00e8res\u00a0\u00bb) \u00e0 utiliser selon la hauteur du panneau indicateur et la distance de laquelle il sera lu.<\/p>\n<table id=\"table3-7-1-1\" class=\"clear\">\n<caption>Hauteur des caract\u00e8res visuels pour les panneaux indicateurs, selon la hauteur du bas des caract\u00e8res et la distance de lecture. Normes de la \u00ab\u00a02010 Americans with Disabilities Act\u00a0\u00bb (loi de 2010 sur les Am\u00e9ricains handicap\u00e9s) pour le design accessible.<\/caption>\n<tbody>\n<tr>\n<th>Hauteur entre le plancher fini ou le sol et le bas des caract\u00e8res<\/th>\n<th>Distance d\u2019\u00e9loignement<\/th>\n<th>Hauteur minimale des lettres<\/th>\n<\/tr>\n<tr>\n<th rowspan=\"2\">De 1015\u00a0mm \u00e0 au plus 1780\u00a0mm<\/th>\n<td>Moins de 1830\u00a0mm<\/td>\n<td>16 mm<\/td>\n<\/tr>\n<tr>\n<td>1830 mm et plus<\/td>\n<td>16\u00a0mm plus 3,2\u00a0mm par 305 mm de distance de lecture au-del\u00e0 de 1830\u00a0mm<\/td>\n<\/tr>\n<tr>\n<th rowspan=\"2\">Plus de 1780\u00a0mm \u00e0 au plus 3050\u00a0mm<\/th>\n<td>Moins de 4750 mm<\/td>\n<td>51 mm<\/td>\n<\/tr>\n<tr>\n<td>4750 mm ou plus<\/td>\n<td>51\u00a0mm plus 3,2\u00a0mm par 305\u00a0mm de distance de lecture au-del\u00e0 de 4570\u00a0mm<\/td>\n<\/tr>\n<tr>\n<th rowspan=\"2\">Plus de 3050\u00a0mm<\/th>\n<td>Moins de 6400\u00a0mm<\/td>\n<td>75 mm<\/td>\n<\/tr>\n<tr>\n<td>6400\u00a0mm ou plus<\/td>\n<td>75\u00a0mm plus 3,2\u00a0mm par 305\u00a0mm de distance de lecture au-del\u00e0 de 6400\u00a0mm<\/td>\n<\/tr>\n<\/tbody>\n<\/table>\n","protected":false},"excerpt":{"rendered":"<p>Pour le lettrage, il faut utiliser une combinaison de majuscules et de minuscules sur les panneaux indicateurs devant \u00eatre lus avec les yeux et non par le toucher. Ainsi, les mots ont une forme mieux d\u00e9finie et sont plus faciles \u00e0 reconna\u00eetre. Les polices \u00e0 [&hellip;]<\/p>\n","protected":false},"author":3,"featured_media":0,"parent":495,"menu_order":0,"comment_status":"closed","ping_status":"closed","template":"","meta":{"_monsterinsights_skip_tracking":false,"_monsterinsights_sitenote_active":false,"_monsterinsights_sitenote_note":"","_monsterinsights_sitenote_category":0,"footnotes":""},"class_list":["post-795","page","type-page","status-publish","hentry"],"_links":{"self":[{"href":"https:\/\/clearingourpath.ca\/index.php\/wp-json\/wp\/v2\/pages\/795","targetHints":{"allow":["GET"]}}],"collection":[{"href":"https:\/\/clearingourpath.ca\/index.php\/wp-json\/wp\/v2\/pages"}],"about":[{"href":"https:\/\/clearingourpath.ca\/index.php\/wp-json\/wp\/v2\/types\/page"}],"author":[{"embeddable":true,"href":"https:\/\/clearingourpath.ca\/index.php\/wp-json\/wp\/v2\/users\/3"}],"replies":[{"embeddable":true,"href":"https:\/\/clearingourpath.ca\/index.php\/wp-json\/wp\/v2\/comments?post=795"}],"version-history":[{"count":2,"href":"https:\/\/clearingourpath.ca\/index.php\/wp-json\/wp\/v2\/pages\/795\/revisions"}],"predecessor-version":[{"id":810,"href":"https:\/\/clearingourpath.ca\/index.php\/wp-json\/wp\/v2\/pages\/795\/revisions\/810"}],"up":[{"embeddable":true,"href":"https:\/\/clearingourpath.ca\/index.php\/wp-json\/wp\/v2\/pages\/495"}],"wp:attachment":[{"href":"https:\/\/clearingourpath.ca\/index.php\/wp-json\/wp\/v2\/media?parent=795"}],"curies":[{"name":"wp","href":"https:\/\/api.w.org\/{rel}","templated":true}]}}