{"id":799,"date":"2022-10-18T12:35:54","date_gmt":"2022-10-18T12:35:54","guid":{"rendered":"https:\/\/clearingourpath.ca\/?page_id=799"},"modified":"2022-10-18T12:35:54","modified_gmt":"2022-10-18T12:35:54","slug":"emplacement-des-panneaux-indicateurs","status":"publish","type":"page","link":"https:\/\/clearingourpath.ca\/index.php\/language\/fr\/exigences-generales-de-design\/elements-de-design-communs\/signalisation\/emplacement-des-panneaux-indicateurs\/","title":{"rendered":"Emplacement des panneaux indicateurs"},"content":{"rendered":"<p>L\u2019information g\u00e9n\u00e9rale et la signalisation d\u2019orientation doivent \u00eatre plac\u00e9es aux principaux points de d\u00e9cision, id\u00e9alement \u00e0 la hauteur des yeux. En r\u00e8gle g\u00e9n\u00e9rale, la ligne centrale des panneaux indicateurs doit \u00eatre \u00e0 1500\u00a0mm au-dessus de la surface du sol ou du plancher. Les lecteurs doivent pouvoir s\u2019approcher \u00e0 100\u00a0mm du panneau indicateur sans rencontrer d\u2019objets saillants ni se retrouver dans la zone d\u2019ouverture d\u2019une porte. Des hauteurs de montage plus basses sont appropri\u00e9es dans des installations destin\u00e9es principalement \u00e0 des enfants.<\/p>\n<p>Dans des endroits de forte affluence, des panneaux indicateurs peuvent \u00eatre install\u00e9s plus haut que la t\u00eate afin d\u2019\u00eatre visibles de plus loin. Un panneau indicateur, comprenant des caract\u00e8res en relief (lettrage tactile) et en braille, est \u00e9galement requis \u00e0 une hauteur accessible pour les personnes incapables de lire le panneau indicateur sur\u00e9lev\u00e9. Les panneaux indicateurs tactiles, y compris ceux en braille, doivent \u00eatre faciles \u00e0 atteindre et \u00e0 toucher. Pour de plus amples renseignements, consultez la section <a href=\"https:\/\/clearingourpath.ca\/index.php\/fr\/exigences-generales-de-design\/elements-de-design-communs\/signalisation\/panneaux-tactiles-impression-en-relief-et-braille\/\">Panneaux tactiles<\/a>.<\/p>\n<p>Les panneaux d\u2019identification de salles ou de bureaux doivent \u00eatre sur le mur pr\u00e8s d\u2019une porte, du c\u00f4t\u00e9 loquet, leur bord le plus proche \u00e9tant toujours \u00e0 une distance de 140 \u00e0 160\u00a0mm du montant de la porte. S\u2019il n\u2019y a pas d\u2019espace suffisant sur le mur adjacent au loquet de porte, le panneau peut \u00eatre mont\u00e9 sur le mur adjacent le plus proche. La surface de mur libre autour du panneau doit \u00eatre de 75\u00a0mm. Pour les portes \u00e0 deux battants de toutes sortes, des panneaux indicateurs sont requis de chaque c\u00f4t\u00e9.<\/p>\n<p>Les panneaux-sandwichs et les panneaux mobiles autoportants sont \u00e0 proscrire \u00e0 tout prix. Ils cr\u00e9ent de s\u00e9rieux risques de faux pas pour les personnes touch\u00e9es par la c\u00e9cit\u00e9. Les panneaux temporaires non d\u00e9tectables avec une canne sont aussi \u00e0 \u00e9viter. S\u2019il faut absolument utiliser de telles structures, envisager des panneaux qui seront d\u00e9tectables par une canne s\u2019ils devaient \u00eatre suspendus et qui sont plac\u00e9s dans des zones de commodit\u00e9 ou d\u2019agr\u00e9ment adjacentes \u00e0 des bordures de trottoir ou bien \u00e0 l\u2019ext\u00e9rieur d\u2019une voie de d\u00e9placement.<\/p>\n<p>\u00c0 l\u2019int\u00e9rieur et \u00e0 l\u2019ext\u00e9rieur de puits d\u2019escaliers encloisonn\u00e9s, des panneaux indicateurs doivent d\u00e9signer chaque \u00e9tage. Les chiffres arabes conviennent mieux pour les num\u00e9ros d\u2019\u00e9tage. Ces panneaux doivent \u00eatre mont\u00e9s en permanence sur le mur, du c\u00f4t\u00e9 loquet de la porte.<\/p>\n","protected":false},"excerpt":{"rendered":"<p>L\u2019information g\u00e9n\u00e9rale et la signalisation d\u2019orientation doivent \u00eatre plac\u00e9es aux principaux points de d\u00e9cision, id\u00e9alement \u00e0 la hauteur des yeux. En r\u00e8gle g\u00e9n\u00e9rale, la ligne centrale des panneaux indicateurs doit \u00eatre \u00e0 1500\u00a0mm au-dessus de la surface du sol ou du plancher. Les lecteurs doivent [&hellip;]<\/p>\n","protected":false},"author":3,"featured_media":0,"parent":495,"menu_order":1,"comment_status":"closed","ping_status":"closed","template":"","meta":{"_monsterinsights_skip_tracking":false,"_monsterinsights_sitenote_active":false,"_monsterinsights_sitenote_note":"","_monsterinsights_sitenote_category":0,"footnotes":""},"class_list":["post-799","page","type-page","status-publish","hentry"],"_links":{"self":[{"href":"https:\/\/clearingourpath.ca\/index.php\/wp-json\/wp\/v2\/pages\/799","targetHints":{"allow":["GET"]}}],"collection":[{"href":"https:\/\/clearingourpath.ca\/index.php\/wp-json\/wp\/v2\/pages"}],"about":[{"href":"https:\/\/clearingourpath.ca\/index.php\/wp-json\/wp\/v2\/types\/page"}],"author":[{"embeddable":true,"href":"https:\/\/clearingourpath.ca\/index.php\/wp-json\/wp\/v2\/users\/3"}],"replies":[{"embeddable":true,"href":"https:\/\/clearingourpath.ca\/index.php\/wp-json\/wp\/v2\/comments?post=799"}],"version-history":[{"count":1,"href":"https:\/\/clearingourpath.ca\/index.php\/wp-json\/wp\/v2\/pages\/799\/revisions"}],"predecessor-version":[{"id":800,"href":"https:\/\/clearingourpath.ca\/index.php\/wp-json\/wp\/v2\/pages\/799\/revisions\/800"}],"up":[{"embeddable":true,"href":"https:\/\/clearingourpath.ca\/index.php\/wp-json\/wp\/v2\/pages\/495"}],"wp:attachment":[{"href":"https:\/\/clearingourpath.ca\/index.php\/wp-json\/wp\/v2\/media?parent=799"}],"curies":[{"name":"wp","href":"https:\/\/api.w.org\/{rel}","templated":true}]}}