{"id":803,"date":"2022-10-18T12:55:14","date_gmt":"2022-10-18T12:55:14","guid":{"rendered":"https:\/\/clearingourpath.ca\/?page_id=803"},"modified":"2022-10-18T12:55:14","modified_gmt":"2022-10-18T12:55:14","slug":"eclairage-des-panneaux-indicateurs","status":"publish","type":"page","link":"https:\/\/clearingourpath.ca\/index.php\/language\/fr\/exigences-generales-de-design\/elements-de-design-communs\/signalisation\/eclairage-des-panneaux-indicateurs\/","title":{"rendered":"\u00c9clairage des panneaux indicateurs"},"content":{"rendered":"<p>L\u2019\u00e9clairage des panneaux indicateurs ne doit pas cr\u00e9er d\u2019ombres ni d\u2019\u00e9blouissement. L\u2019utilisation de finis mats et antireflets permet d\u2019obtenir une surface non \u00e9blouissante. La surface doit \u00eatre lisse et \u00e9clair\u00e9e \u00e0 une intensit\u00e9 d\u2019au moins 200 lux, mais pas fortement r\u00e9tro\u00e9clair\u00e9e.<\/p>\n<p>L\u2019efficacit\u00e9 de la signalisation \u00e0 DEL d\u00e9pend des couleurs choisies et de l\u2019angle du panneau par rapport \u00e0 l\u2019\u00e9clairage g\u00e9n\u00e9ral du lieu. Pour atteindre le meilleur contraste, utiliser des panneaux \u00e0 DEL ayant un contenu blanc, jaune, vert ou bleu p\u00e2le sur un fond noir. La combinaison rouge sur un fond noir est \u00e0 \u00e9viter, car elle est illisible sur des panneaux \u00e0 DEL pour la plupart des personnes touch\u00e9es par la c\u00e9cit\u00e9, en particulier celles qui sont daltoniennes.<\/p>\n","protected":false},"excerpt":{"rendered":"<p>L\u2019\u00e9clairage des panneaux indicateurs ne doit pas cr\u00e9er d\u2019ombres ni d\u2019\u00e9blouissement. L\u2019utilisation de finis mats et antireflets permet d\u2019obtenir une surface non \u00e9blouissante. La surface doit \u00eatre lisse et \u00e9clair\u00e9e \u00e0 une intensit\u00e9 d\u2019au moins 200 lux, mais pas fortement r\u00e9tro\u00e9clair\u00e9e. L\u2019efficacit\u00e9 de la signalisation [&hellip;]<\/p>\n","protected":false},"author":3,"featured_media":0,"parent":495,"menu_order":2,"comment_status":"closed","ping_status":"closed","template":"","meta":{"_monsterinsights_skip_tracking":false,"_monsterinsights_sitenote_active":false,"_monsterinsights_sitenote_note":"","_monsterinsights_sitenote_category":0,"footnotes":""},"class_list":["post-803","page","type-page","status-publish","hentry"],"_links":{"self":[{"href":"https:\/\/clearingourpath.ca\/index.php\/wp-json\/wp\/v2\/pages\/803","targetHints":{"allow":["GET"]}}],"collection":[{"href":"https:\/\/clearingourpath.ca\/index.php\/wp-json\/wp\/v2\/pages"}],"about":[{"href":"https:\/\/clearingourpath.ca\/index.php\/wp-json\/wp\/v2\/types\/page"}],"author":[{"embeddable":true,"href":"https:\/\/clearingourpath.ca\/index.php\/wp-json\/wp\/v2\/users\/3"}],"replies":[{"embeddable":true,"href":"https:\/\/clearingourpath.ca\/index.php\/wp-json\/wp\/v2\/comments?post=803"}],"version-history":[{"count":1,"href":"https:\/\/clearingourpath.ca\/index.php\/wp-json\/wp\/v2\/pages\/803\/revisions"}],"predecessor-version":[{"id":804,"href":"https:\/\/clearingourpath.ca\/index.php\/wp-json\/wp\/v2\/pages\/803\/revisions\/804"}],"up":[{"embeddable":true,"href":"https:\/\/clearingourpath.ca\/index.php\/wp-json\/wp\/v2\/pages\/495"}],"wp:attachment":[{"href":"https:\/\/clearingourpath.ca\/index.php\/wp-json\/wp\/v2\/media?parent=803"}],"curies":[{"name":"wp","href":"https:\/\/api.w.org\/{rel}","templated":true}]}}