{"id":808,"date":"2022-10-18T12:58:06","date_gmt":"2022-10-18T12:58:06","guid":{"rendered":"https:\/\/clearingourpath.ca\/?page_id=808"},"modified":"2022-10-18T12:58:06","modified_gmt":"2022-10-18T12:58:06","slug":"contraste-de-couleur-sur-les-panneaux-indicateurs","status":"publish","type":"page","link":"https:\/\/clearingourpath.ca\/index.php\/language\/fr\/exigences-generales-de-design\/elements-de-design-communs\/signalisation\/contraste-de-couleur-sur-les-panneaux-indicateurs\/","title":{"rendered":"Contraste de couleur sur les panneaux indicateurs"},"content":{"rendered":"<p>Le contraste entre un panneau indicateur et son arri\u00e8re-plan (p. ex., mur \u00e0 l\u2019int\u00e9rieur ou v\u00e9g\u00e9tation derri\u00e8re un panneau autoportant \u00e0 l\u2019ext\u00e9rieur), calcul\u00e9 \u00e0 partir de la formule d\u00e9crite dans la section <a href=\"https:\/\/clearingourpath.ca\/index.php\/fr\/exigences-generales-de-design\/principes-de-base-du-design\/contraste-de-couleur-et-de-luminosite\/\">Contraste de couleur et de luminosit\u00e9<\/a>, doit \u00eatre d\u2019au moins 50\u00a0%. Les caract\u00e8res et pictogrammes affich\u00e9s sur les panneaux doivent \u00eatre d\u2019une couleur ayant un contraste d\u2019au moins 70\u00a0% par rapport \u00e0 leur surface de fond.<\/p>\n<figure id=\"attachment_305\" aria-describedby=\"caption-attachment-305\" style=\"width: 453px\" class=\"wp-caption alignright\"><img loading=\"lazy\" decoding=\"async\" class=\"wp-image-305\" src=\"https:\/\/clearingourpath.ca\/wp-content\/uploads\/2022\/08\/fig3-7-4-1.jpg\" alt=\"Panneau indicateur \u00e0 hauteur des yeux. La couleur du fond contraste avec celle du mur tout autour, et la couleur de la police utilis\u00e9e, Tiresias, contraste avec le fond noir du panneau.\" width=\"453\" height=\"299\" srcset=\"https:\/\/clearingourpath.ca\/wp-content\/uploads\/2022\/08\/fig3-7-4-1.jpg 675w, https:\/\/clearingourpath.ca\/wp-content\/uploads\/2022\/08\/fig3-7-4-1-300x198.jpg 300w\" sizes=\"auto, (max-width: 453px) 100vw, 453px\" \/><figcaption id=\"caption-attachment-305\" class=\"wp-caption-text\">Panneau indicateur \u00e0 hauteur des yeux. La couleur du fond contraste avec celle du mur tout autour, et la couleur de la police utilis\u00e9e, Tiresias, contraste avec le fond noir du panneau.<\/figcaption><\/figure>\n<p>Pour les personnes touch\u00e9es par la c\u00e9cit\u00e9, un lettrage blanc sur un fond fonc\u00e9 est g\u00e9n\u00e9ralement plus facile \u00e0 lire qu\u2019un lettrage fonc\u00e9 sur un fond blanc.<\/p>\n<table class=\"clear\">\n<caption>Plusieurs combinaisons de couleurs efficaces sont possibles pour la surface autour d\u2019un panneau, le fond d\u2019un panneau et le lettrage\u00a0:<\/caption>\n<tbody>\n<tr>\n<th>Surface autour du panneau :<\/th>\n<th>Fond du panneau :<\/th>\n<th>Lettrage :<\/th>\n<\/tr>\n<tr>\n<td>brique p\u00e2le ou pierre p\u00e2le<\/td>\n<td>fonc\u00e9 (de pr\u00e9f\u00e9rence noir)<\/td>\n<td>blanc ou jaune<\/td>\n<\/tr>\n<tr>\n<td>mur blanchi \u00e0 la chaux<\/td>\n<td>fonc\u00e9 (de pr\u00e9f\u00e9rence noir)<\/td>\n<td>blanc ou jaune<\/td>\n<\/tr>\n<tr>\n<td>brique rouge ou pierre fonc\u00e9e<\/td>\n<td>blanc<\/td>\n<td>noir, vert fonc\u00e9 ou bleu fonc\u00e9<\/td>\n<\/tr>\n<tr>\n<td>v\u00e9g\u00e9tation verte<\/td>\n<td>blanc<\/td>\n<td>noir, vert fonc\u00e9 ou bleu fonc\u00e9<\/td>\n<\/tr>\n<\/tbody>\n<\/table>\n","protected":false},"excerpt":{"rendered":"<p>Le contraste entre un panneau indicateur et son arri\u00e8re-plan (p. ex., mur \u00e0 l\u2019int\u00e9rieur ou v\u00e9g\u00e9tation derri\u00e8re un panneau autoportant \u00e0 l\u2019ext\u00e9rieur), calcul\u00e9 \u00e0 partir de la formule d\u00e9crite dans la section Contraste de couleur et de luminosit\u00e9, doit \u00eatre d\u2019au moins 50\u00a0%. Les caract\u00e8res [&hellip;]<\/p>\n","protected":false},"author":3,"featured_media":0,"parent":495,"menu_order":3,"comment_status":"closed","ping_status":"closed","template":"","meta":{"_monsterinsights_skip_tracking":false,"_monsterinsights_sitenote_active":false,"_monsterinsights_sitenote_note":"","_monsterinsights_sitenote_category":0,"footnotes":""},"class_list":["post-808","page","type-page","status-publish","hentry"],"_links":{"self":[{"href":"https:\/\/clearingourpath.ca\/index.php\/wp-json\/wp\/v2\/pages\/808","targetHints":{"allow":["GET"]}}],"collection":[{"href":"https:\/\/clearingourpath.ca\/index.php\/wp-json\/wp\/v2\/pages"}],"about":[{"href":"https:\/\/clearingourpath.ca\/index.php\/wp-json\/wp\/v2\/types\/page"}],"author":[{"embeddable":true,"href":"https:\/\/clearingourpath.ca\/index.php\/wp-json\/wp\/v2\/users\/3"}],"replies":[{"embeddable":true,"href":"https:\/\/clearingourpath.ca\/index.php\/wp-json\/wp\/v2\/comments?post=808"}],"version-history":[{"count":1,"href":"https:\/\/clearingourpath.ca\/index.php\/wp-json\/wp\/v2\/pages\/808\/revisions"}],"predecessor-version":[{"id":809,"href":"https:\/\/clearingourpath.ca\/index.php\/wp-json\/wp\/v2\/pages\/808\/revisions\/809"}],"up":[{"embeddable":true,"href":"https:\/\/clearingourpath.ca\/index.php\/wp-json\/wp\/v2\/pages\/495"}],"wp:attachment":[{"href":"https:\/\/clearingourpath.ca\/index.php\/wp-json\/wp\/v2\/media?parent=808"}],"curies":[{"name":"wp","href":"https:\/\/api.w.org\/{rel}","templated":true}]}}