{"id":822,"date":"2022-10-18T13:07:32","date_gmt":"2022-10-18T13:07:32","guid":{"rendered":"https:\/\/clearingourpath.ca\/?page_id=822"},"modified":"2022-10-18T13:07:32","modified_gmt":"2022-10-18T13:07:32","slug":"dispositifs-de-signalisation-sonore","status":"publish","type":"page","link":"https:\/\/clearingourpath.ca\/index.php\/language\/fr\/exigences-generales-de-design\/elements-de-design-communs\/signalisation\/dispositifs-de-signalisation-sonore\/","title":{"rendered":"Dispositifs de signalisation sonore"},"content":{"rendered":"<figure id=\"attachment_309\" aria-describedby=\"caption-attachment-309\" style=\"width: 470px\" class=\"wp-caption alignright\"><img loading=\"lazy\" decoding=\"async\" class=\"wp-image-309 \" src=\"https:\/\/clearingourpath.ca\/wp-content\/uploads\/2022\/08\/fig3-7-7-1.jpg\" alt=\"Panneau d\u2019identification d\u2019un sentier comprenant gros caract\u00e8res, information tactile et indications sonores. Source : Tour-Mate Systems Limited.\" width=\"470\" height=\"322\" srcset=\"https:\/\/clearingourpath.ca\/wp-content\/uploads\/2022\/08\/fig3-7-7-1.jpg 700w, https:\/\/clearingourpath.ca\/wp-content\/uploads\/2022\/08\/fig3-7-7-1-300x206.jpg 300w\" sizes=\"auto, (max-width: 470px) 100vw, 470px\" \/><figcaption id=\"caption-attachment-309\" class=\"wp-caption-text\">Panneau d\u2019identification d\u2019un sentier comprenant gros caract\u00e8res, information tactile et indications sonores. Source : Tour-Mate Systems Limited.<\/figcaption><\/figure>\n<p>Les dispositifs de signalisation sonore fonctionnent gr\u00e2ce \u00e0 la technologie vocale et compl\u00e8tent l\u2019information g\u00e9n\u00e9ralement affich\u00e9e sur des panneaux imprim\u00e9s. Ils ne doivent pas \u00eatre utilis\u00e9s seuls, car ils ne constituent pas une solution accessible pour les personnes ayant une perte d\u2019audition.<\/p>\n<p>De plus en plus, les indications sonores sont int\u00e9gr\u00e9es \u00e0 l\u2019environnement b\u00e2ti au b\u00e9n\u00e9fice de la majorit\u00e9 des utilisateurs, et non seulement pour les personnes touch\u00e9es par la c\u00e9cit\u00e9. Elles sont r\u00e9pandues dans les ascenseurs, o\u00f9 elles dirigent les occupants vers le bon \u00e9tage. Elles se multiplient dans les r\u00e9seaux de transport en commun pour l\u2019annonce automatis\u00e9e des prochains arr\u00eats et de la destination de la rame de m\u00e9tro ou du train qui arrive.<\/p>\n<p>Les dispositifs de signalisation sonore doivent \u00eatre simples et intuitifs. Ils ne doivent \u00eatre audibles que sur demande (c.-\u00e0-d., pour l\u2019utilisateur seulement, et non pour tous les passants) et rester silencieux au besoin.<\/p>\n<p>Les dispositifs de signalisation sonore peuvent \u00eatre activ\u00e9s manuellement, par un bouton ou une autre commande, ou automatiquement, \u00e0 l\u2019aide de technologies telles que l\u2019identification par radiofr\u00e9quence (RFID) ou Bluetooth. Les nouvelles technologies \u00e9voluent rapidement. Comme les boutons ou commandes peuvent \u00eatre difficiles \u00e0 rep\u00e9rer pour les personnes touch\u00e9es par la c\u00e9cit\u00e9, l\u2019activation automatique est \u00e0 privil\u00e9gier.<\/p>\n<p>Les applications bas\u00e9es sur la RFID s\u2019\u00e9largissent. Elles sont utilis\u00e9es sur les rev\u00eatements de trottoir pour orienter les citoyens dans leur milieu environnant.<\/p>\n","protected":false},"excerpt":{"rendered":"<p>Les dispositifs de signalisation sonore fonctionnent gr\u00e2ce \u00e0 la technologie vocale et compl\u00e8tent l\u2019information g\u00e9n\u00e9ralement affich\u00e9e sur des panneaux imprim\u00e9s. Ils ne doivent pas \u00eatre utilis\u00e9s seuls, car ils ne constituent pas une solution accessible pour les personnes ayant une perte d\u2019audition. De plus en [&hellip;]<\/p>\n","protected":false},"author":3,"featured_media":0,"parent":495,"menu_order":6,"comment_status":"closed","ping_status":"closed","template":"","meta":{"_monsterinsights_skip_tracking":false,"_monsterinsights_sitenote_active":false,"_monsterinsights_sitenote_note":"","_monsterinsights_sitenote_category":0,"footnotes":""},"class_list":["post-822","page","type-page","status-publish","hentry"],"_links":{"self":[{"href":"https:\/\/clearingourpath.ca\/index.php\/wp-json\/wp\/v2\/pages\/822","targetHints":{"allow":["GET"]}}],"collection":[{"href":"https:\/\/clearingourpath.ca\/index.php\/wp-json\/wp\/v2\/pages"}],"about":[{"href":"https:\/\/clearingourpath.ca\/index.php\/wp-json\/wp\/v2\/types\/page"}],"author":[{"embeddable":true,"href":"https:\/\/clearingourpath.ca\/index.php\/wp-json\/wp\/v2\/users\/3"}],"replies":[{"embeddable":true,"href":"https:\/\/clearingourpath.ca\/index.php\/wp-json\/wp\/v2\/comments?post=822"}],"version-history":[{"count":1,"href":"https:\/\/clearingourpath.ca\/index.php\/wp-json\/wp\/v2\/pages\/822\/revisions"}],"predecessor-version":[{"id":823,"href":"https:\/\/clearingourpath.ca\/index.php\/wp-json\/wp\/v2\/pages\/822\/revisions\/823"}],"up":[{"embeddable":true,"href":"https:\/\/clearingourpath.ca\/index.php\/wp-json\/wp\/v2\/pages\/495"}],"wp:attachment":[{"href":"https:\/\/clearingourpath.ca\/index.php\/wp-json\/wp\/v2\/media?parent=822"}],"curies":[{"name":"wp","href":"https:\/\/api.w.org\/{rel}","templated":true}]}}