{"id":826,"date":"2022-10-18T13:08:53","date_gmt":"2022-10-18T13:08:53","guid":{"rendered":"https:\/\/clearingourpath.ca\/?page_id=826"},"modified":"2022-10-18T13:08:53","modified_gmt":"2022-10-18T13:08:53","slug":"panneaux-electroniques","status":"publish","type":"page","link":"https:\/\/clearingourpath.ca\/index.php\/language\/fr\/exigences-generales-de-design\/elements-de-design-communs\/signalisation\/panneaux-electroniques\/","title":{"rendered":"Panneaux \u00e9lectroniques"},"content":{"rendered":"<p>La signalisation dynamique gagne en popularit\u00e9 dans les environnements b\u00e2tis, rempla\u00e7ant les panneaux traditionnels fonctionnant par affichage \u00e0 cristaux liquides ou \u00e0 DEL. Des \u00e9crans num\u00e9riques actualisables se retrouvent sur de nombreux types de panneaux, notamment les tableaux r\u00e9pertoires dans les \u00e9difices, les syst\u00e8mes d\u2019appel des ascenseurs, les panneaux d\u2019identification de salle ou d\u2019information et les panneaux d\u2019identification des arr\u00eats dans des v\u00e9hicules de transport en commun.<\/p>\n<p>La nature dynamique de l\u2019information fournie par les panneaux num\u00e9riques pose de nombreux d\u00e9fis pour les personnes touch\u00e9es par la c\u00e9cit\u00e9. Comme avec tout syst\u00e8me de signalisation, l\u2019information pr\u00e9sent\u00e9e visuellement doit aussi \u00eatre rendue accessible dans une autre forme, par exemple audio ou tactile.<\/p>\n<p>Les exigences de design pour les panneaux \u00e9lectroniques sont les m\u00eames que pour les panneaux traditionnels \u00e0 lecture visuelle. Les exigences techniques \u00e9nonc\u00e9es tout au long de la section <a href=\"https:\/\/clearingourpath.ca\/index.php\/fr\/exigences-generales-de-design\/elements-de-design-communs\/signalisation\/\">Signalisation<\/a> s\u2019appliquent tout autant aux panneaux \u00e9lectroniques.<\/p>\n","protected":false},"excerpt":{"rendered":"<p>La signalisation dynamique gagne en popularit\u00e9 dans les environnements b\u00e2tis, rempla\u00e7ant les panneaux traditionnels fonctionnant par affichage \u00e0 cristaux liquides ou \u00e0 DEL. Des \u00e9crans num\u00e9riques actualisables se retrouvent sur de nombreux types de panneaux, notamment les tableaux r\u00e9pertoires dans les \u00e9difices, les syst\u00e8mes d\u2019appel [&hellip;]<\/p>\n","protected":false},"author":3,"featured_media":0,"parent":495,"menu_order":7,"comment_status":"closed","ping_status":"closed","template":"","meta":{"_monsterinsights_skip_tracking":false,"_monsterinsights_sitenote_active":false,"_monsterinsights_sitenote_note":"","_monsterinsights_sitenote_category":0,"footnotes":""},"class_list":["post-826","page","type-page","status-publish","hentry"],"_links":{"self":[{"href":"https:\/\/clearingourpath.ca\/index.php\/wp-json\/wp\/v2\/pages\/826","targetHints":{"allow":["GET"]}}],"collection":[{"href":"https:\/\/clearingourpath.ca\/index.php\/wp-json\/wp\/v2\/pages"}],"about":[{"href":"https:\/\/clearingourpath.ca\/index.php\/wp-json\/wp\/v2\/types\/page"}],"author":[{"embeddable":true,"href":"https:\/\/clearingourpath.ca\/index.php\/wp-json\/wp\/v2\/users\/3"}],"replies":[{"embeddable":true,"href":"https:\/\/clearingourpath.ca\/index.php\/wp-json\/wp\/v2\/comments?post=826"}],"version-history":[{"count":1,"href":"https:\/\/clearingourpath.ca\/index.php\/wp-json\/wp\/v2\/pages\/826\/revisions"}],"predecessor-version":[{"id":827,"href":"https:\/\/clearingourpath.ca\/index.php\/wp-json\/wp\/v2\/pages\/826\/revisions\/827"}],"up":[{"embeddable":true,"href":"https:\/\/clearingourpath.ca\/index.php\/wp-json\/wp\/v2\/pages\/495"}],"wp:attachment":[{"href":"https:\/\/clearingourpath.ca\/index.php\/wp-json\/wp\/v2\/media?parent=826"}],"curies":[{"name":"wp","href":"https:\/\/api.w.org\/{rel}","templated":true}]}}