{"id":839,"date":"2022-10-18T14:03:44","date_gmt":"2022-10-18T14:03:44","guid":{"rendered":"https:\/\/clearingourpath.ca\/?page_id=839"},"modified":"2022-10-18T14:03:44","modified_gmt":"2022-10-18T14:03:44","slug":"telephones-dinformation","status":"publish","type":"page","link":"https:\/\/clearingourpath.ca\/index.php\/language\/fr\/exigences-generales-de-design\/elements-de-design-communs\/systemes-dinformation-et-de-communication\/telephones-dinformation\/","title":{"rendered":"T\u00e9l\u00e9phones d\u2019information"},"content":{"rendered":"<p>S\u2019il n\u2019y a pas de bureau d\u2019information, un t\u00e9l\u00e9phone d\u2019information pourrait \u00eatre plac\u00e9 pr\u00e8s de l\u2019entr\u00e9e, avec des instructions sur la raison d\u2019\u00eatre du t\u00e9l\u00e9phone et la fa\u00e7on de l\u2019utiliser. Les instructions doivent \u00eatre affich\u00e9es en imprim\u00e9 et en braille.<\/p>\n<p>Les employ\u00e9s qui r\u00e9pondent aux t\u00e9l\u00e9phones d\u2019information doivent \u00eatre form\u00e9s pour fournir une assistance aux personnes touch\u00e9es par la c\u00e9cit\u00e9. Un syst\u00e8me pour les personnes ayant une perte d\u2019audition doit s\u2019ajouter aux t\u00e9l\u00e9phones, car des messages pr\u00e9enregistr\u00e9s ne suffisent pas.<\/p>\n<p>Un contraste de couleur doit permettre de distinguer facilement le t\u00e9l\u00e9phone d\u2019information de la surface qui l\u2019entoure. Des indicateurs tactiles directionnels ou des contrastes texturaux dans les rev\u00eatements de plancher, d\u00e9tectables par une longue canne et sous les pieds, devraient conduire directement de l\u2019entr\u00e9e principale au t\u00e9l\u00e9phone d\u2019information.<\/p>\n","protected":false},"excerpt":{"rendered":"<p>S\u2019il n\u2019y a pas de bureau d\u2019information, un t\u00e9l\u00e9phone d\u2019information pourrait \u00eatre plac\u00e9 pr\u00e8s de l\u2019entr\u00e9e, avec des instructions sur la raison d\u2019\u00eatre du t\u00e9l\u00e9phone et la fa\u00e7on de l\u2019utiliser. Les instructions doivent \u00eatre affich\u00e9es en imprim\u00e9 et en braille. Les employ\u00e9s qui r\u00e9pondent aux [&hellip;]<\/p>\n","protected":false},"author":3,"featured_media":0,"parent":519,"menu_order":1,"comment_status":"closed","ping_status":"closed","template":"","meta":{"_monsterinsights_skip_tracking":false,"_monsterinsights_sitenote_active":false,"_monsterinsights_sitenote_note":"","_monsterinsights_sitenote_category":0,"footnotes":""},"class_list":["post-839","page","type-page","status-publish","hentry"],"_links":{"self":[{"href":"https:\/\/clearingourpath.ca\/index.php\/wp-json\/wp\/v2\/pages\/839","targetHints":{"allow":["GET"]}}],"collection":[{"href":"https:\/\/clearingourpath.ca\/index.php\/wp-json\/wp\/v2\/pages"}],"about":[{"href":"https:\/\/clearingourpath.ca\/index.php\/wp-json\/wp\/v2\/types\/page"}],"author":[{"embeddable":true,"href":"https:\/\/clearingourpath.ca\/index.php\/wp-json\/wp\/v2\/users\/3"}],"replies":[{"embeddable":true,"href":"https:\/\/clearingourpath.ca\/index.php\/wp-json\/wp\/v2\/comments?post=839"}],"version-history":[{"count":1,"href":"https:\/\/clearingourpath.ca\/index.php\/wp-json\/wp\/v2\/pages\/839\/revisions"}],"predecessor-version":[{"id":840,"href":"https:\/\/clearingourpath.ca\/index.php\/wp-json\/wp\/v2\/pages\/839\/revisions\/840"}],"up":[{"embeddable":true,"href":"https:\/\/clearingourpath.ca\/index.php\/wp-json\/wp\/v2\/pages\/519"}],"wp:attachment":[{"href":"https:\/\/clearingourpath.ca\/index.php\/wp-json\/wp\/v2\/media?parent=839"}],"curies":[{"name":"wp","href":"https:\/\/api.w.org\/{rel}","templated":true}]}}