{"id":860,"date":"2022-10-18T14:15:39","date_gmt":"2022-10-18T14:15:39","guid":{"rendered":"https:\/\/clearingourpath.ca\/?page_id=860"},"modified":"2025-01-21T11:54:20","modified_gmt":"2025-01-21T14:54:20","slug":"systemes-de-securite-par-carte-pave-numerique-ou-autre","status":"publish","type":"page","link":"https:\/\/clearingourpath.ca\/index.php\/language\/fr\/exigences-generales-de-design\/elements-de-design-communs\/systemes-de-securite-par-carte-pave-numerique-ou-autre\/","title":{"rendered":"Syst\u00e8mes de s\u00e9curit\u00e9 par carte, pav\u00e9 num\u00e9rique ou autre"},"content":{"rendered":"<p>Les verrous d\u2019acc\u00e8s par carte de s\u00e9curit\u00e9 pour un \u00e9difice doivent se trouver du c\u00f4t\u00e9 loquet d\u2019une porte, \u00e0 une hauteur de 900 mm de la surface du sol. Ils doivent \u00eatre de couleur contrastante par rapport \u00e0 la surface p\u00e9riph\u00e9rique, et avoir une fente qui est \u00e9clair\u00e9e ou d\u2019une couleur qui contraste avec celle de la plaque de montage.<\/p>\n<p>La carte de s\u00e9curit\u00e9 elle-m\u00eame doit avoir une couleur ou une texture distinctive.<\/p>\n<p>Une personne vivant avec la c\u00e9cit\u00e9 qui utilise une carte de s\u00e9curit\u00e9 doit pouvoir sentir comment l\u2019ins\u00e9rer dans un verrou pour ouvrir celui-ci. Elle peut le savoir si, par exemple, le coin gauche de la carte est coup\u00e9 \u00e0 un angle de 45\u00a0degr\u00e9s ou si un trou est perc\u00e9 dans le coin.<\/p>\n<p>Les cartes de proximit\u00e9 deviennent de plus en plus courantes. Elles peuvent grandement am\u00e9liorer l\u2019accessibilit\u00e9 pour les personnes touch\u00e9es par la c\u00e9cit\u00e9, car elles ne requi\u00e8rent pas d\u2019insertion dans un sens pr\u00e9cis. Ces cartes fonctionnent si elles sont dans la port\u00e9e d\u00e9tectable du dispositif de verrouillage de porte.<\/p>\n<p>Lorsqu\u2019une carte a bien d\u00e9clench\u00e9 le m\u00e9canisme de d\u00e9verrouillage, des indications sonores sont requises en plus d\u2019indications visuelles claires.<\/p>\n<p>Les dispositifs de verrouillage de porte par pav\u00e9 num\u00e9rique doivent avoir la m\u00eame disposition de chiffres qu\u2019un t\u00e9l\u00e9phone ordinaire et \u00eatre dot\u00e9s d\u2019un indicateur tactile, au minimum, sur le \u00ab\u00a05\u00a0\u00bb. Les touches \u00e0 effleurement thermosensibles sont \u00e0 \u00e9viter, car elles peuvent \u00eatre difficiles \u00e0 utiliser pour les personnes touch\u00e9es par la c\u00e9cit\u00e9. Les pav\u00e9s num\u00e9riques doivent respecter la norme \u00ab\u00a0CAN\/CSA-B651.2-F07 \u2013 Conception accessible des dispositifs interactifs libre-service\u00a0\u00bb de l\u2019Association canadienne de normalisation, offerte sur le site Web <a href=\"https:\/\/store.csagroup.org\/ccrz__ProductDetails?viewState=DetailView&amp;cartID=&amp;sku=CAN%2FCSA-B651.2-25&amp;isCSRFlow=true&amp;portalUser=&amp;store=&amp;cclcl=fr_CA\" target=\"_blank\" rel=\"noopener\">Produits CSA<\/a>.<\/p>\n<p>Le signal indiquant au public qu\u2019un syst\u00e8me de s\u00e9curit\u00e9 d\u2019immeuble est en marche doit \u00eatre visuel et sonore.<\/p>\n","protected":false},"excerpt":{"rendered":"<p>Les verrous d\u2019acc\u00e8s par carte de s\u00e9curit\u00e9 pour un \u00e9difice doivent se trouver du c\u00f4t\u00e9 loquet d\u2019une porte, \u00e0 une hauteur de 900 mm de la surface du sol. Ils doivent \u00eatre de couleur contrastante par rapport \u00e0 la surface p\u00e9riph\u00e9rique, et avoir une fente [&hellip;]<\/p>\n","protected":false},"author":3,"featured_media":0,"parent":432,"menu_order":8,"comment_status":"closed","ping_status":"closed","template":"","meta":{"_monsterinsights_skip_tracking":false,"_monsterinsights_sitenote_active":false,"_monsterinsights_sitenote_note":"","_monsterinsights_sitenote_category":0,"footnotes":""},"class_list":["post-860","page","type-page","status-publish","hentry"],"_links":{"self":[{"href":"https:\/\/clearingourpath.ca\/index.php\/wp-json\/wp\/v2\/pages\/860","targetHints":{"allow":["GET"]}}],"collection":[{"href":"https:\/\/clearingourpath.ca\/index.php\/wp-json\/wp\/v2\/pages"}],"about":[{"href":"https:\/\/clearingourpath.ca\/index.php\/wp-json\/wp\/v2\/types\/page"}],"author":[{"embeddable":true,"href":"https:\/\/clearingourpath.ca\/index.php\/wp-json\/wp\/v2\/users\/3"}],"replies":[{"embeddable":true,"href":"https:\/\/clearingourpath.ca\/index.php\/wp-json\/wp\/v2\/comments?post=860"}],"version-history":[{"count":2,"href":"https:\/\/clearingourpath.ca\/index.php\/wp-json\/wp\/v2\/pages\/860\/revisions"}],"predecessor-version":[{"id":1899,"href":"https:\/\/clearingourpath.ca\/index.php\/wp-json\/wp\/v2\/pages\/860\/revisions\/1899"}],"up":[{"embeddable":true,"href":"https:\/\/clearingourpath.ca\/index.php\/wp-json\/wp\/v2\/pages\/432"}],"wp:attachment":[{"href":"https:\/\/clearingourpath.ca\/index.php\/wp-json\/wp\/v2\/media?parent=860"}],"curies":[{"name":"wp","href":"https:\/\/api.w.org\/{rel}","templated":true}]}}