{"id":868,"date":"2022-10-18T14:26:50","date_gmt":"2022-10-18T14:26:50","guid":{"rendered":"https:\/\/clearingourpath.ca\/?page_id=868"},"modified":"2022-11-24T10:45:19","modified_gmt":"2022-11-24T14:45:19","slug":"voies-de-deplacement-exterieures","status":"publish","type":"page","link":"https:\/\/clearingourpath.ca\/index.php\/language\/fr\/exigences-generales-de-design\/elements-de-design-exterieur\/voies-de-deplacement-exterieures\/","title":{"rendered":"Voies de d\u00e9placement ext\u00e9rieures"},"content":{"rendered":"<p>Veuillez aussi consulter la section \u00c9l\u00e9ments de design communs &#8211; int\u00e9rieur et ext\u00e9rieur (voir \u00ab\u00a0<a href=\"https:\/\/clearingourpath.ca\/index.php\/fr\/exigences-generales-de-design\/elements-de-design-communs\/voies-de-deplacement\/\">Voies de d\u00e9placement<\/a>\u00a0\u00bb).<\/p>\n<p><strong>Dans cette section\u00a0:<\/strong><\/p>\n<ul>\n<li><a href=\"https:\/\/clearingourpath.ca\/index.php\/fr\/exigences-generales-de-design\/elements-de-design-exterieur\/voies-de-deplacement-exterieures\/emplacement\/\">Emplacement<\/a><\/li>\n<li><a href=\"https:\/\/clearingourpath.ca\/index.php\/fr\/exigences-generales-de-design\/elements-de-design-exterieur\/voies-de-deplacement-exterieures\/pente\/\">Pente<\/a><\/li>\n<li><a href=\"https:\/\/clearingourpath.ca\/index.php\/fr\/exigences-generales-de-design\/elements-de-design-exterieur\/voies-de-deplacement-exterieures\/obstructions\/\">Obstructions<\/a><\/li>\n<li><a href=\"https:\/\/clearingourpath.ca\/index.php\/fr\/exigences-generales-de-design\/elements-de-design-exterieur\/voies-de-deplacement-exterieures\/trottoirs-et-pistes-cyclables\/\">Trottoirs et pistes cyclables<\/a><\/li>\n<li><a href=\"https:\/\/clearingourpath.ca\/index.php\/fr\/exigences-generales-de-design\/elements-de-design-exterieur\/voies-de-deplacement-exterieures\/stationnements\/\">Stationnements<\/a><\/li>\n<\/ul>\n","protected":false},"excerpt":{"rendered":"<p>Veuillez aussi consulter la section \u00c9l\u00e9ments de design communs &#8211; int\u00e9rieur et ext\u00e9rieur (voir \u00ab\u00a0Voies de d\u00e9placement\u00a0\u00bb). Dans cette section\u00a0: Emplacement Pente Obstructions Trottoirs et pistes cyclables Stationnements<\/p>\n","protected":false},"author":3,"featured_media":0,"parent":448,"menu_order":0,"comment_status":"closed","ping_status":"closed","template":"","meta":{"_monsterinsights_skip_tracking":false,"_monsterinsights_sitenote_active":false,"_monsterinsights_sitenote_note":"","_monsterinsights_sitenote_category":0,"footnotes":""},"class_list":["post-868","page","type-page","status-publish","hentry"],"_links":{"self":[{"href":"https:\/\/clearingourpath.ca\/index.php\/wp-json\/wp\/v2\/pages\/868","targetHints":{"allow":["GET"]}}],"collection":[{"href":"https:\/\/clearingourpath.ca\/index.php\/wp-json\/wp\/v2\/pages"}],"about":[{"href":"https:\/\/clearingourpath.ca\/index.php\/wp-json\/wp\/v2\/types\/page"}],"author":[{"embeddable":true,"href":"https:\/\/clearingourpath.ca\/index.php\/wp-json\/wp\/v2\/users\/3"}],"replies":[{"embeddable":true,"href":"https:\/\/clearingourpath.ca\/index.php\/wp-json\/wp\/v2\/comments?post=868"}],"version-history":[{"count":2,"href":"https:\/\/clearingourpath.ca\/index.php\/wp-json\/wp\/v2\/pages\/868\/revisions"}],"predecessor-version":[{"id":1364,"href":"https:\/\/clearingourpath.ca\/index.php\/wp-json\/wp\/v2\/pages\/868\/revisions\/1364"}],"up":[{"embeddable":true,"href":"https:\/\/clearingourpath.ca\/index.php\/wp-json\/wp\/v2\/pages\/448"}],"wp:attachment":[{"href":"https:\/\/clearingourpath.ca\/index.php\/wp-json\/wp\/v2\/media?parent=868"}],"curies":[{"name":"wp","href":"https:\/\/api.w.org\/{rel}","templated":true}]}}