{"id":876,"date":"2022-10-18T14:30:36","date_gmt":"2022-10-18T14:30:36","guid":{"rendered":"https:\/\/clearingourpath.ca\/?page_id=876"},"modified":"2022-10-18T14:30:36","modified_gmt":"2022-10-18T14:30:36","slug":"pente","status":"publish","type":"page","link":"https:\/\/clearingourpath.ca\/index.php\/language\/fr\/exigences-generales-de-design\/elements-de-design-exterieur\/voies-de-deplacement-exterieures\/pente\/","title":{"rendered":"Pente"},"content":{"rendered":"<p>La pente courante des voies pi\u00e9tonni\u00e8res ne doit pas d\u00e9passer 1:20. Id\u00e9alement, la pente transversale sur des voies pi\u00e9tonni\u00e8res ne doit pas d\u00e9passer 1:50. Si une telle inclinaison ne peut \u00eatre obtenue, les pentes transversales doivent \u00eatre aussi douces que possible.<\/p>\n<p>Les voies pi\u00e9tonni\u00e8res ayant des pentes de plus de 1:20 dans le sens du d\u00e9placement doivent \u00eatre con\u00e7ues comme des rampes d\u2019acc\u00e8s. Pour de plus amples renseignements, consultez la section <a href=\"https:\/\/clearingourpath.ca\/index.php\/fr\/exigences-generales-de-design\/elements-de-design-communs\/rampes-dacces\/\">Rampes d\u2019acc\u00e8s<\/a>.<\/p>\n","protected":false},"excerpt":{"rendered":"<p>La pente courante des voies pi\u00e9tonni\u00e8res ne doit pas d\u00e9passer 1:20. Id\u00e9alement, la pente transversale sur des voies pi\u00e9tonni\u00e8res ne doit pas d\u00e9passer 1:50. Si une telle inclinaison ne peut \u00eatre obtenue, les pentes transversales doivent \u00eatre aussi douces que possible. Les voies pi\u00e9tonni\u00e8res ayant [&hellip;]<\/p>\n","protected":false},"author":3,"featured_media":0,"parent":868,"menu_order":1,"comment_status":"closed","ping_status":"closed","template":"","meta":{"_monsterinsights_skip_tracking":false,"_monsterinsights_sitenote_active":false,"_monsterinsights_sitenote_note":"","_monsterinsights_sitenote_category":0,"footnotes":""},"class_list":["post-876","page","type-page","status-publish","hentry"],"_links":{"self":[{"href":"https:\/\/clearingourpath.ca\/index.php\/wp-json\/wp\/v2\/pages\/876","targetHints":{"allow":["GET"]}}],"collection":[{"href":"https:\/\/clearingourpath.ca\/index.php\/wp-json\/wp\/v2\/pages"}],"about":[{"href":"https:\/\/clearingourpath.ca\/index.php\/wp-json\/wp\/v2\/types\/page"}],"author":[{"embeddable":true,"href":"https:\/\/clearingourpath.ca\/index.php\/wp-json\/wp\/v2\/users\/3"}],"replies":[{"embeddable":true,"href":"https:\/\/clearingourpath.ca\/index.php\/wp-json\/wp\/v2\/comments?post=876"}],"version-history":[{"count":1,"href":"https:\/\/clearingourpath.ca\/index.php\/wp-json\/wp\/v2\/pages\/876\/revisions"}],"predecessor-version":[{"id":877,"href":"https:\/\/clearingourpath.ca\/index.php\/wp-json\/wp\/v2\/pages\/876\/revisions\/877"}],"up":[{"embeddable":true,"href":"https:\/\/clearingourpath.ca\/index.php\/wp-json\/wp\/v2\/pages\/868"}],"wp:attachment":[{"href":"https:\/\/clearingourpath.ca\/index.php\/wp-json\/wp\/v2\/media?parent=876"}],"curies":[{"name":"wp","href":"https:\/\/api.w.org\/{rel}","templated":true}]}}