{"id":894,"date":"2022-10-18T14:39:18","date_gmt":"2022-10-18T14:39:18","guid":{"rendered":"https:\/\/clearingourpath.ca\/?page_id=894"},"modified":"2022-10-18T14:39:18","modified_gmt":"2022-10-18T14:39:18","slug":"trottoirs-et-pistes-cyclables","status":"publish","type":"page","link":"https:\/\/clearingourpath.ca\/index.php\/language\/fr\/exigences-generales-de-design\/elements-de-design-exterieur\/voies-de-deplacement-exterieures\/trottoirs-et-pistes-cyclables\/","title":{"rendered":"Trottoirs et pistes cyclables"},"content":{"rendered":"<p>Il est possible d\u2019int\u00e9grer de nombreux renseignements utiles \u00e0 l\u2019infrastructure d\u2019un trottoir. Des indices facilitant le rep\u00e9rage du chemin d\u2019acc\u00e8s pour les pi\u00e9tons peuvent s\u2019incorporer \u00e0 la surface, notamment des changements de direction, des n\u0153uds d\u00e9signant des zones de prise de d\u00e9cision, les entr\u00e9es principales d\u2019installations et d\u2019\u00e9difices, les limites de trottoirs ou de routes, etc.<\/p>\n<p>L\u2019information peut \u00eatre communiqu\u00e9e par des changements de texture ou de couleur dans l\u2019infrastructure du trottoir. Dans certains cas, l\u2019information comme les noms de rue est int\u00e9gr\u00e9e aux trottoirs \u00e0 l\u2019approche des intersections. Des n\u0153uds peuvent indiquer aux pi\u00e9tons qu\u2019il y a plusieurs voies de d\u00e9placement dans la zone.<\/p>\n<p>Autant que possible, les pistes cyclables doivent \u00eatre situ\u00e9es sur la route afin d\u2019inciter les cyclistes \u00e0 ne pas utiliser les trottoirs. Elles auront plus de chances d\u2019\u00eatre emprunt\u00e9es si elles consistent en bandes plus larges r\u00e9serv\u00e9es aux v\u00e9los et bien d\u00e9limit\u00e9es. Les pistes cyclables prot\u00e9g\u00e9es (c.-\u00e0-d., s\u00e9par\u00e9es de la circulation routi\u00e8re par des poteaux, des terre-pleins ou une zone tampon bien d\u00e9finie) sont non seulement plus susceptibles d\u2019\u00eatre utilis\u00e9es, mais sont aussi plus visibles pour les pi\u00e9tons.<\/p>\n<p>Pour de plus amples renseignements, consultez la section <a href=\"https:\/\/clearingourpath.ca\/index.php\/fr\/exigences-generales-de-design\/elements-de-design-exterieur\/installations-recreatives\/sentiers-polyvalents\/\">Sentiers polyvalents<\/a>.<\/p>\n","protected":false},"excerpt":{"rendered":"<p>Il est possible d\u2019int\u00e9grer de nombreux renseignements utiles \u00e0 l\u2019infrastructure d\u2019un trottoir. Des indices facilitant le rep\u00e9rage du chemin d\u2019acc\u00e8s pour les pi\u00e9tons peuvent s\u2019incorporer \u00e0 la surface, notamment des changements de direction, des n\u0153uds d\u00e9signant des zones de prise de d\u00e9cision, les entr\u00e9es principales [&hellip;]<\/p>\n","protected":false},"author":3,"featured_media":0,"parent":868,"menu_order":3,"comment_status":"closed","ping_status":"closed","template":"","meta":{"_monsterinsights_skip_tracking":false,"_monsterinsights_sitenote_active":false,"_monsterinsights_sitenote_note":"","_monsterinsights_sitenote_category":0,"footnotes":""},"class_list":["post-894","page","type-page","status-publish","hentry"],"_links":{"self":[{"href":"https:\/\/clearingourpath.ca\/index.php\/wp-json\/wp\/v2\/pages\/894","targetHints":{"allow":["GET"]}}],"collection":[{"href":"https:\/\/clearingourpath.ca\/index.php\/wp-json\/wp\/v2\/pages"}],"about":[{"href":"https:\/\/clearingourpath.ca\/index.php\/wp-json\/wp\/v2\/types\/page"}],"author":[{"embeddable":true,"href":"https:\/\/clearingourpath.ca\/index.php\/wp-json\/wp\/v2\/users\/3"}],"replies":[{"embeddable":true,"href":"https:\/\/clearingourpath.ca\/index.php\/wp-json\/wp\/v2\/comments?post=894"}],"version-history":[{"count":1,"href":"https:\/\/clearingourpath.ca\/index.php\/wp-json\/wp\/v2\/pages\/894\/revisions"}],"predecessor-version":[{"id":895,"href":"https:\/\/clearingourpath.ca\/index.php\/wp-json\/wp\/v2\/pages\/894\/revisions\/895"}],"up":[{"embeddable":true,"href":"https:\/\/clearingourpath.ca\/index.php\/wp-json\/wp\/v2\/pages\/868"}],"wp:attachment":[{"href":"https:\/\/clearingourpath.ca\/index.php\/wp-json\/wp\/v2\/media?parent=894"}],"curies":[{"name":"wp","href":"https:\/\/api.w.org\/{rel}","templated":true}]}}