{"id":907,"date":"2022-10-18T14:59:49","date_gmt":"2022-10-18T14:59:49","guid":{"rendered":"https:\/\/clearingourpath.ca\/?page_id=907"},"modified":"2022-10-18T15:19:30","modified_gmt":"2022-10-18T15:19:30","slug":"ilots-de-refuge-pour-pietons","status":"publish","type":"page","link":"https:\/\/clearingourpath.ca\/index.php\/language\/fr\/exigences-generales-de-design\/elements-de-design-exterieur\/intersections\/ilots-de-refuge-pour-pietons\/","title":{"rendered":"\u00celots de refuge pour pi\u00e9tons"},"content":{"rendered":"<p>Autant que possible, la voie de passage d\u2019un c\u00f4t\u00e9 \u00e0 l\u2019autre d\u2019une rue doit \u00eatre directe, sans \u00eelot de refuge sur\u00e9lev\u00e9 au milieu. Les personnes touch\u00e9es par la c\u00e9cit\u00e9 pourraient se croire rendues de l\u2019autre c\u00f4t\u00e9 de la rue alors qu\u2019elles ont en fait atteint un \u00eelot de refuge.<\/p>\n<figure id=\"attachment_324\" aria-describedby=\"caption-attachment-324\" style=\"width: 863px\" class=\"wp-caption aligncenter\"><img loading=\"lazy\" decoding=\"async\" class=\" wp-image-324\" src=\"https:\/\/clearingourpath.ca\/wp-content\/uploads\/2022\/08\/fig4-2-2-1_f.png\" alt=\"Bon exemple d\u2019utilisation de bateaux de trottoir pour faciliter l\u2019acc\u00e8s \u00e0 un \u00eelot de refuge.\" width=\"863\" height=\"431\" srcset=\"https:\/\/clearingourpath.ca\/wp-content\/uploads\/2022\/08\/fig4-2-2-1_f.png 2399w, https:\/\/clearingourpath.ca\/wp-content\/uploads\/2022\/08\/fig4-2-2-1_f-300x150.png 300w, https:\/\/clearingourpath.ca\/wp-content\/uploads\/2022\/08\/fig4-2-2-1_f-1024x512.png 1024w, https:\/\/clearingourpath.ca\/wp-content\/uploads\/2022\/08\/fig4-2-2-1_f-768x384.png 768w, https:\/\/clearingourpath.ca\/wp-content\/uploads\/2022\/08\/fig4-2-2-1_f-1536x768.png 1536w, https:\/\/clearingourpath.ca\/wp-content\/uploads\/2022\/08\/fig4-2-2-1_f-2048x1024.png 2048w\" sizes=\"auto, (max-width: 863px) 100vw, 863px\" \/><figcaption id=\"caption-attachment-324\" class=\"wp-caption-text\">Bon exemple d\u2019utilisation de bateaux de trottoir pour faciliter l\u2019acc\u00e8s \u00e0 un \u00eelot de refuge.<\/figcaption><\/figure>\n<figure id=\"attachment_326\" aria-describedby=\"caption-attachment-326\" style=\"width: 865px\" class=\"wp-caption aligncenter\"><img loading=\"lazy\" decoding=\"async\" class=\" wp-image-326\" src=\"https:\/\/clearingourpath.ca\/wp-content\/uploads\/2022\/08\/fig4-2-2-2_f.png\" alt=\"Bon exemple de voie pi\u00e9tonni\u00e8re traversant un \u00eelot de refuge au m\u00eame niveau que la surface de la rue.\" width=\"865\" height=\"432\" srcset=\"https:\/\/clearingourpath.ca\/wp-content\/uploads\/2022\/08\/fig4-2-2-2_f.png 2399w, https:\/\/clearingourpath.ca\/wp-content\/uploads\/2022\/08\/fig4-2-2-2_f-300x150.png 300w, https:\/\/clearingourpath.ca\/wp-content\/uploads\/2022\/08\/fig4-2-2-2_f-1024x512.png 1024w, https:\/\/clearingourpath.ca\/wp-content\/uploads\/2022\/08\/fig4-2-2-2_f-768x384.png 768w, https:\/\/clearingourpath.ca\/wp-content\/uploads\/2022\/08\/fig4-2-2-2_f-1536x768.png 1536w, https:\/\/clearingourpath.ca\/wp-content\/uploads\/2022\/08\/fig4-2-2-2_f-2048x1024.png 2048w\" sizes=\"auto, (max-width: 865px) 100vw, 865px\" \/><figcaption id=\"caption-attachment-326\" class=\"wp-caption-text\">Bon exemple de voie pi\u00e9tonni\u00e8re traversant un \u00eelot de refuge au m\u00eame niveau que la surface de la rue.<\/figcaption><\/figure>\n<p class=\"clear down01\">Cela dit, pour des intersections tr\u00e8s larges (p. ex., 6\u00a0voies de circulation automobile ou plus), un \u00eelot de refuge peut se r\u00e9v\u00e9ler un lieu d\u2019arr\u00eat s\u00e9curitaire pour une travers\u00e9e en deux temps. Pour ces intersections exceptionnellement larges, les pi\u00e9tons doivent disposer d\u2019un d\u00e9lai suppl\u00e9mentaire pour terminer la travers\u00e9e.<\/p>\n<figure id=\"attachment_327\" aria-describedby=\"caption-attachment-327\" style=\"width: 417px\" class=\"wp-caption alignright\"><img loading=\"lazy\" decoding=\"async\" class=\"wp-image-327\" src=\"https:\/\/clearingourpath.ca\/wp-content\/uploads\/2022\/08\/fig4-2-2-3.jpg\" alt=\"Bon exemple d\u2019\u00eelot de refuge \u00e0 circulation dirig\u00e9e dont les points d\u2019acc\u00e8s sont align\u00e9s avec les points de d\u00e9part des pi\u00e9tons de chaque c\u00f4t\u00e9 de la rue.\" width=\"417\" height=\"313\" srcset=\"https:\/\/clearingourpath.ca\/wp-content\/uploads\/2022\/08\/fig4-2-2-3.jpg 639w, https:\/\/clearingourpath.ca\/wp-content\/uploads\/2022\/08\/fig4-2-2-3-300x225.jpg 300w\" sizes=\"auto, (max-width: 417px) 100vw, 417px\" \/><figcaption id=\"caption-attachment-327\" class=\"wp-caption-text\">Bon exemple d\u2019\u00eelot de refuge \u00e0 circulation dirig\u00e9e dont les points d\u2019acc\u00e8s sont align\u00e9s avec les points de d\u00e9part des pi\u00e9tons de chaque c\u00f4t\u00e9 de la rue.<\/figcaption><\/figure>\n<p>Lorsqu\u2019un \u00eelot de refuge sur\u00e9lev\u00e9 fait partie d\u2019un passage pi\u00e9tonnier, il doit \u00eatre accessible par une voie pi\u00e9tonni\u00e8re qui le traverse de plain-pied, ou par des bateaux de trottoir pratiqu\u00e9s des deux c\u00f4t\u00e9s. Un \u00eelot de refuge doit comprendre un palier de repos d\u2019au moins 1400\u00a0mm de long et, de chaque c\u00f4t\u00e9, des indicateurs tactiles appropri\u00e9s d\u2019\u00e9veil de la vigilance sur la surface de marche.<\/p>\n<p>Lorsqu\u2019un \u00eelot de refuge est au m\u00eame niveau que la surface de la rue, la voie pi\u00e9tonni\u00e8re qui le traverse doit commencer et se terminer, sur toute sa largeur, par des indicateurs tactiles d\u2019\u00e9veil de la vigilance. Ces indicateurs doivent \u00eatre \u00e0 une distance de 150 \u00e0 200\u00a0mm derri\u00e8re la ligne de bordure, mesurer de 600 \u00e0 650\u00a0mm de long et \u00eatre de couleur contrastante par rapport au reste de la voie pi\u00e9tonni\u00e8re. Pour de plus amples renseignements, consultez la section <a href=\"https:\/\/clearingourpath.ca\/index.php\/fr\/exigences-generales-de-design\/elements-de-design-communs\/escaliers\/indicateurs-tactiles-de-surface-de-marche\/\">Indicateurs tactiles de surface de marche<\/a>.<\/p>\n<p>Autant que possible, la voie de passage dans un \u00eelot de refuge doit \u00eatre en ligne droite depuis le point de d\u00e9part de la travers\u00e9e. Dans le cas contraire, une configuration \u00e0 circulation dirig\u00e9e doit \u00eatre utilis\u00e9e afin que les points d\u2019entr\u00e9e de chaque c\u00f4t\u00e9 de l\u2019\u00eelot soient align\u00e9s avec les points de d\u00e9part de la travers\u00e9e de chaque c\u00f4t\u00e9 de la rue.<\/p>\n","protected":false},"excerpt":{"rendered":"<p>Autant que possible, la voie de passage d\u2019un c\u00f4t\u00e9 \u00e0 l\u2019autre d\u2019une rue doit \u00eatre directe, sans \u00eelot de refuge sur\u00e9lev\u00e9 au milieu. Les personnes touch\u00e9es par la c\u00e9cit\u00e9 pourraient se croire rendues de l\u2019autre c\u00f4t\u00e9 de la rue alors qu\u2019elles ont en fait atteint [&hellip;]<\/p>\n","protected":false},"author":3,"featured_media":0,"parent":705,"menu_order":1,"comment_status":"closed","ping_status":"closed","template":"","meta":{"_monsterinsights_skip_tracking":false,"_monsterinsights_sitenote_active":false,"_monsterinsights_sitenote_note":"","_monsterinsights_sitenote_category":0,"footnotes":""},"class_list":["post-907","page","type-page","status-publish","hentry"],"_links":{"self":[{"href":"https:\/\/clearingourpath.ca\/index.php\/wp-json\/wp\/v2\/pages\/907","targetHints":{"allow":["GET"]}}],"collection":[{"href":"https:\/\/clearingourpath.ca\/index.php\/wp-json\/wp\/v2\/pages"}],"about":[{"href":"https:\/\/clearingourpath.ca\/index.php\/wp-json\/wp\/v2\/types\/page"}],"author":[{"embeddable":true,"href":"https:\/\/clearingourpath.ca\/index.php\/wp-json\/wp\/v2\/users\/3"}],"replies":[{"embeddable":true,"href":"https:\/\/clearingourpath.ca\/index.php\/wp-json\/wp\/v2\/comments?post=907"}],"version-history":[{"count":1,"href":"https:\/\/clearingourpath.ca\/index.php\/wp-json\/wp\/v2\/pages\/907\/revisions"}],"predecessor-version":[{"id":908,"href":"https:\/\/clearingourpath.ca\/index.php\/wp-json\/wp\/v2\/pages\/907\/revisions\/908"}],"up":[{"embeddable":true,"href":"https:\/\/clearingourpath.ca\/index.php\/wp-json\/wp\/v2\/pages\/705"}],"wp:attachment":[{"href":"https:\/\/clearingourpath.ca\/index.php\/wp-json\/wp\/v2\/media?parent=907"}],"curies":[{"name":"wp","href":"https:\/\/api.w.org\/{rel}","templated":true}]}}