{"id":928,"date":"2022-10-18T17:45:21","date_gmt":"2022-10-18T17:45:21","guid":{"rendered":"https:\/\/clearingourpath.ca\/?page_id=928"},"modified":"2022-10-18T17:45:21","modified_gmt":"2022-10-18T17:45:21","slug":"traverses-pietonnieres-sans-signalisation","status":"publish","type":"page","link":"https:\/\/clearingourpath.ca\/index.php\/language\/fr\/exigences-generales-de-design\/elements-de-design-exterieur\/intersections\/traverses-pietonnieres-sans-signalisation\/","title":{"rendered":"Traverses pi\u00e9tonni\u00e8res sans signalisation"},"content":{"rendered":"<p>Aux traverses pi\u00e9tonni\u00e8res non pourvues de feux de circulation, un panneau portant la mention \u00ab Priorit\u00e9 aux pi\u00e9tons \u00bb doit \u00eatre install\u00e9 pr\u00e8s de la ligne d\u2019arr\u00eat des v\u00e9hicules. Des mesures de mod\u00e9ration de la circulation, telles que des dos d\u2019\u00e2ne, doivent aussi \u00eatre envisag\u00e9es pour r\u00e9duire la vitesse des v\u00e9hicules qui approchent. Il est de plus important qu\u2019une ligne trac\u00e9e sur la chauss\u00e9e indique o\u00f9 les v\u00e9hicules doivent s\u2019arr\u00eater pour laisser passer des pi\u00e9tons.<\/p>\n","protected":false},"excerpt":{"rendered":"<p>Aux traverses pi\u00e9tonni\u00e8res non pourvues de feux de circulation, un panneau portant la mention \u00ab Priorit\u00e9 aux pi\u00e9tons \u00bb doit \u00eatre install\u00e9 pr\u00e8s de la ligne d\u2019arr\u00eat des v\u00e9hicules. Des mesures de mod\u00e9ration de la circulation, telles que des dos d\u2019\u00e2ne, doivent aussi \u00eatre envisag\u00e9es [&hellip;]<\/p>\n","protected":false},"author":3,"featured_media":0,"parent":705,"menu_order":6,"comment_status":"closed","ping_status":"closed","template":"","meta":{"_monsterinsights_skip_tracking":false,"_monsterinsights_sitenote_active":false,"_monsterinsights_sitenote_note":"","_monsterinsights_sitenote_category":0,"footnotes":""},"class_list":["post-928","page","type-page","status-publish","hentry"],"_links":{"self":[{"href":"https:\/\/clearingourpath.ca\/index.php\/wp-json\/wp\/v2\/pages\/928","targetHints":{"allow":["GET"]}}],"collection":[{"href":"https:\/\/clearingourpath.ca\/index.php\/wp-json\/wp\/v2\/pages"}],"about":[{"href":"https:\/\/clearingourpath.ca\/index.php\/wp-json\/wp\/v2\/types\/page"}],"author":[{"embeddable":true,"href":"https:\/\/clearingourpath.ca\/index.php\/wp-json\/wp\/v2\/users\/3"}],"replies":[{"embeddable":true,"href":"https:\/\/clearingourpath.ca\/index.php\/wp-json\/wp\/v2\/comments?post=928"}],"version-history":[{"count":1,"href":"https:\/\/clearingourpath.ca\/index.php\/wp-json\/wp\/v2\/pages\/928\/revisions"}],"predecessor-version":[{"id":929,"href":"https:\/\/clearingourpath.ca\/index.php\/wp-json\/wp\/v2\/pages\/928\/revisions\/929"}],"up":[{"embeddable":true,"href":"https:\/\/clearingourpath.ca\/index.php\/wp-json\/wp\/v2\/pages\/705"}],"wp:attachment":[{"href":"https:\/\/clearingourpath.ca\/index.php\/wp-json\/wp\/v2\/media?parent=928"}],"curies":[{"name":"wp","href":"https:\/\/api.w.org\/{rel}","templated":true}]}}