{"id":964,"date":"2022-10-18T18:20:41","date_gmt":"2022-10-18T18:20:41","guid":{"rendered":"https:\/\/clearingourpath.ca\/?page_id=964"},"modified":"2022-10-25T14:45:34","modified_gmt":"2022-10-25T14:45:34","slug":"portes-exterieures","status":"publish","type":"page","link":"https:\/\/clearingourpath.ca\/index.php\/language\/fr\/exigences-generales-de-design\/elements-de-design-exterieur\/portes-exterieures\/","title":{"rendered":"Portes ext\u00e9rieures"},"content":{"rendered":"<p><strong>Dans cette section\u00a0:<\/strong><\/p>\n<ul>\n<li><a href=\"https:\/\/clearingourpath.ca\/index.php\/fr\/exigences-generales-de-design\/elements-de-design-exterieur\/portes-exterieures\/largeur-libre\/\">Largeur libre<\/a><\/li>\n<li><a href=\"https:\/\/clearingourpath.ca\/index.php\/fr\/exigences-generales-de-design\/elements-de-design-exterieur\/portes-exterieures\/actionnement-des-portes\/\">Actionnement des portes<\/a><\/li>\n<li><a href=\"https:\/\/clearingourpath.ca\/index.php\/fr\/exigences-generales-de-design\/elements-de-design-exterieur\/portes-exterieures\/quincaillerie\/\">Quincaillerie<\/a><\/li>\n<li><a href=\"https:\/\/clearingourpath.ca\/index.php\/fr\/exigences-generales-de-design\/elements-de-design-exterieur\/portes-exterieures\/marches\/\">Marches<\/a><\/li>\n<li><a href=\"https:\/\/clearingourpath.ca\/index.php\/fr\/exigences-generales-de-design\/elements-de-design-exterieur\/portes-exterieures\/portes-coulissantes-automatiques\/\">Portes coulissantes automatiques<\/a><\/li>\n<li><a href=\"https:\/\/clearingourpath.ca\/index.php\/fr\/exigences-generales-de-design\/elements-de-design-exterieur\/portes-exterieures\/portes-multiples\/\">Portes multiples<\/a><\/li>\n<li><a href=\"https:\/\/clearingourpath.ca\/index.php\/fr\/exigences-generales-de-design\/elements-de-design-exterieur\/portes-exterieures\/portes-tournantes\/\">Portes tournantes<\/a><\/li>\n<li><a href=\"https:\/\/clearingourpath.ca\/index.php\/fr\/exigences-generales-de-design\/elements-de-design-exterieur\/portes-exterieures\/portes-de-verre-ecrans-vitres-et-fenetres-laterales\/\">Portes de verre, \u00e9crans vitr\u00e9s et fen\u00eatres lat\u00e9rales<\/a><\/li>\n<\/ul>\n","protected":false},"excerpt":{"rendered":"<p>Dans cette section\u00a0: Largeur libre Actionnement des portes Quincaillerie Marches Portes coulissantes automatiques Portes multiples Portes tournantes Portes de verre, \u00e9crans vitr\u00e9s et fen\u00eatres lat\u00e9rales<\/p>\n","protected":false},"author":3,"featured_media":0,"parent":448,"menu_order":6,"comment_status":"closed","ping_status":"closed","template":"","meta":{"_monsterinsights_skip_tracking":false,"_monsterinsights_sitenote_active":false,"_monsterinsights_sitenote_note":"","_monsterinsights_sitenote_category":0,"footnotes":""},"class_list":["post-964","page","type-page","status-publish","hentry"],"_links":{"self":[{"href":"https:\/\/clearingourpath.ca\/index.php\/wp-json\/wp\/v2\/pages\/964","targetHints":{"allow":["GET"]}}],"collection":[{"href":"https:\/\/clearingourpath.ca\/index.php\/wp-json\/wp\/v2\/pages"}],"about":[{"href":"https:\/\/clearingourpath.ca\/index.php\/wp-json\/wp\/v2\/types\/page"}],"author":[{"embeddable":true,"href":"https:\/\/clearingourpath.ca\/index.php\/wp-json\/wp\/v2\/users\/3"}],"replies":[{"embeddable":true,"href":"https:\/\/clearingourpath.ca\/index.php\/wp-json\/wp\/v2\/comments?post=964"}],"version-history":[{"count":4,"href":"https:\/\/clearingourpath.ca\/index.php\/wp-json\/wp\/v2\/pages\/964\/revisions"}],"predecessor-version":[{"id":1057,"href":"https:\/\/clearingourpath.ca\/index.php\/wp-json\/wp\/v2\/pages\/964\/revisions\/1057"}],"up":[{"embeddable":true,"href":"https:\/\/clearingourpath.ca\/index.php\/wp-json\/wp\/v2\/pages\/448"}],"wp:attachment":[{"href":"https:\/\/clearingourpath.ca\/index.php\/wp-json\/wp\/v2\/media?parent=964"}],"curies":[{"name":"wp","href":"https:\/\/api.w.org\/{rel}","templated":true}]}}