{"id":969,"date":"2022-10-18T18:23:07","date_gmt":"2022-10-18T18:23:07","guid":{"rendered":"https:\/\/clearingourpath.ca\/?page_id=969"},"modified":"2022-10-18T18:23:07","modified_gmt":"2022-10-18T18:23:07","slug":"portes-de-verre-ecrans-vitres-et-fenetres-laterales","status":"publish","type":"page","link":"https:\/\/clearingourpath.ca\/index.php\/language\/fr\/exigences-generales-de-design\/elements-de-design-exterieur\/portes-exterieures\/portes-de-verre-ecrans-vitres-et-fenetres-laterales\/","title":{"rendered":"Portes de verre, \u00e9crans vitr\u00e9s et fen\u00eatres lat\u00e9rales"},"content":{"rendered":"<figure id=\"attachment_351\" aria-describedby=\"caption-attachment-351\" style=\"width: 486px\" class=\"wp-caption alignright\"><img loading=\"lazy\" decoding=\"async\" class=\"wp-image-351 size-full\" src=\"https:\/\/clearingourpath.ca\/wp-content\/uploads\/2022\/08\/fig4-7-3.jpg\" alt=\"Trois portes vitr\u00e9es :      La premi\u00e8re porte est un bon exemple de fort contraste de couleur autour du bord d\u2019une porte. \u00c0 la hauteur des yeux, il n\u2019y a toutefois rien qui aide \u00e0 rep\u00e9rer le verre sur la porte.     La deuxi\u00e8me porte a une bande \u00e0 fort contraste \u00e0 la hauteur des yeux et un motif de diagonales entrecrois\u00e9es dans le verre qui facilite la d\u00e9tection.     La troisi\u00e8me porte r\u00e9unit des bordures \u00e0 fort contraste et une mise en \u00e9vidence dans le haut et dans le bas.\" width=\"486\" height=\"343\" srcset=\"https:\/\/clearingourpath.ca\/wp-content\/uploads\/2022\/08\/fig4-7-3.jpg 486w, https:\/\/clearingourpath.ca\/wp-content\/uploads\/2022\/08\/fig4-7-3-300x212.jpg 300w\" sizes=\"auto, (max-width: 486px) 100vw, 486px\" \/><figcaption id=\"caption-attachment-351\" class=\"wp-caption-text\">Trois portes vitr\u00e9es : La premi\u00e8re porte est un bon exemple de fort contraste de couleur autour du bord d\u2019une porte. \u00c0 la hauteur des yeux, il n\u2019y a toutefois rien qui aide \u00e0 rep\u00e9rer le verre sur la porte. La deuxi\u00e8me porte a une bande \u00e0 fort contraste \u00e0 la hauteur des yeux et un motif de diagonales entrecrois\u00e9es dans le verre qui facilite la d\u00e9tection. La troisi\u00e8me porte r\u00e9unit des bordures \u00e0 fort contraste et une mise en \u00e9vidence dans le haut et dans le bas.<\/figcaption><\/figure>\n<p>Les portes de verre sans cadre, les portes enti\u00e8rement vitr\u00e9es (avec cadre), les \u00e9crans vitr\u00e9s et les fen\u00eatres lat\u00e9rales, s\u2019ils ne sont pas con\u00e7us ad\u00e9quatement, peuvent \u00eatre dangereux pour les personnes touch\u00e9es par la c\u00e9cit\u00e9. Ils doivent \u00eatre rendus plus visibles au moyen de panneaux indicateurs, de logos, d\u2019embl\u00e8mes ou d\u2019\u00e9l\u00e9ments d\u00e9coratifs appliqu\u00e9s en bande continue sur le vitrage. La bande doit couvrir le verre sur toute sa largeur juste sous le niveau des yeux, \u00e0 une distance de 1350 \u00e0 1500 mm au-dessus du plancher fini. Elle doit avoir une largeur d\u2019au moins 100 mm et \u00eatre d\u2019une couleur contrastante distincte par rapport \u00e0 l\u2019environnement imm\u00e9diat. Les bords des portes de verre sans cadre doivent aussi \u00eatre mis en \u00e9vidence par des bandes de couleur contrastante.<\/p>\n<p>Il peut aussi \u00eatre utile d\u2019ajouter, plus bas, une deuxi\u00e8me bande \u00e0 une distance de 850 \u00e0 1000 mm au-dessus du sol et une troisi\u00e8me bande \u00e0 150 mm du bas du panneau de verre.<\/p>\n<p>Les bandes de mise en \u00e9vidence sur les portes doivent \u00eatre rep\u00e9rables tant de l\u2019int\u00e9rieur que de l\u2019ext\u00e9rieur de l\u2019\u00e9difice, quelles que soient les conditions d\u2019\u00e9clairage. Des bandes de couleur contrastante sont \u00e9galement requises sur le verre comportant des motifs grav\u00e9s ou des d\u00e9calques. Des bandes grav\u00e9es dans le verre, ou des d\u00e9calques produisant le m\u00eame effet, ne cr\u00e9ent pas un contraste de couleur suffisant pour \u00eatre efficace.<\/p>\n","protected":false},"excerpt":{"rendered":"<p>Les portes de verre sans cadre, les portes enti\u00e8rement vitr\u00e9es (avec cadre), les \u00e9crans vitr\u00e9s et les fen\u00eatres lat\u00e9rales, s\u2019ils ne sont pas con\u00e7us ad\u00e9quatement, peuvent \u00eatre dangereux pour les personnes touch\u00e9es par la c\u00e9cit\u00e9. Ils doivent \u00eatre rendus plus visibles au moyen de panneaux [&hellip;]<\/p>\n","protected":false},"author":3,"featured_media":0,"parent":964,"menu_order":7,"comment_status":"closed","ping_status":"closed","template":"","meta":{"_monsterinsights_skip_tracking":false,"_monsterinsights_sitenote_active":false,"_monsterinsights_sitenote_note":"","_monsterinsights_sitenote_category":0,"footnotes":""},"class_list":["post-969","page","type-page","status-publish","hentry"],"_links":{"self":[{"href":"https:\/\/clearingourpath.ca\/index.php\/wp-json\/wp\/v2\/pages\/969","targetHints":{"allow":["GET"]}}],"collection":[{"href":"https:\/\/clearingourpath.ca\/index.php\/wp-json\/wp\/v2\/pages"}],"about":[{"href":"https:\/\/clearingourpath.ca\/index.php\/wp-json\/wp\/v2\/types\/page"}],"author":[{"embeddable":true,"href":"https:\/\/clearingourpath.ca\/index.php\/wp-json\/wp\/v2\/users\/3"}],"replies":[{"embeddable":true,"href":"https:\/\/clearingourpath.ca\/index.php\/wp-json\/wp\/v2\/comments?post=969"}],"version-history":[{"count":1,"href":"https:\/\/clearingourpath.ca\/index.php\/wp-json\/wp\/v2\/pages\/969\/revisions"}],"predecessor-version":[{"id":970,"href":"https:\/\/clearingourpath.ca\/index.php\/wp-json\/wp\/v2\/pages\/969\/revisions\/970"}],"up":[{"embeddable":true,"href":"https:\/\/clearingourpath.ca\/index.php\/wp-json\/wp\/v2\/pages\/964"}],"wp:attachment":[{"href":"https:\/\/clearingourpath.ca\/index.php\/wp-json\/wp\/v2\/media?parent=969"}],"curies":[{"name":"wp","href":"https:\/\/api.w.org\/{rel}","templated":true}]}}