{"id":982,"date":"2022-10-18T18:31:35","date_gmt":"2022-10-18T18:31:35","guid":{"rendered":"https:\/\/clearingourpath.ca\/?page_id=982"},"modified":"2022-10-18T18:31:35","modified_gmt":"2022-10-18T18:31:35","slug":"amenagement-paysager","status":"publish","type":"page","link":"https:\/\/clearingourpath.ca\/index.php\/language\/fr\/exigences-generales-de-design\/elements-de-design-exterieur\/amenagement-paysager\/","title":{"rendered":"Am\u00e9nagement paysager"},"content":{"rendered":"<p>L\u2019am\u00e9nagement paysager peut \u00eatre mis \u00e0 profit pour aider les personnes touch\u00e9es par la c\u00e9cit\u00e9 \u00e0 trouver leur chemin. Par exemple, des arbustes plant\u00e9s de chaque c\u00f4t\u00e9 des portes principales d\u2019un \u00e9difice peuvent servir d\u2019indicateurs tactiles et olfactifs (parfums) de l\u2019entr\u00e9e de celui-ci.<\/p>\n<p>L\u2019am\u00e9nager paysager peut cependant nuire \u00e0 la facilit\u00e9 d\u2019utilisation des voies de d\u00e9placement s\u2019il empi\u00e8te sur les surfaces de marche et produit des ombres qui r\u00e9duisent la visibilit\u00e9 et ralentissent la fonte de la neige et de la glace. Un entretien continu le long des voies accessibles est important.<\/p>\n<p>Les plantes et autres \u00e9l\u00e9ments d\u2019am\u00e9nagement paysager doivent \u00eatre hors des principales voies de d\u00e9placement. Les bords des platebandes contigu\u00ebs \u00e0 des voies accessibles doivent \u00eatre d\u00e9finis clairement par des bordures ou par des contrastes de couleur et de texture dans les mat\u00e9riaux de pavage. Les obstacles potentiels comme les grilles d\u2019arbres doivent \u00eatre d\u00e9tectables avec une canne. Il ne doit jamais y avoir de cordes ou de c\u00e2bles dans une voie accessible.<\/p>\n<p>Les plantes \u00e9pineuses, toxiques ou \u00e0 grosses gousses et les arbres fruitiers sont \u00e0 \u00e9viter dans les espaces publics et \u00e0 proximit\u00e9 de ceux-ci. En plus d\u2019entraver la voie de d\u00e9placement avec leurs branches, ils pourraient causer des glissades et des chutes en raison des feuilles, fruits ou autres substances qui en tombent. Les objets et la v\u00e9g\u00e9tation en hauteur dans les am\u00e9nagements paysagers d\u2019\u00e9difices ne doivent pas \u00eatre \u00e0 moins de 2030 mm au-dessus du sol le long des voies pi\u00e9tonni\u00e8res.<\/p>\n<p>Les lieux doivent comprendre une aire gazonn\u00e9e ou une zone \u00e0 surface perm\u00e9able o\u00f9 les chiens-guides et autres animaux d\u2019assistance peuvent faire leurs besoins, et une poubelle facilement rep\u00e9rable pour la mise au rebut des d\u00e9chets.<\/p>\n<p>Une v\u00e9g\u00e9tation basse peut servir \u00e0 dissimuler des \u00e9l\u00e9ments de commodit\u00e9 qui doivent \u00eatre pr\u00e9sents, mais qui sont des obstacles potentiels sur des voies pi\u00e9tonni\u00e8res. Par exemple, l\u2019am\u00e9nagement paysager peut tenir lieu de tampon entre les pi\u00e9tons et les bornes d\u2019incendie, les compteurs de gaz et les canalisations pour tuyaux d\u2019incendie tout en permettant au personnel d\u2019entretien et de s\u00e9curit\u00e9 d\u2019y avoir acc\u00e8s facilement.<\/p>\n","protected":false},"excerpt":{"rendered":"<p>L\u2019am\u00e9nagement paysager peut \u00eatre mis \u00e0 profit pour aider les personnes touch\u00e9es par la c\u00e9cit\u00e9 \u00e0 trouver leur chemin. Par exemple, des arbustes plant\u00e9s de chaque c\u00f4t\u00e9 des portes principales d\u2019un \u00e9difice peuvent servir d\u2019indicateurs tactiles et olfactifs (parfums) de l\u2019entr\u00e9e de celui-ci. L\u2019am\u00e9nager paysager [&hellip;]<\/p>\n","protected":false},"author":3,"featured_media":0,"parent":448,"menu_order":3,"comment_status":"closed","ping_status":"closed","template":"","meta":{"_monsterinsights_skip_tracking":false,"_monsterinsights_sitenote_active":false,"_monsterinsights_sitenote_note":"","_monsterinsights_sitenote_category":0,"footnotes":""},"class_list":["post-982","page","type-page","status-publish","hentry"],"_links":{"self":[{"href":"https:\/\/clearingourpath.ca\/index.php\/wp-json\/wp\/v2\/pages\/982","targetHints":{"allow":["GET"]}}],"collection":[{"href":"https:\/\/clearingourpath.ca\/index.php\/wp-json\/wp\/v2\/pages"}],"about":[{"href":"https:\/\/clearingourpath.ca\/index.php\/wp-json\/wp\/v2\/types\/page"}],"author":[{"embeddable":true,"href":"https:\/\/clearingourpath.ca\/index.php\/wp-json\/wp\/v2\/users\/3"}],"replies":[{"embeddable":true,"href":"https:\/\/clearingourpath.ca\/index.php\/wp-json\/wp\/v2\/comments?post=982"}],"version-history":[{"count":1,"href":"https:\/\/clearingourpath.ca\/index.php\/wp-json\/wp\/v2\/pages\/982\/revisions"}],"predecessor-version":[{"id":983,"href":"https:\/\/clearingourpath.ca\/index.php\/wp-json\/wp\/v2\/pages\/982\/revisions\/983"}],"up":[{"embeddable":true,"href":"https:\/\/clearingourpath.ca\/index.php\/wp-json\/wp\/v2\/pages\/448"}],"wp:attachment":[{"href":"https:\/\/clearingourpath.ca\/index.php\/wp-json\/wp\/v2\/media?parent=982"}],"curies":[{"name":"wp","href":"https:\/\/api.w.org\/{rel}","templated":true}]}}