{"id":990,"date":"2022-10-18T18:33:29","date_gmt":"2022-10-18T18:33:29","guid":{"rendered":"https:\/\/clearingourpath.ca\/?page_id=990"},"modified":"2022-11-24T12:20:49","modified_gmt":"2022-11-24T16:20:49","slug":"enlevement-de-la-neige-et-de-la-glace","status":"publish","type":"page","link":"https:\/\/clearingourpath.ca\/index.php\/language\/fr\/exigences-generales-de-design\/elements-de-design-exterieur\/entretien\/enlevement-de-la-neige-et-de-la-glace\/","title":{"rendered":"Enl\u00e8vement de la neige et de la glace"},"content":{"rendered":"<p>Les passages pi\u00e9tonniers, les escaliers, les rampes d\u2019acc\u00e8s et les entr\u00e9es doivent \u00eatre exempts de neige et de glace en tout temps.<\/p>\n<p>La neige et la glace doivent \u00eatre enlev\u00e9es sur toute la largeur des escaliers et des rampes d\u2019acc\u00e8s (y compris les bateaux de trottoir et les bordures surbaiss\u00e9es). Des surfaces chauffantes doivent \u00eatre install\u00e9es sur les rampes d\u2019acc\u00e8s et les escaliers pour faire fondre la neige et la glace.<\/p>\n<p>Les passages pi\u00e9tonniers et les entr\u00e9es doivent \u00eatre d\u00e9neig\u00e9s sur un couloir d\u2019au moins 1200 mm de large, et les rampes de transition entre le trottoir et la rue doivent \u00eatre d\u00e9gag\u00e9es jusqu\u2019\u00e0 celle-ci.<\/p>\n<p>Le sable est \u00e0 pr\u00e9f\u00e9rer au sel sur les surfaces de marche, les rampes d\u2019acc\u00e8s et les escaliers. Le sel peut \u00eatre tr\u00e8s dangereux pour les pattes des chiens-guides et des autres animaux d\u2019assistance.<\/p>\n","protected":false},"excerpt":{"rendered":"<p>Les passages pi\u00e9tonniers, les escaliers, les rampes d\u2019acc\u00e8s et les entr\u00e9es doivent \u00eatre exempts de neige et de glace en tout temps. La neige et la glace doivent \u00eatre enlev\u00e9es sur toute la largeur des escaliers et des rampes d\u2019acc\u00e8s (y compris les bateaux de [&hellip;]<\/p>\n","protected":false},"author":3,"featured_media":0,"parent":452,"menu_order":0,"comment_status":"closed","ping_status":"closed","template":"","meta":{"_monsterinsights_skip_tracking":false,"_monsterinsights_sitenote_active":false,"_monsterinsights_sitenote_note":"","_monsterinsights_sitenote_category":0,"footnotes":""},"class_list":["post-990","page","type-page","status-publish","hentry"],"_links":{"self":[{"href":"https:\/\/clearingourpath.ca\/index.php\/wp-json\/wp\/v2\/pages\/990","targetHints":{"allow":["GET"]}}],"collection":[{"href":"https:\/\/clearingourpath.ca\/index.php\/wp-json\/wp\/v2\/pages"}],"about":[{"href":"https:\/\/clearingourpath.ca\/index.php\/wp-json\/wp\/v2\/types\/page"}],"author":[{"embeddable":true,"href":"https:\/\/clearingourpath.ca\/index.php\/wp-json\/wp\/v2\/users\/3"}],"replies":[{"embeddable":true,"href":"https:\/\/clearingourpath.ca\/index.php\/wp-json\/wp\/v2\/comments?post=990"}],"version-history":[{"count":1,"href":"https:\/\/clearingourpath.ca\/index.php\/wp-json\/wp\/v2\/pages\/990\/revisions"}],"predecessor-version":[{"id":991,"href":"https:\/\/clearingourpath.ca\/index.php\/wp-json\/wp\/v2\/pages\/990\/revisions\/991"}],"up":[{"embeddable":true,"href":"https:\/\/clearingourpath.ca\/index.php\/wp-json\/wp\/v2\/pages\/452"}],"wp:attachment":[{"href":"https:\/\/clearingourpath.ca\/index.php\/wp-json\/wp\/v2\/media?parent=990"}],"curies":[{"name":"wp","href":"https:\/\/api.w.org\/{rel}","templated":true}]}}