{"id":994,"date":"2022-10-20T14:12:55","date_gmt":"2022-10-20T14:12:55","guid":{"rendered":"https:\/\/clearingourpath.ca\/?page_id=994"},"modified":"2022-11-24T12:21:21","modified_gmt":"2022-11-24T16:21:21","slug":"entretien-regulier","status":"publish","type":"page","link":"https:\/\/clearingourpath.ca\/index.php\/language\/fr\/exigences-generales-de-design\/elements-de-design-exterieur\/entretien\/entretien-regulier\/","title":{"rendered":"Entretien r\u00e9gulier"},"content":{"rendered":"<p>Les voies de d\u00e9placement doivent faire l\u2019objet d\u2019inspections fr\u00e9quentes visant \u00e0 d\u00e9celer les asp\u00e9rit\u00e9s et les dommages. Des pav\u00e9s individuels, comme des briques, peuvent produire un contraste textural efficace, mais bougent souvent \u00e0 cause du tassement ou du soul\u00e8vement par le gel et doivent donc \u00eatre v\u00e9rifi\u00e9s r\u00e9guli\u00e8rement, car ils peuvent entra\u00eener un risque de faux pas. Id\u00e9alement, des pav\u00e9s individuels doivent \u00eatre pos\u00e9s sur une sous-structure en b\u00e9ton qui les emp\u00eachera de se d\u00e9placer.<\/p>\n<p>Les probl\u00e8mes doivent \u00eatre r\u00e9par\u00e9s dans les plus brefs d\u00e9lais, de pr\u00e9f\u00e9rence \u00e0 un moment de faible circulation pi\u00e9tonni\u00e8re.<\/p>\n<p>Lorsqu\u2019une voie de d\u00e9placement a besoin de r\u00e9parations ou devient inutilisable en raison de travaux de construction ex\u00e9cut\u00e9s \u00e0 proximit\u00e9, un chemin substitut doit \u00eatre offert.<\/p>\n<p>Autant que possible, les activit\u00e9s d\u2019entretien propos\u00e9es doivent \u00eatre annonc\u00e9es au pr\u00e9alable, pour permettre aux pi\u00e9tons de planifier un autre itin\u00e9raire accessible.<\/p>\n<p>Les chemins temporaires doivent \u00eatre am\u00e9nag\u00e9s de fa\u00e7on logique, selon un design \u00e0 angles droits si possible. S\u2019ils sont utilis\u00e9s pendant une longue p\u00e9riode, ils doivent comporter des rep\u00e8res directionnels tels que<\/p>\n<ul>\n<li>changements texturaux sur la surface de sol;<\/li>\n<li>contraste de couleur;<\/li>\n<li>indicateurs tactiles de guidage sur les surfaces de marche;<\/li>\n<li>information sonore ou tactile en compl\u00e9ment de la signalisation et d\u2019autres syst\u00e8mes de rep\u00e9rage du chemin d\u2019acc\u00e8s.<\/li>\n<\/ul>\n<p>Lorsque ces chemins temporaires longent une voie de circulation automobile, une barri\u00e8re physique doit s\u00e9parer les pi\u00e9tons des v\u00e9hicules.<\/p>\n","protected":false},"excerpt":{"rendered":"<p>Les voies de d\u00e9placement doivent faire l\u2019objet d\u2019inspections fr\u00e9quentes visant \u00e0 d\u00e9celer les asp\u00e9rit\u00e9s et les dommages. Des pav\u00e9s individuels, comme des briques, peuvent produire un contraste textural efficace, mais bougent souvent \u00e0 cause du tassement ou du soul\u00e8vement par le gel et doivent donc [&hellip;]<\/p>\n","protected":false},"author":3,"featured_media":0,"parent":452,"menu_order":1,"comment_status":"closed","ping_status":"closed","template":"","meta":{"_monsterinsights_skip_tracking":false,"_monsterinsights_sitenote_active":false,"_monsterinsights_sitenote_note":"","_monsterinsights_sitenote_category":0,"footnotes":""},"class_list":["post-994","page","type-page","status-publish","hentry"],"_links":{"self":[{"href":"https:\/\/clearingourpath.ca\/index.php\/wp-json\/wp\/v2\/pages\/994","targetHints":{"allow":["GET"]}}],"collection":[{"href":"https:\/\/clearingourpath.ca\/index.php\/wp-json\/wp\/v2\/pages"}],"about":[{"href":"https:\/\/clearingourpath.ca\/index.php\/wp-json\/wp\/v2\/types\/page"}],"author":[{"embeddable":true,"href":"https:\/\/clearingourpath.ca\/index.php\/wp-json\/wp\/v2\/users\/3"}],"replies":[{"embeddable":true,"href":"https:\/\/clearingourpath.ca\/index.php\/wp-json\/wp\/v2\/comments?post=994"}],"version-history":[{"count":1,"href":"https:\/\/clearingourpath.ca\/index.php\/wp-json\/wp\/v2\/pages\/994\/revisions"}],"predecessor-version":[{"id":995,"href":"https:\/\/clearingourpath.ca\/index.php\/wp-json\/wp\/v2\/pages\/994\/revisions\/995"}],"up":[{"embeddable":true,"href":"https:\/\/clearingourpath.ca\/index.php\/wp-json\/wp\/v2\/pages\/452"}],"wp:attachment":[{"href":"https:\/\/clearingourpath.ca\/index.php\/wp-json\/wp\/v2\/media?parent=994"}],"curies":[{"name":"wp","href":"https:\/\/api.w.org\/{rel}","templated":true}]}}